{"id":7891,"date":"2025-12-15T10:00:36","date_gmt":"2025-12-15T10:00:36","guid":{"rendered":"https:\/\/thestagdoideas.com\/?post_type=product&#038;p=7891"},"modified":"2025-12-18T09:16:03","modified_gmt":"2025-12-18T09:16:03","slug":"tour-in-barca-a-lisbona","status":"publish","type":"product","link":"https:\/\/thestagdoideas.com\/it\/attivita\/tour-in-barca-a-lisbona\/","title":{"rendered":"Tour in barca a Lisbona"},"content":{"rendered":"<h2 data-start=\"302\" data-end=\"380\"><strong data-start=\"304\" data-end=\"380\">Scopri il miglior tour in barca di Lisbona: Un modo unico per esplorare la citt\u00e0<\/strong><\/h2>\n<p data-start=\"403\" data-end=\"869\">Se siete alla ricerca di un modo indimenticabile per esplorare la splendida citt\u00e0 di Lisbona, una <strong data-start=\"488\" data-end=\"511\">tour in barca Lisbona<\/strong> \u00e8 la scelta perfetta. Sia che stiate ammirando la citt\u00e0 dal fiume Tago, sia che stiate ammirando le viste mozzafiato della costa, <strong data-start=\"634\" data-end=\"655\">Tour in barca a Lisbona<\/strong> offrono una prospettiva unica su questa affascinante capitale europea.<\/p>\n<p data-start=\"403\" data-end=\"869\">Con cos\u00ec tante cose da vedere e da fare, un <strong data-start=\"748\" data-end=\"780\">tour in barca a Lisbona Portogallo<\/strong> \u00e8 il modo ideale per sperimentare la bellezza di Lisbona rilassandosi e immergendosi nei panorami.<\/p>\n<p data-start=\"871\" data-end=\"1250\">A <strong data-start=\"874\" data-end=\"895\">T<a href=\"https:\/\/thestagdoideas.com\/it\/\">idee per l'addio al celibato<\/a><\/strong>Crediamo che il modo migliore per sfruttare al meglio il tempo trascorso a Lisbona sia quello di salpare su una delle incredibili navi da crociera. <strong data-start=\"1010\" data-end=\"1040\">tour in barca Lisbona Portogallo<\/strong> ha da offrire. Dalle romantiche crociere al tramonto alle avventurose esperienze di navigazione, vi guideremo attraverso tutto ci\u00f2 che c'\u00e8 da sapere su questi tour panoramici in barca e sul perch\u00e9 sono una tappa obbligata del vostro itinerario a Lisbona.<\/p>\n<h3 data-start=\"1252\" data-end=\"1292\"><strong data-start=\"1255\" data-end=\"1292\">Perch\u00e9 scegliere un tour in barca a Lisbona?<\/strong><\/h3>\n<p data-start=\"1294\" data-end=\"1581\"><a href=\"https:\/\/thestagdoideas.com\/it\/addio-al-celibato-a-lisbona\/\">Lisbona<\/a>La ricca storia, la splendida architettura e le incredibili viste sulla costa ne fanno una delle citt\u00e0 pi\u00f9 affascinanti d'Europa. Sebbene ci siano molti modi per esplorarla, un <strong data-start=\"1460\" data-end=\"1480\">tour in barca Lisbona<\/strong> offre qualcosa di veramente speciale. Ecco perch\u00e9 un <strong data-start=\"1526\" data-end=\"1546\">Tour in barca di Lisbona<\/strong> dovrebbe essere in cima alla lista:<\/p>\n<h4 data-start=\"1583\" data-end=\"1637\"><strong data-start=\"1587\" data-end=\"1637\">1. Viste mozzafiato dei luoghi simbolo di Lisbona<\/strong><\/h4>\n<p data-start=\"1639\" data-end=\"1853\">Uno dei migliori motivi per prendere un <strong data-start=\"1673\" data-end=\"1696\">tour in barca a Lisbona<\/strong> \u00e8 la possibilit\u00e0 di vedere i luoghi pi\u00f9 rappresentativi della citt\u00e0 dall'acqua. Il fiume Tago, che scorre nel cuore di Lisbona, offre magnifiche vedute di:<\/p>\n<ul data-start=\"1854\" data-end=\"2340\">\n<li data-start=\"1854\" data-end=\"1966\">\n<p data-start=\"1856\" data-end=\"1966\"><strong data-start=\"1856\" data-end=\"1884\">Il ponte del 25 aprile<\/strong>: La versione di Lisbona del Golden Gate Bridge, che offre un'opportunit\u00e0 fotografica unica.<\/p>\n<\/li>\n<li data-start=\"1967\" data-end=\"2076\">\n<p data-start=\"1969\" data-end=\"2076\"><strong data-start=\"1969\" data-end=\"1984\">Torre di Belem<\/strong>: Questo sito, Patrimonio dell'Umanit\u00e0 dell'UNESCO, \u00e8 uno dei luoghi pi\u00f9 famosi e fotografati di Lisbona.<\/p>\n<\/li>\n<li data-start=\"2077\" data-end=\"2203\">\n<p data-start=\"2079\" data-end=\"2203\"><strong data-start=\"2079\" data-end=\"2108\">Padr\u00e3o dos Descobrimentos<\/strong>: Uno splendido monumento dedicato all'esplorazione marittima del Portogallo durante l'Et\u00e0 delle Scoperte.<\/p>\n<\/li>\n<li data-start=\"2204\" data-end=\"2340\">\n<p data-start=\"2206\" data-end=\"2340\"><strong data-start=\"2206\" data-end=\"2225\">Quartiere Alfama<\/strong>: L'affascinante quartiere, con le sue stradine e gli edifici antichi, pu\u00f2 essere visto da una prospettiva completamente nuova.<\/p>\n<\/li>\n<\/ul>\n<p data-start=\"2342\" data-end=\"2512\">Sia che stiate navigando al tramonto o durante il giorno, <strong data-start=\"2395\" data-end=\"2416\">Tour in barca a Lisbona<\/strong> offrono un modo fantastico per vedere queste famose attrazioni godendo di un momento di relax sull'acqua.<\/p>\n<h4 data-start=\"2514\" data-end=\"2560\"><strong data-start=\"2518\" data-end=\"2560\">2. Perfetto per ogni tipo di viaggiatore<\/strong><\/h4>\n<p data-start=\"2562\" data-end=\"2696\">Non importa che tipo di viaggiatore siate, <strong data-start=\"2604\" data-end=\"2625\">tour in barca Lisbona<\/strong> possono essere adattati alle vostre esigenze. Ecco alcune opzioni da considerare:<\/p>\n<ul data-start=\"2698\" data-end=\"3547\">\n<li data-start=\"2698\" data-end=\"2946\">\n<p data-start=\"2700\" data-end=\"2946\"><strong data-start=\"2700\" data-end=\"2727\">Crociere romantiche al tramonto<\/strong>: Se siete alla ricerca di un'esperienza rilassante e romantica, optate per una <strong data-start=\"2794\" data-end=\"2824\">tour in barca al tramonto a Lisbona<\/strong>. Guardate il sole scendere sotto l'orizzonte sorseggiando vino con la persona amata, mentre le luci della citt\u00e0 scintillano in lontananza.<\/p>\n<\/li>\n<li data-start=\"2947\" data-end=\"3145\">\n<p data-start=\"2949\" data-end=\"3145\"><strong data-start=\"2949\" data-end=\"2974\">Noleggio di barche private<\/strong>: Per chi cerca un'esperienza di lusso, \u00e8 possibile noleggiare uno yacht privato per una giornata di relax e visite turistiche. Perfetto per le occasioni speciali o per un addio al celibato memorabile.<\/p>\n<\/li>\n<li data-start=\"3146\" data-end=\"3358\">\n<p data-start=\"3148\" data-end=\"3358\"><strong data-start=\"3148\" data-end=\"3168\">Tour in barca per feste<\/strong>: Se siete qui con amici, un <strong data-start=\"3201\" data-end=\"3227\">Festa in barca a Lisbona<\/strong> potrebbe essere l'opzione perfetta. Ballate, bevete e fate festa mentre navigate lungo il fiume Tago, godendovi lo splendido scenario.<\/p>\n<\/li>\n<li data-start=\"3359\" data-end=\"3547\">\n<p data-start=\"3361\" data-end=\"3547\"><strong data-start=\"3361\" data-end=\"3394\">Tour storici e culturali<\/strong>: Per gli amanti della storia, ci sono tour in barca che si immergono nell'affascinante storia marittima di Lisbona, offrendo una visione pi\u00f9 profonda del passato della citt\u00e0.<\/p>\n<\/li>\n<\/ul>\n<p data-start=\"3549\" data-end=\"3670\">Non importa quali siano i vostri interessi o le dimensioni del gruppo, <strong data-start=\"3589\" data-end=\"3619\">tour in barca Lisbona Portogallo<\/strong> pu\u00f2 offrire un'esperienza unica e indimenticabile.<\/p>\n<h4 data-start=\"3672\" data-end=\"3728\"><strong data-start=\"3676\" data-end=\"3728\">3. Vivere la citt\u00e0 da una prospettiva unica<\/strong><\/h4>\n<p data-start=\"3730\" data-end=\"4060\">Anche se passeggiare per Lisbona \u00e8 incredibile, vedere la citt\u00e0 dall'acqua offre una prospettiva completamente nuova. Il contrasto tra il fiume, gli edifici storici e il moderno skyline di Lisbona crea una scena meravigliosa. Che si tratti di un tour fluviale rilassato o di un'avventurosa esperienza di navigazione, la vista \u00e8 semplicemente impareggiabile.<\/p>\n<p data-start=\"4062\" data-end=\"4294\">Su un <strong data-start=\"4067\" data-end=\"4087\">tour in barca Lisbona<\/strong>Avrete anche la possibilit\u00e0 di esplorare le gemme nascoste di Lisbona che sono accessibili solo via acqua. Dalle spiagge tranquille ai tranquilli villaggi di pescatori, potrete esplorare parti di Lisbona fuori dai sentieri battuti.<\/p>\n<h2 data-start=\"4296\" data-end=\"4332\"><strong data-start=\"4299\" data-end=\"4332\">Tipi di tour in barca a Lisbona<\/strong><\/h2>\n<p>Esistono diversi tipi di <strong data-start=\"4361\" data-end=\"4382\">tour in barca Lisbona<\/strong> che si adattano a diverse preferenze, per cui vediamo i pi\u00f9 diffusi.<\/p>\n<h4 data-start=\"4463\" data-end=\"4498\"><strong data-start=\"4467\" data-end=\"4498\">1. Tour classico in barca di Lisbona: <\/strong><\/h4>\n<p data-start=\"4463\" data-end=\"4498\">Il classico <strong data-start=\"4512\" data-end=\"4542\">tour in barca Lisbona Portogallo<\/strong> sono in genere crociere di una o due ore che vi porteranno lungo le<a href=\"https:\/\/en.wikipedia.org\/wiki\/Tagus\"> Fiume Tago<\/a> per vedere i principali punti di riferimento della citt\u00e0. Tra cui la Torre di Belem, il quartiere Alfama e il Ponte del 25 aprile. Questi tour includono spesso commenti dal vivo da parte della guida, che racconta fatti affascinanti sulla storia, la cultura e i punti di riferimento della citt\u00e0.<\/p>\n<p>\u00c8 l'opzione perfetta per chi desidera una rapida panoramica del lungomare di Lisbona.<\/p>\n<h4 data-start=\"4960\" data-end=\"4985\"><strong data-start=\"4964\" data-end=\"4985\">2. Crociere al tramonto: <\/strong><\/h4>\n<p data-start=\"4960\" data-end=\"4985\">Per un'esperienza pi\u00f9 romantica e rilassata, <strong data-start=\"5031\" data-end=\"5059\">tour in barca al tramonto Lisbona<\/strong> offrono una vista mozzafiato del sole che tramonta sul fiume. La maggior parte delle crociere al tramonto offre bevande a bordo, creando un'atmosfera tranquilla e magica mentre si galleggia sull'acqua. \u00c8 un modo fantastico per rilassarsi dopo una giornata di visite turistiche.<\/p>\n<h4 data-start=\"5299\" data-end=\"5331\"><strong data-start=\"5303\" data-end=\"5331\">3. Noleggio di imbarcazioni private: <\/strong><\/h4>\n<p data-start=\"5299\" data-end=\"5331\">Per coloro che desiderano aggiungere un tocco di lusso alla loro visita, il noleggio di una barca o di uno yacht privato \u00e8 un'opzione fantastica.<\/p>\n<p data-start=\"5299\" data-end=\"5331\">Con il noleggio di una barca privata, avrete la barca tutta per voi, per un'esperienza personalizzata. Potrete rilassarvi, sorseggiare un drink e ammirare le attrazioni al vostro ritmo. I tour privati spesso includono anche opzioni per il catering. Questo lo rende perfetto per una festa, che sia un addio al celibato, un compleanno o un'occasione speciale.<\/p>\n<h4 data-start=\"5769\" data-end=\"5797\"><strong data-start=\"5773\" data-end=\"5797\"><a href=\"https:\/\/thestagdoideas.com\/it\/festa-in-barca-a-lisbona\/\">4. Festa in barca a Lisbona:<\/a> <\/strong><\/h4>\n<p data-start=\"5769\" data-end=\"5797\">A <strong data-start=\"5801\" data-end=\"5822\">Festa in barca a Lisbona<\/strong> \u00e8 un ottimo modo per vivere la citt\u00e0 in un'atmosfera divertente e vivace. Ideali per i gruppi, questi tour sono accompagnati da musica, bevande e molte opportunit\u00e0 per ballare e socializzare. Le feste in barca a Lisbona si svolgono spesso lungo il fiume. Offrono una vista spettacolare della citt\u00e0 e un'atmosfera divertente e festaiola che voi e i vostri amici ricorderete per sempre.<\/p>\n<h4 data-start=\"6173\" data-end=\"6197\"><strong data-start=\"6177\" data-end=\"6197\">5. Gite in barca a vela: <\/strong><\/h4>\n<p data-start=\"6173\" data-end=\"6197\">Per qualcosa di pi\u00f9 avventuroso, <strong data-start=\"6240\" data-end=\"6264\">tour in barca a vela Lisbona<\/strong> sono un modo eccitante per godersi Lisbona dall'acqua. Questi tour sono spesso pi\u00f9 pratici e vi danno la possibilit\u00e0 di imparare le basi della navigazione a vela mentre ammirate il panorama. I tour in barca a vela sono perfetti per chi vuole provare qualcosa di nuovo e vivere Lisbona in modo pi\u00f9 attivo.<\/p>\n<h4 data-start=\"6545\" data-end=\"6591\"><strong data-start=\"6548\" data-end=\"6591\">Il momento migliore per fare un tour in barca a Lisbona<\/strong><\/h4>\n<p data-start=\"6593\" data-end=\"6830\">Lisbona gode di un clima mediterraneo, per cui \u00e8 possibile prendere un <strong data-start=\"6650\" data-end=\"6670\">tour in barca Lisbona<\/strong> durante la maggior parte dell'anno. Tuttavia, per un'esperienza ottimale, i mesi da maggio a settembre offrono il clima pi\u00f9 caldo e le condizioni migliori per le escursioni in barca.<\/p>\n<p data-start=\"6832\" data-end=\"7054\">Se siete in visita durante l'inverno o la primavera, non preoccupatevi! Grazie al clima mite di Lisbona, i tour in battello sono disponibili tutto l'anno e vi regaleranno comunque panorami mozzafiato, anche se nei mesi pi\u00f9 freddi \u00e8 meglio portare con s\u00e9 una giacca.<\/p>\n<h4 data-start=\"7056\" data-end=\"7096\"><strong data-start=\"7059\" data-end=\"7096\">Come prenotare un tour in barca a Lisbona<\/strong><\/h4>\n<p data-start=\"7098\" data-end=\"7491\">Prenotare il vostro <strong data-start=\"7111\" data-end=\"7141\">tour in barca Lisbona Portogallo<\/strong> non potrebbe essere pi\u00f9 facile. Ci sono molte opzioni online, dove \u00e8 possibile visualizzare diversi pacchetti di tour in barca, orari e prezzi. Alcuni tour possono essere prenotati in anticipo, mentre altri possono essere disponibili per prenotazioni all'ultimo minuto, soprattutto durante le stagioni turistiche di punta. Assicuratevi di controllare le recensioni per essere sicuri di prenotare con un'azienda affidabile.<\/p>\n<p data-start=\"7493\" data-end=\"7729\">A <a href=\"https:\/\/thestagdoideas.com\/it\/\"><strong data-start=\"7496\" data-end=\"7517\">Idee per l'addio al celibato<\/strong><\/a>possiamo aiutarvi a organizzare la migliore <strong data-start=\"7552\" data-end=\"7576\">tour in barca a Lisbona<\/strong> per il vostro gruppo. Che siate alla ricerca di una crociera rilassante, di una barca per feste o di un'esperienza di yacht privato, troveremo l'opzione perfetta per le vostre esigenze.<\/p>\n<h2 data-start=\"7731\" data-end=\"7748\"><strong data-start=\"7734\" data-end=\"7748\">Festa in barca<\/strong><\/h2>\n<p data-start=\"7750\" data-end=\"8177\">Se state pianificando un viaggio a Lisbona, una <strong data-start=\"7789\" data-end=\"7809\">tour in barca Lisbona<\/strong> \u00e8 un'esperienza assolutamente da non perdere. Con l'opportunit\u00e0 di vedere la citt\u00e0 dall'acqua, di godere di viste uniche dei monumenti di Lisbona e di rilassarsi con un drink a bordo. I tour in barca di Lisbona sono il modo perfetto per scoprire la bellezza di questa vivace citt\u00e0.<\/p>\n<p data-start=\"7750\" data-end=\"8177\">Che siate alla ricerca di una crociera classica, di una navigazione al tramonto o di un'indimenticabile festa in barca, Lisbona ha qualcosa per tutti i gusti.<\/p>\n<p data-start=\"8179\" data-end=\"8309\">Siete pronti a esplorare Lisbona in barca? Lasciate che <strong data-start=\"8216\" data-end=\"8237\">Idee per l'addio al celibato<\/strong> aiutarvi a prenotare il perfetto <strong data-start=\"8264\" data-end=\"8294\">tour in barca Lisbona Portogallo<\/strong> per il vostro viaggio!<\/p>","protected":false},"excerpt":{"rendered":"<p>Discover the Best Boat Tour Lisbon: A Unique Way to Explore the City If you&#8217;re looking for an unforgettable way to explore the stunning city of Lisbon, a boat tour Lisbon is the perfect choice. Whether you&#8217;re admiring the city from the Tagus River or taking in the breathtaking coastal views, Lisbon boat tours offer [&#8230;]\n","protected":false},"featured_media":7892,"comment_status":"closed","ping_status":"closed","template":"","meta":{"om_disable_all_campaigns":false,"_monsterinsights_skip_tracking":false,"_monsterinsights_sitenote_active":false,"_monsterinsights_sitenote_note":"","_monsterinsights_sitenote_category":0},"product_brand":[],"product_cat":[391],"product_tag":[],"class_list":{"0":"post-7891","1":"product","2":"type-product","3":"status-publish","4":"has-post-thumbnail","6":"product_cat-lisbon","8":"first","9":"instock","10":"shipping-taxable","11":"purchasable","12":"product-type-simple"},"aioseo_notices":[],"_links":{"self":[{"href":"https:\/\/thestagdoideas.com\/it\/wp-json\/wp\/v2\/product\/7891","targetHints":{"allow":["GET"]}}],"collection":[{"href":"https:\/\/thestagdoideas.com\/it\/wp-json\/wp\/v2\/product"}],"about":[{"href":"https:\/\/thestagdoideas.com\/it\/wp-json\/wp\/v2\/types\/product"}],"replies":[{"embeddable":true,"href":"https:\/\/thestagdoideas.com\/it\/wp-json\/wp\/v2\/comments?post=7891"}],"wp:featuredmedia":[{"embeddable":true,"href":"https:\/\/thestagdoideas.com\/it\/wp-json\/wp\/v2\/media\/7892"}],"wp:attachment":[{"href":"https:\/\/thestagdoideas.com\/it\/wp-json\/wp\/v2\/media?parent=7891"}],"wp:term":[{"taxonomy":"product_brand","embeddable":true,"href":"https:\/\/thestagdoideas.com\/it\/wp-json\/wp\/v2\/product_brand?post=7891"},{"taxonomy":"product_cat","embeddable":true,"href":"https:\/\/thestagdoideas.com\/it\/wp-json\/wp\/v2\/product_cat?post=7891"},{"taxonomy":"product_tag","embeddable":true,"href":"https:\/\/thestagdoideas.com\/it\/wp-json\/wp\/v2\/product_tag?post=7891"}],"curies":[{"name":"wp","href":"https:\/\/api.w.org\/{rel}","templated":true}]}}