{"id":6695,"date":"2025-06-03T15:24:53","date_gmt":"2025-06-03T13:24:53","guid":{"rendered":"https:\/\/thestagdoideas.com\/?post_type=product&#038;p=6695"},"modified":"2025-06-03T15:46:21","modified_gmt":"2025-06-03T13:46:21","slug":"festa-in-barca-split-croazia","status":"publish","type":"product","link":"https:\/\/thestagdoideas.com\/it\/attivita\/festa-in-barca-split-croazia\/","title":{"rendered":"Festa in barca a Spalato Croazia"},"content":{"rendered":"<h2 data-start=\"938\" data-end=\"991\"><strong data-start=\"941\" data-end=\"991\">Perch\u00e9 scegliere una festa in barca a Split Croacia? \ud83d\udee5\ufe0f<\/strong><\/h2>\n<p data-start=\"993\" data-end=\"1199\">La Croazia \u00e8 famosa per la sua splendida costa, le sue acque cristalline e le sue <em data-start=\"1065\" data-end=\"1074\">perfetto<\/em> tempo. E se state cercando il modo migliore per godervi tutto questo con gli amici, un Boat Party Split Croacia \u00e8 la soluzione giusta.<\/p>\n<h3 data-start=\"1201\" data-end=\"1274\"><strong data-start=\"1205\" data-end=\"1272\">1. Posizione perfetta: Spalato - Il cuore della scena festaiola della Croazia<\/strong><\/h3>\n<p data-start=\"1275\" data-end=\"1614\">Spalato non \u00e8 solo la seconda citt\u00e0 pi\u00f9 grande della Croazia, ma \u00e8 anche una delle citt\u00e0 pi\u00f9 grandi della Croazia. <strong data-start=\"1349\" data-end=\"1367\">capitali di partito<\/strong> del paese! Con le sue bellissime spiagge, la sua vivace vita notturna e le sue icone. <strong data-start=\"1442\" data-end=\"1465\">Palazzo di Diocleziano<\/strong>Spalato \u00e8 il parco giochi per eccellenza per chi vuole divertirsi. Ma perch\u00e9 rimanere sulla terraferma quando si pu\u00f2 andare in <strong data-start=\"1581\" data-end=\"1594\">mare aperto<\/strong> e lasciarsi andare? \ud83d\udea4\ud83d\udc83<\/p>\n<h3 data-start=\"1616\" data-end=\"1660\"><strong data-start=\"1620\" data-end=\"1658\">2. Vista mozzafiato + musica epica<\/strong><\/h3>\n<p data-start=\"1661\" data-end=\"1943\">Festa in barca a Split Croacia - Immaginate di navigare in <strong data-start=\"1682\" data-end=\"1698\">Mare Adriatico<\/strong>con il sole che splende, la brezza fresca tra i capelli e la vostra musica preferita che risuona dall'impianto audio della barca. Lo sfondo? La splendida costa di Spalato, punteggiata di isole, e le bellissime <strong data-start=\"1906\" data-end=\"1921\">Collina di Marjan<\/strong>. C'\u00e8 bisogno di dire altro? \ud83d\ude0e<\/p>\n<h3 data-start=\"1945\" data-end=\"1990\"><strong data-start=\"1949\" data-end=\"1988\">3. Tutto il divertimento, niente stress<\/strong><\/h3>\n<p data-start=\"1991\" data-end=\"2289\">La parte migliore? Non dovete preoccuparvi di nulla. Ci occupiamo noi della barca, dell'equipaggio, delle bevande e di tutta la logistica. Tutto ci\u00f2 che dovete fare \u00e8 presentarvi pronti a festeggiare! Sia che vogliate sorseggiare cocktail, ballare sul ponte o semplicemente rilassarvi con i vostri amici, un <strong data-start=\"2248\" data-end=\"2271\">festa in barca a Spalato<\/strong> offre tutto. \ud83e\udd42<\/p>\n<h2 data-start=\"2296\" data-end=\"2360\"><strong data-start=\"2299\" data-end=\"2355\">Cosa aspettarsi sulla vostra barca da festa a Spalato, in Croazia?<\/strong> \ud83d\udea4\ud83c\udfb6<\/h2>\n<p data-start=\"2362\" data-end=\"2522\">Ecco i dettagli su ci\u00f2 che potete aspettarvi dal vostro <strong data-start=\"2414\" data-end=\"2442\">Festa in barca a Spalato in Croazia<\/strong>, organizzato da <strong data-start=\"2457\" data-end=\"2478\">Idee per l'addio al celibato<\/strong>. Fidatevi di noi, questo sar\u00e0 <strong data-start=\"2510\" data-end=\"2518\">EPIC<\/strong>. \ud83d\udca5<\/p>\n<p data-start=\"2524\" data-end=\"2567\"><strong data-start=\"2528\" data-end=\"2567\">1. Barca per feste private solo per voi! <\/strong>Non c'\u00e8 bisogno di mescolarsi con estranei (a meno che non lo vogliate, ovviamente!). Quando prenotate con <strong data-start=\"2654\" data-end=\"2675\">Idee per l'addio al celibato<\/strong>Avrete a disposizione una barca privata per il vostro equipaggio. Il trattamento VIP \u00e8 fondamentale in questo viaggio esclusivo! \ud83d\udee5\ufe0f<\/p>\n<p data-start=\"2792\" data-end=\"2837\"><strong data-start=\"2796\" data-end=\"2832\">2. DJ di prim'ordine e musica da festa<\/strong> \ud83c\udfa7: Che siate amanti dell'EDM, della musica house o di un po' di musica classica, le nostre barche per feste sono dotate di DJ professionisti che sanno come mantenere alta l'energia. Preparatevi a scendere in pista (s\u00ec, c'\u00e8 un ponte per ballare!) con le vostre mosse migliori sotto il sole della Croazia. \ud83c\udf1e\ud83c\udfb6<\/p>\n<p data-start=\"3113\" data-end=\"3155\"><strong data-start=\"3117\" data-end=\"3155\">3. Bevande e cocktail illimitati \ud83c\udf78: <\/strong>Cos'\u00e8 una festa in barca senza <strong data-start=\"3184\" data-end=\"3197\">cocktail<\/strong>? Vi copriamo con un open bar con birra, vino e alcolici. Se vi sentite eleganti, chiedete un cocktail d'autore: abbiamo qualche asso nella manica. Inoltre, la parte migliore \u00e8 che tutte le bevande sono incluse nel pacchetto. Quindi, godetevi il secondo giro di mojito!<\/p>\n<p data-start=\"3487\" data-end=\"3533\"><strong data-start=\"3491\" data-end=\"3531\">4. Fermate per il nuoto e le immersioni dalla scogliera \ud83c\udfd6\ufe0f: <\/strong>Non si tratta di un semplice giro in barca, ma di una vera e propria avventura! Preparatevi a <strong data-start=\"3604\" data-end=\"3622\">soste per il nuoto<\/strong> alle pi\u00f9 belle spiagge e insenature lungo la costa di Spalato. Pensate alle acque turchesi e ai luoghi appartati in cui potete rinfrescarvi o saltare dalle scogliere per <strong data-start=\"3787\" data-end=\"3806\">scarica di adrenalina<\/strong>. \ud83d\udcf8<\/p>\n<p data-start=\"3812\" data-end=\"3866\"><strong data-start=\"3816\" data-end=\"3864\">5. Festeggiare con l'equipaggio in mare aperto \ud83c\udf0a: <\/strong>Sul vostro <strong data-start=\"3875\" data-end=\"3897\">Festa in barca in Croazia<\/strong>Vi divertirete come non mai ballando, bevendo e immergendovi nell'atmosfera con i vostri amici. \u00c8 un'occasione per creare ricordi indimenticabili mentre si naviga tra le splendide <strong data-start=\"4084\" data-end=\"4100\">Mare Adriatico<\/strong>. \ud83d\udd7a\ud83d\udc83<\/p>\n<h2 data-start=\"4113\" data-end=\"4184\"><strong data-start=\"4116\" data-end=\"4181\">Perch\u00e9 prenotare con The Stag Do Ideas per la vostra festa in barca a Spalato?<\/strong> \ud83c\udfc6<\/h2>\n<p data-start=\"4186\" data-end=\"4392\">Boat Party Split Croacia - Non siamo organizzatori di eventi qualsiasi, siamo specializzati nel creare <strong data-start=\"4248\" data-end=\"4274\">addio al celibato indimenticabile<\/strong> e <strong data-start=\"4279\" data-end=\"4300\">esperienze di festa<\/strong>. Ecco perch\u00e9 <strong data-start=\"4313\" data-end=\"4334\">Idee per l'addio al celibato<\/strong> \u00e8 la scelta migliore per il vostro <strong data-start=\"4363\" data-end=\"4391\">Festa in barca a Spalato in Croazia<\/strong>:<\/p>\n<p data-start=\"4394\" data-end=\"4420\"><strong data-start=\"4398\" data-end=\"4418\">1. Esperti locali: <\/strong>Conosciamo Split dentro e fuori. Dalle migliori opzioni per le imbarcazioni ai luoghi pi\u00f9 cool per le feste, abbiamo le conoscenze degli addetti ai lavori per rendere la vostra esperienza perfetta e incredibile.<\/p>\n<p data-start=\"4588\" data-end=\"4621\"><strong data-start=\"4592\" data-end=\"4619\">2. Pianificazione senza stress: <\/strong>Ammettiamolo, organizzare una festa pu\u00f2 essere stressante. Ma con <strong data-start=\"4681\" data-end=\"4702\">Idee per l'addio al celibato<\/strong>Potete dimenticarvi di tutte le seccature. Ci occuperemo di tutti i dettagli, in modo che possiate concentrarvi sul divertimento e sulla creazione di ricordi.<\/p>\n<p data-start=\"4827\" data-end=\"4861\"><strong data-start=\"4831\" data-end=\"4859\">3. Pacchetti personalizzabili: <\/strong>Non tutti fanno festa allo stesso modo. Ecco perch\u00e9 offriamo <strong data-start=\"4917\" data-end=\"4953\">pacchetti personalizzati per feste in barca<\/strong> per adattarsi alla vostra atmosfera. Che siate alla ricerca di una crociera rilassante o di un vero e proprio rave sull'acqua, noi lo faremo!<\/p>\n<p data-start=\"5075\" data-end=\"5100\"><strong data-start=\"5079\" data-end=\"5098\">4. La sicurezza prima di tutto: <\/strong>Sebbene ci piaccia fare festa, diamo anche priorit\u00e0 alla sicurezza. Le nostre barche sono dotate di tutte le attrezzature di sicurezza necessarie e il nostro equipaggio esperto assicura che tutti si divertano, in modo responsabile.<\/p>\n<h2 data-start=\"5301\" data-end=\"5374\"><strong data-start=\"5304\" data-end=\"5371\">Consigli per sfruttare al meglio la vostra esperienza in barca a Spalato<\/strong> \ud83c\udf1f<\/h2>\n<ul data-start=\"5376\" data-end=\"5768\">\n<li data-start=\"5376\" data-end=\"5430\">\n<p data-start=\"5378\" data-end=\"5430\"><strong data-start=\"5378\" data-end=\"5394\">Arrivare in anticipo<\/strong> per ottenere il posto migliore sulla barca!<\/p>\n<\/li>\n<li data-start=\"5431\" data-end=\"5516\">\n<p data-start=\"5433\" data-end=\"5516\"><strong data-start=\"5433\" data-end=\"5462\">Indossare un abbigliamento comodo<\/strong> e <strong data-start=\"5467\" data-end=\"5480\">protezione solare<\/strong> - sarete al sole per ore!<\/p>\n<\/li>\n<li data-start=\"5517\" data-end=\"5600\">\n<p data-start=\"5519\" data-end=\"5600\"><strong data-start=\"5519\" data-end=\"5542\">Portate il vostro costume da bagno<\/strong> per un tuffo nell'Adriatico (faremo molte soste).<\/p>\n<\/li>\n<li data-start=\"5601\" data-end=\"5691\">\n<p data-start=\"5603\" data-end=\"5691\"><strong data-start=\"5603\" data-end=\"5620\">Rimanere idratati<\/strong> - con acqua! Non dimenticatevi di darvi un po' di ritmo con i cocktail. \ud83c\udf79<\/p>\n<\/li>\n<li data-start=\"5692\" data-end=\"5768\">\n<p data-start=\"5694\" data-end=\"5768\"><strong data-start=\"5694\" data-end=\"5719\">Preparate la macchina fotografica<\/strong> - sar\u00e0 un giorno da ricordare. \ud83d\udcf8<\/p>\n<\/li>\n<\/ul>\n<h2 data-start=\"5775\" data-end=\"5837\"><strong data-start=\"5778\" data-end=\"5832\">Prenotate oggi stesso la vostra barca da festa con The Stag Do Ideas!<\/strong> \ud83c\udf89\ud83d\udea4<\/h2>\n<p data-start=\"5839\" data-end=\"6091\">Siete pronti a <strong data-start=\"5856\" data-end=\"5883\">festa come mai prima d'ora<\/strong> in <strong data-start=\"5887\" data-end=\"5905\">Spalato, Croazia<\/strong>? Prenota il tuo <strong data-start=\"5917\" data-end=\"5945\">Festa in barca a Spalato in Croazia<\/strong> con <strong data-start=\"5951\" data-end=\"5972\">Idee per l'addio al celibato<\/strong> e preparatevi a vivere un'esperienza che passer\u00e0 alla storia come uno dei giorni pi\u00f9 divertenti e indimenticabili della vostra vita.<\/p>\n<p data-start=\"6093\" data-end=\"6260\">Dai brani epici alle acque cristalline e alle bevande illimitate, abbiamo tutto ci\u00f2 che vi serve per la barca da festa pi\u00f9 bella del mondo. <strong data-start=\"6216\" data-end=\"6227\">Croazia<\/strong>. Diamo inizio alla festa! \ud83e\udd73<\/p>","protected":false},"excerpt":{"rendered":"<h4 data-start=\"105\" data-end=\"125\"><strong data-start=\"110\" data-end=\"123\">Durata:<\/strong><\/h4>\n<ul data-start=\"126\" data-end=\"180\">\n<li data-start=\"126\" data-end=\"180\">\n<p data-start=\"128\" data-end=\"180\"><strong data-start=\"128\" data-end=\"141\">3-4 ore<\/strong> di puro divertimento sul mare Adriatico.<\/p>\n<\/li>\n<\/ul>\n<h4 data-start=\"182\" data-end=\"208\"><strong data-start=\"187\" data-end=\"206\">Numero massimo di persone: 20<\/strong><strong data-start=\"211\" data-end=\"224\">\u00a0persone<\/strong> (Perfetto per un equipaggio numeroso!)<\/h4>\n<h4 data-start=\"252\" data-end=\"278\"><strong data-start=\"257\" data-end=\"276\">Persone minime: <\/strong><strong data-start=\"281\" data-end=\"293\">8 persone<\/strong> (Ottimo per i gruppi pi\u00f9 piccoli!)<\/h4>","protected":false},"featured_media":6706,"comment_status":"closed","ping_status":"closed","template":"","meta":{"om_disable_all_campaigns":false,"_monsterinsights_skip_tracking":false,"_monsterinsights_sitenote_active":false,"_monsterinsights_sitenote_note":"","_monsterinsights_sitenote_category":0},"product_brand":[],"product_cat":[398],"product_tag":[],"class_list":{"0":"post-6695","1":"product","2":"type-product","3":"status-publish","4":"has-post-thumbnail","6":"product_cat-croatia","8":"first","9":"instock","10":"shipping-taxable","11":"purchasable","12":"product-type-simple"},"aioseo_notices":[],"_links":{"self":[{"href":"https:\/\/thestagdoideas.com\/it\/wp-json\/wp\/v2\/product\/6695","targetHints":{"allow":["GET"]}}],"collection":[{"href":"https:\/\/thestagdoideas.com\/it\/wp-json\/wp\/v2\/product"}],"about":[{"href":"https:\/\/thestagdoideas.com\/it\/wp-json\/wp\/v2\/types\/product"}],"replies":[{"embeddable":true,"href":"https:\/\/thestagdoideas.com\/it\/wp-json\/wp\/v2\/comments?post=6695"}],"wp:featuredmedia":[{"embeddable":true,"href":"https:\/\/thestagdoideas.com\/it\/wp-json\/wp\/v2\/media\/6706"}],"wp:attachment":[{"href":"https:\/\/thestagdoideas.com\/it\/wp-json\/wp\/v2\/media?parent=6695"}],"wp:term":[{"taxonomy":"product_brand","embeddable":true,"href":"https:\/\/thestagdoideas.com\/it\/wp-json\/wp\/v2\/product_brand?post=6695"},{"taxonomy":"product_cat","embeddable":true,"href":"https:\/\/thestagdoideas.com\/it\/wp-json\/wp\/v2\/product_cat?post=6695"},{"taxonomy":"product_tag","embeddable":true,"href":"https:\/\/thestagdoideas.com\/it\/wp-json\/wp\/v2\/product_tag?post=6695"}],"curies":[{"name":"wp","href":"https:\/\/api.w.org\/{rel}","templated":true}]}}