{"id":495,"date":"2024-03-19T12:24:55","date_gmt":"2024-03-19T12:24:55","guid":{"rendered":"https:\/\/thestagdoideas.com\/?post_type=product&#038;p=495"},"modified":"2026-05-02T07:22:26","modified_gmt":"2026-05-02T06:22:26","slug":"disegno-di-modello-nudo-mallorca","status":"publish","type":"product","link":"https:\/\/thestagdoideas.com\/it\/attivita\/disegno-di-modello-nudo-mallorca\/","title":{"rendered":"Disegno di Modello nudo Mallorca"},"content":{"rendered":"<p>Disegno di modella nuda a Mallorca. Disegno di modella nuda a Maiorca. Se vi piace mescolare arte e sensualit\u00e0, questa \u00e8 l'attivit\u00e0 che fa per voi!<\/p>\n<p>Le migliori feste di addio al celibato con <a href=\"https:\/\/thestagdoideas.com\/it\/addio-al-celibato\/\">Addio al celibato<\/a>!<\/p>\n<h2 style=\"text-align: center;\">Disegno di una modella nuda di Maiorca \ud83c\udfa8<\/h2>\n<p style=\"text-align: center;\">VENDITA MINIMA: 8 PERSONE.<\/p>\n<p>Dipinti, tele e uno spettacolare nudo femminile\ud83d\udd25.<\/p>\n<p>Ci sono molti tipi di viaggi e molti tipi di addii al celibato. Ma a Stagparty ne abbiamo per tutti i gusti! Se amate l'arte ma apprezzate anche i bei corpi femminili, smettete di pensare e prenotate questa attivit\u00e0.<\/p>\n<p>Un'attivit\u00e0 originale e divertente: riuscir\u00e0 uno dei vostri amici a rimanere concentrato e a fare un bel disegno guardando il corpo nudo della nostra bellissima modella?<\/p>\n<p>L'attivit\u00e0 comprende tutti i materiali necessari: laboratorio, colori, tela e, soprattutto, una donna nuda! La modella si metter\u00e0 al centro del gruppo senza vestiti, sceglier\u00e0 una posa e rimarr\u00e0 immobile fino alla fine. Riuscirai a rimanere immobile?<\/p>\n<p>Potete includere champagne o vino per rendere l'attivit\u00e0 pi\u00f9 elegante e sensuale \ud83c\udf77 .<\/p>\n<p>Un'attivit\u00e0 divertente e originale con gli amici, un momento di risate assicurato! Naturalmente, alla fine dell'attivit\u00e0 potrete portare a casa il vostro panno (avendo cura di nasconderlo bene).<\/p>\n<p style=\"text-align: center;\">\ud83d\udd25 Libro Sensualit\u00e0 e arte\ud83d\udd25<\/p>\n<p style=\"text-align: center;\">Prenota il disegno della modella nuda a Palma di Maiorca<\/p>","protected":false},"excerpt":{"rendered":"<p>Disegno di modella nuda a Mallorca. Disegno di modella nuda a Maiorca. Se vi piace mescolare arte e sensualit\u00e0, questa \u00e8 l'attivit\u00e0 che fa per voi!<\/p>\n<p>VENDITA MINIMA: 8 PERSONE.<\/p>","protected":false},"featured_media":742,"comment_status":"open","ping_status":"closed","template":"","meta":{"om_disable_all_campaigns":false,"_monsterinsights_skip_tracking":false,"_monsterinsights_sitenote_active":false,"_monsterinsights_sitenote_note":"","_monsterinsights_sitenote_category":0},"product_brand":[],"product_cat":[165,194],"product_tag":[206],"class_list":{"0":"post-495","1":"product","2":"type-product","3":"status-publish","4":"has-post-thumbnail","6":"product_cat-mallorca","7":"product_cat-stag-party-mallorca","8":"product_tag-drawing-of-nude-model","10":"first","11":"instock","12":"virtual","13":"product-type-simple"},"aioseo_notices":[],"_links":{"self":[{"href":"https:\/\/thestagdoideas.com\/it\/wp-json\/wp\/v2\/product\/495","targetHints":{"allow":["GET"]}}],"collection":[{"href":"https:\/\/thestagdoideas.com\/it\/wp-json\/wp\/v2\/product"}],"about":[{"href":"https:\/\/thestagdoideas.com\/it\/wp-json\/wp\/v2\/types\/product"}],"replies":[{"embeddable":true,"href":"https:\/\/thestagdoideas.com\/it\/wp-json\/wp\/v2\/comments?post=495"}],"wp:featuredmedia":[{"embeddable":true,"href":"https:\/\/thestagdoideas.com\/it\/wp-json\/wp\/v2\/media\/742"}],"wp:attachment":[{"href":"https:\/\/thestagdoideas.com\/it\/wp-json\/wp\/v2\/media?parent=495"}],"wp:term":[{"taxonomy":"product_brand","embeddable":true,"href":"https:\/\/thestagdoideas.com\/it\/wp-json\/wp\/v2\/product_brand?post=495"},{"taxonomy":"product_cat","embeddable":true,"href":"https:\/\/thestagdoideas.com\/it\/wp-json\/wp\/v2\/product_cat?post=495"},{"taxonomy":"product_tag","embeddable":true,"href":"https:\/\/thestagdoideas.com\/it\/wp-json\/wp\/v2\/product_tag?post=495"}],"curies":[{"name":"wp","href":"https:\/\/api.w.org\/{rel}","templated":true}]}}