{"id":494,"date":"2024-03-19T12:24:55","date_gmt":"2024-03-19T12:24:55","guid":{"rendered":"https:\/\/thestagdoideas.com\/?post_type=product&#038;p=494"},"modified":"2024-03-26T11:08:04","modified_gmt":"2024-03-26T11:08:04","slug":"stripper-nano-di-mallorca","status":"publish","type":"product","link":"https:\/\/thestagdoideas.com\/it\/attivita\/stripper-nano-di-mallorca\/","title":{"rendered":"Stripper nano di Maiorca"},"content":{"rendered":"<p>Stripper nano di Maiorca. Un piccolo regalo per il futuro sposo. Piccolo spogliarellista. Divertimento e sorpresa garantiti. Spettacolo privato.<\/p>\n<p>Le migliori feste di addio al celibato con <a href=\"https:\/\/thestagdoideas.com\/it\/addio-al-celibato\/\">Addio al celibato<\/a>!<\/p>\n<h2 style=\"text-align: center;\">Stripper nano di Maiorca\ud83c\udf89<\/h2>\n<p>Regalate al futuro sposo un piccolo spogliarello per fargli la sorpresa della sua vita durante il suo addio al celibato a Maiorca con la nostra Piccola Spogliarellista!<\/p>\n<p>L'attivit\u00e0 tipica dell'addio al celibato \u00e8 lo striptease. Lo striptease \u00e8 sempre un successo, un classico degli addii al celibato. Ma se non vi piace il tipico e volete davvero sorprendere lo sposo, questa \u00e8 l'attivit\u00e0 che fa per voi!\ud83e\udd73<\/p>\n<p>Se volete garantirvi una grande sorpresa (o una piccola sorpresa in questo caso), non prendete la tipica spogliarellista con un corpo incredibile che alza il riscaldamento (anche se se volete questa opzione, l'abbiamo anche noi nella nostra agenzia). Optate invece per una piccola spogliarellista che sar\u00e0 in grado di offrire alla vostra amica uno spettacolo sexy e sensuale dove la sorpresa \u00e8 assolutamente garantita. \ud83d\udd25<\/p>\n<p>Sorprendete lo sposo e i suoi amici con lo spogliarello nano. Scattate foto e prendete in giro l'originale viaggio che avete organizzato! \ud83d\udcf7<\/p>\n<p style=\"text-align: center;\">Prenota lo spettacolo pi\u00f9 originale di Maiorca\u2b50<\/p>\n<p>Riserva Spogliarellista nano Mallorca<\/p>","protected":false},"excerpt":{"rendered":"<p>Stripper nano di Maiorca. Un piccolo regalo per il futuro sposo. Piccolo spogliarellista. Divertimento e sorpresa garantiti. Spettacolo privato.<\/p>","protected":false},"featured_media":657,"comment_status":"open","ping_status":"closed","template":"","meta":{"om_disable_all_campaigns":false,"_monsterinsights_skip_tracking":false,"_monsterinsights_sitenote_active":false,"_monsterinsights_sitenote_note":"","_monsterinsights_sitenote_category":0},"product_brand":[],"product_cat":[165,194],"product_tag":[205],"class_list":{"0":"post-494","1":"product","2":"type-product","3":"status-publish","4":"has-post-thumbnail","6":"product_cat-mallorca","7":"product_cat-stag-party-mallorca","8":"product_tag-dwarf-striper","10":"first","11":"instock","12":"virtual","13":"purchasable","14":"product-type-simple"},"aioseo_notices":[],"_links":{"self":[{"href":"https:\/\/thestagdoideas.com\/it\/wp-json\/wp\/v2\/product\/494","targetHints":{"allow":["GET"]}}],"collection":[{"href":"https:\/\/thestagdoideas.com\/it\/wp-json\/wp\/v2\/product"}],"about":[{"href":"https:\/\/thestagdoideas.com\/it\/wp-json\/wp\/v2\/types\/product"}],"replies":[{"embeddable":true,"href":"https:\/\/thestagdoideas.com\/it\/wp-json\/wp\/v2\/comments?post=494"}],"wp:featuredmedia":[{"embeddable":true,"href":"https:\/\/thestagdoideas.com\/it\/wp-json\/wp\/v2\/media\/657"}],"wp:attachment":[{"href":"https:\/\/thestagdoideas.com\/it\/wp-json\/wp\/v2\/media?parent=494"}],"wp:term":[{"taxonomy":"product_brand","embeddable":true,"href":"https:\/\/thestagdoideas.com\/it\/wp-json\/wp\/v2\/product_brand?post=494"},{"taxonomy":"product_cat","embeddable":true,"href":"https:\/\/thestagdoideas.com\/it\/wp-json\/wp\/v2\/product_cat?post=494"},{"taxonomy":"product_tag","embeddable":true,"href":"https:\/\/thestagdoideas.com\/it\/wp-json\/wp\/v2\/product_tag?post=494"}],"curies":[{"name":"wp","href":"https:\/\/api.w.org\/{rel}","templated":true}]}}