{"id":493,"date":"2024-03-19T12:24:55","date_gmt":"2024-03-19T12:24:55","guid":{"rendered":"https:\/\/thestagdoideas.com\/?post_type=product&#038;p=493"},"modified":"2024-03-26T11:03:35","modified_gmt":"2024-03-26T11:03:35","slug":"nano-ammanettato-mallorca","status":"publish","type":"product","link":"https:\/\/thestagdoideas.com\/it\/attivita\/nano-ammanettato-mallorca\/","title":{"rendered":"Nano ammanettato di Maiorca"},"content":{"rendered":"<p>Nano ammanettato a Maiorca. Un'attivit\u00e0 insolita e divertente per il vostro addio al celibato a Maiorca! Noleggiate un nano che vi accompagni per 1 ora, ammanettato a voi! Risate garantite.<\/p>\n<p>Le migliori feste di addio al celibato con <a href=\"https:\/\/thestagdoideas.com\/it\/hen-party\/\">Festa di addio al nubilato<\/a>!<\/p>\n<h2 style=\"text-align: center;\">Nano ammanettato di Maiorca\ud83d\udc66<\/h2>\n<p>Il futuro sposo organizza il suo addio al celibato a Maiorca senza tenere conto che potrebbero esserci delle sorprese.<\/p>\n<p>Il futuro sposo sar\u00e0 pronto a trascorrere una notte sull'isola, a bere qualche drink e a godersi la sua ultima notte da scapolo, ma immaginate la sua faccia quando incontrer\u00e0 il nostro nano! Si tratta di un attore professionista abituato a mettere in scena spettacoli divertenti e di intrattenimento. Il nano ammanetter\u00e0 il futuro sposo per un'ora. Se il futuro sposo va in bagno, ci va anche il nano. Se vuole parlare con una ragazza, dovr\u00e0 parlare con il nano!<\/p>\n<p>Un momento di grandi risate garantito! Forse il futuro sposo non lo trover\u00e0 divertente, ma tutti i suoi amici lo adoreranno!<\/p>\n<p>Questo gnomo ammanettato \u00e8 un'attivit\u00e0 vivace, divertente e originale per gli addii al celibato e al nubilato: non tutti possono dire di essere stati ammanettati a uno gnomo per un'ora! \u00c8 senza dubbio una delle attivit\u00e0 pi\u00f9 originali per un addio al celibato o al nubilato.<\/p>\n<p>Potete fare un bello scherzo al futuro sposo sorprendendolo con un nano ammanettato!<\/p>\n<p>Certo, non sar\u00e0 molto divertente, ma sar\u00e0 un ricordo indimenticabile per il futuro sposo durante il suo addio al celibato a Maiorca.<\/p>\n<p>Pertanto, l'attivit\u00e0 del nano ammanettato dovrebbe essere aggiunta al vostro soggiorno se volete fare un bello scherzo al futuro sposo.<\/p>\n<p style=\"text-align: center;\">Prenota ora Nano ammanettato <a href=\"https:\/\/es.wikipedia.org\/wiki\/Mallorca\">Maiorca<\/a> \ud83c\udf89<\/p>","protected":false},"excerpt":{"rendered":"<p>Nano ammanettato a Maiorca. Un'attivit\u00e0 insolita e divertente per il vostro addio al celibato a Maiorca! Noleggiate un nano che vi accompagni per 1 ora, ammanettato a voi! Risate garantite.<\/p>","protected":false},"featured_media":726,"comment_status":"open","ping_status":"closed","template":"","meta":{"om_disable_all_campaigns":false,"_monsterinsights_skip_tracking":false,"_monsterinsights_sitenote_active":false,"_monsterinsights_sitenote_note":"","_monsterinsights_sitenote_category":0},"product_brand":[],"product_cat":[165],"product_tag":[204,203],"class_list":{"0":"post-493","1":"product","2":"type-product","3":"status-publish","4":"has-post-thumbnail","6":"product_cat-mallorca","7":"product_tag-handcuffed-dwarf","8":"product_tag-handcuffed-dwarf-mallorca","10":"first","11":"instock","12":"virtual","13":"purchasable","14":"product-type-simple"},"aioseo_notices":[],"_links":{"self":[{"href":"https:\/\/thestagdoideas.com\/it\/wp-json\/wp\/v2\/product\/493","targetHints":{"allow":["GET"]}}],"collection":[{"href":"https:\/\/thestagdoideas.com\/it\/wp-json\/wp\/v2\/product"}],"about":[{"href":"https:\/\/thestagdoideas.com\/it\/wp-json\/wp\/v2\/types\/product"}],"replies":[{"embeddable":true,"href":"https:\/\/thestagdoideas.com\/it\/wp-json\/wp\/v2\/comments?post=493"}],"wp:featuredmedia":[{"embeddable":true,"href":"https:\/\/thestagdoideas.com\/it\/wp-json\/wp\/v2\/media\/726"}],"wp:attachment":[{"href":"https:\/\/thestagdoideas.com\/it\/wp-json\/wp\/v2\/media?parent=493"}],"wp:term":[{"taxonomy":"product_brand","embeddable":true,"href":"https:\/\/thestagdoideas.com\/it\/wp-json\/wp\/v2\/product_brand?post=493"},{"taxonomy":"product_cat","embeddable":true,"href":"https:\/\/thestagdoideas.com\/it\/wp-json\/wp\/v2\/product_cat?post=493"},{"taxonomy":"product_tag","embeddable":true,"href":"https:\/\/thestagdoideas.com\/it\/wp-json\/wp\/v2\/product_tag?post=493"}],"curies":[{"name":"wp","href":"https:\/\/api.w.org\/{rel}","templated":true}]}}