{"id":450,"date":"2024-03-19T12:24:08","date_gmt":"2024-03-19T12:24:08","guid":{"rendered":"https:\/\/thestagdoideas.com\/?post_type=product&#038;p=450"},"modified":"2026-05-08T14:36:18","modified_gmt":"2026-05-08T13:36:18","slug":"stripper-man-mallorca-2","status":"publish","type":"product","link":"https:\/\/thestagdoideas.com\/it\/attivita\/stripper-man-mallorca-2\/","title":{"rendered":"Striper Man Mallorca"},"content":{"rendered":"<p>Striper Man Mallorca. Spogliarello maschile. Spogliarellista di Maiorca. Alza la temperatura con il ballerino sexy che far\u00e0 pensare alla sposa di sposarsi. Muscoli e fuoco allo stato puro.<\/p>\n<p>Le migliori feste di addio al celibato e al nubilato con <a href=\"https:\/\/thestagdoideas.com\/it\/addio-al-celibato\/\">Addio al celibato<\/a>! <a href=\"https:\/\/thestagdoideas.com\/it\/hen-party\/\">Festa di addio al nubilato<\/a>!<\/p>\n<h2 style=\"text-align: center;\">Striper Man Mallorca \ud83d\udd25<\/h2>\n<h4>Provate la sensualit\u00e0 e il divertimento: un uomo davvero sexy pronto a sedurre la sua sposa! \ud83c\udfb6<\/h4>\n<p>Prenotate un momento di puro erotismo e piacere con il nostro esclusivo spettacolo di danza sensuale di quindici minuti. Un uomo con un corpo da urlo pronto a dimostrare alla sposa che forse sposarsi non \u00e8 l'idea migliore.....<\/p>\n<p>\ud83c\udf1f Erotismo allo stato puro:<\/p>\n<p>Il nostro uomo non solo user\u00e0 una sedia per accogliere la sposa, ma la far\u00e0 anche ballare al ritmo della musica pi\u00f9 sensuale. La temperatura salir\u00e0 cos\u00ec tanto che dovr\u00e0 iniziare a spogliarsi....<\/p>\n<p>\ud83d\udc83 Un'esperienza su misura:<\/p>\n<p>Questo spettacolo ruota intorno alla sposa. La ballerina si muover\u00e0 ovunque si desideri, garantendo un'esperienza personalizzata e unica. In un ambiente intimo a casa vostra o in un luogo speciale, preparatevi a essere protagonisti di uno spettacolo indimenticabile.<\/p>\n<p>\ud83d\udd25 Uno spettacolo che lascia il segno:<\/p>\n<p>L'atmosfera sensuale, l'aumento della temperatura e tutte le vostre amiche che guardano le mosse sexy del ragazzo. Ogni movimento \u00e8 studiato per eccitare...<\/p>\n<p>Godetevi il peccato in <a href=\"https:\/\/es.wikipedia.org\/wiki\/Mallorca\">Maiorca. <\/a><\/p>\n<p style=\"text-align: center;\">Scelta tra Palma e Magaluf (i prezzi variano).<\/p>\n<p style=\"text-align: center;\">Prenota Striper Man Mallorca!<\/p>\n<p>&nbsp;<\/p>","protected":false},"excerpt":{"rendered":"<p>Striper Man Mallorca. Spogliarello maschile. Spogliarellista di Maiorca. Alza la temperatura con il ballerino sexy che far\u00e0 pensare alla sposa di sposarsi. Muscoli e fuoco allo stato puro.<\/p>","protected":false},"featured_media":872,"comment_status":"open","ping_status":"closed","template":"","meta":{"om_disable_all_campaigns":false,"_monsterinsights_skip_tracking":false,"_monsterinsights_sitenote_active":false,"_monsterinsights_sitenote_note":"","_monsterinsights_sitenote_category":0},"product_brand":[],"product_cat":[165,194],"product_tag":[243,244],"class_list":{"0":"post-450","1":"product","2":"type-product","3":"status-publish","4":"has-post-thumbnail","6":"product_cat-mallorca","7":"product_cat-stag-party-mallorca","8":"product_tag-striper-man-mallorca","9":"product_tag-stripper-man-mallorca","11":"first","12":"instock","13":"virtual","14":"product-type-simple"},"aioseo_notices":[],"_links":{"self":[{"href":"https:\/\/thestagdoideas.com\/it\/wp-json\/wp\/v2\/product\/450","targetHints":{"allow":["GET"]}}],"collection":[{"href":"https:\/\/thestagdoideas.com\/it\/wp-json\/wp\/v2\/product"}],"about":[{"href":"https:\/\/thestagdoideas.com\/it\/wp-json\/wp\/v2\/types\/product"}],"replies":[{"embeddable":true,"href":"https:\/\/thestagdoideas.com\/it\/wp-json\/wp\/v2\/comments?post=450"}],"wp:featuredmedia":[{"embeddable":true,"href":"https:\/\/thestagdoideas.com\/it\/wp-json\/wp\/v2\/media\/872"}],"wp:attachment":[{"href":"https:\/\/thestagdoideas.com\/it\/wp-json\/wp\/v2\/media?parent=450"}],"wp:term":[{"taxonomy":"product_brand","embeddable":true,"href":"https:\/\/thestagdoideas.com\/it\/wp-json\/wp\/v2\/product_brand?post=450"},{"taxonomy":"product_cat","embeddable":true,"href":"https:\/\/thestagdoideas.com\/it\/wp-json\/wp\/v2\/product_cat?post=450"},{"taxonomy":"product_tag","embeddable":true,"href":"https:\/\/thestagdoideas.com\/it\/wp-json\/wp\/v2\/product_tag?post=450"}],"curies":[{"name":"wp","href":"https:\/\/api.w.org\/{rel}","templated":true}]}}