{"id":437,"date":"2024-03-19T12:24:07","date_gmt":"2024-03-19T12:24:07","guid":{"rendered":"https:\/\/thestagdoideas.com\/?post_type=product&#038;p=437"},"modified":"2024-03-21T12:04:09","modified_gmt":"2024-03-21T12:04:09","slug":"risveglio-sexy-a-maiorca","status":"publish","type":"product","link":"https:\/\/thestagdoideas.com\/it\/attivita\/risveglio-sexy-a-maiorca\/","title":{"rendered":"Risveglio sexy a Maiorca"},"content":{"rendered":"<p>Sveglia sexy a Maiorca. Svegliarsi con una bella spogliarellista. Riuscite a immaginare un risveglio migliore?<\/p>\n<p>Le migliori feste di addio al celibato con <a href=\"https:\/\/thestagdoideas.com\/it\/addio-al-celibato\/\">Addio al celibato<\/a>! <a href=\"https:\/\/thestagdoideas.com\/it\/hen-party\/\">Festa di addio al nubilato<\/a>!<\/p>\n<h2 style=\"text-align: center;\">Sveglia sexy a Maiorca \ud83d\udd25<\/h2>\n<h5>L'esperienza pi\u00f9 erotica di Maiorca\ud83c\udf1f<\/h5>\n<p>Immaginate per un attimo di svegliarvi nel vostro hotel\/villa\/appartamento con una terribile sbornia. Il giorno prima avete trascorso la notte a Maiorca con molto alcol e molte donne...<\/p>\n<p>Vi svegliate stanchi e vorreste tornare a letto, ma la fortuna vi sorride. Una donna bella e sexy vi aspetta per svegliarvi con tanto affetto.<\/p>\n<p>\ud83d\udecc La nostra bella donna andr\u00e0 dove dormite per darvi una sveglia molto, molto sexy. Con pochi vestiti e tanta voglia di fare, vi sveglier\u00e0 e i postumi della sbornia non saranno pi\u00f9 cos\u00ec gravi.<\/p>\n<p>\ud83d\udcf7 Lo spettacolo \u00e8 privato ma si possono scattare foto per ricordare il miglior risveglio della propria vita.<\/p>\n<p style=\"text-align: center;\">\ud83d\udd25 Per quindici minuti sarete molto felici di avere amici meravigliosi che ci hanno contattato per svegliarvi con una donna nuda.<\/p>\n<p>Immaginate di aprire gli occhi e scoprire questa meraviglia,<\/p>\n<p>Godere <a href=\"https:\/\/es.wikipedia.org\/wiki\/Mallorca\">Maiorca<\/a> con il risveglio pi\u00f9 sexy della vostra vita!<\/p>\n<p>Disponibile per la regione di Palma di Maiorca o Magaluf (altre regioni su richiesta).<\/p>","protected":false},"excerpt":{"rendered":"<p>Sveglia sexy a Maiorca. Svegliarsi con una bella spogliarellista. Riuscite a immaginare un risveglio migliore?<\/p>","protected":false},"featured_media":477,"comment_status":"open","ping_status":"closed","template":"","meta":{"om_disable_all_campaigns":false,"_monsterinsights_skip_tracking":false,"_monsterinsights_sitenote_active":false,"_monsterinsights_sitenote_note":"","_monsterinsights_sitenote_category":0},"product_brand":[],"product_cat":[165,194],"product_tag":[264,263],"class_list":{"0":"post-437","1":"product","2":"type-product","3":"status-publish","4":"has-post-thumbnail","6":"product_cat-mallorca","7":"product_cat-stag-party-mallorca","8":"product_tag-sexy-wake-up","9":"product_tag-sexy-wake-up-mallorca","11":"first","12":"instock","13":"virtual","14":"purchasable","15":"product-type-simple"},"aioseo_notices":[],"_links":{"self":[{"href":"https:\/\/thestagdoideas.com\/it\/wp-json\/wp\/v2\/product\/437","targetHints":{"allow":["GET"]}}],"collection":[{"href":"https:\/\/thestagdoideas.com\/it\/wp-json\/wp\/v2\/product"}],"about":[{"href":"https:\/\/thestagdoideas.com\/it\/wp-json\/wp\/v2\/types\/product"}],"replies":[{"embeddable":true,"href":"https:\/\/thestagdoideas.com\/it\/wp-json\/wp\/v2\/comments?post=437"}],"wp:featuredmedia":[{"embeddable":true,"href":"https:\/\/thestagdoideas.com\/it\/wp-json\/wp\/v2\/media\/477"}],"wp:attachment":[{"href":"https:\/\/thestagdoideas.com\/it\/wp-json\/wp\/v2\/media?parent=437"}],"wp:term":[{"taxonomy":"product_brand","embeddable":true,"href":"https:\/\/thestagdoideas.com\/it\/wp-json\/wp\/v2\/product_brand?post=437"},{"taxonomy":"product_cat","embeddable":true,"href":"https:\/\/thestagdoideas.com\/it\/wp-json\/wp\/v2\/product_cat?post=437"},{"taxonomy":"product_tag","embeddable":true,"href":"https:\/\/thestagdoideas.com\/it\/wp-json\/wp\/v2\/product_tag?post=437"}],"curies":[{"name":"wp","href":"https:\/\/api.w.org\/{rel}","templated":true}]}}