{"id":4350,"date":"2024-12-23T12:50:40","date_gmt":"2024-12-23T12:50:40","guid":{"rendered":"https:\/\/thestagdoideas.com\/activity\/crazy-ufo-2\/"},"modified":"2025-01-27T14:21:51","modified_gmt":"2025-01-27T13:21:51","slug":"-195","status":"publish","type":"product","link":"https:\/\/thestagdoideas.com\/it\/attivita\/-195\/","title":{"rendered":"UFO PAZZESCO"},"content":{"rendered":"<p>Immaginate di imbarcarvi in un'avventura che unisce divertimento, sfida e relax. Questa modalit\u00e0 di traino \u00e8 forse la pi\u00f9 emozionante e spettacolare. \u00c8 come cavalcare un cavallo selvaggio sull'acqua. Il design specifico di questo tipo di dispositivo fa s\u00ec che la velocit\u00e0 dell'imbarcazione, sommata alla forza del vento e alle onde, esca dall'acqua facendo grandi salti, come un pesce volante, da cui deriva il nome.... Scaricate l'adrenalina con un'attivit\u00e0 emozionante che potrete condividere con i vostri amici e che non dimenticherete mai! Che siate con amici, in famiglia o in esplorazione da soli, questa esperienza garantisce ricordi unici e momenti di gioia. Abbracciate il perfetto equilibrio tra natura ed emozione.<\/p>","protected":false},"excerpt":{"rendered":"<p>Immaginate di vivere un'intera giornata di avventure a Lloret de Mar. Min: 2 Max: 6 Durata:  Punto di incontro: LLORET DE MAR Disponibilit\u00e0: APR-OCT Orario di inizio: TUTTO IL GIORNO Iniziate il vostro viaggio da un punto di incontro ben posizionato, disponibile tutto l'anno, con orari studiati per adattarsi ai vostri ritmi. Preparatevi a un'esperienza eccezionale che promette momenti unici e memorabili.<\/p>","protected":false},"featured_media":4025,"comment_status":"closed","ping_status":"closed","template":"","meta":{"om_disable_all_campaigns":false,"_monsterinsights_skip_tracking":false,"_monsterinsights_sitenote_active":false,"_monsterinsights_sitenote_note":"","_monsterinsights_sitenote_category":0},"product_brand":[],"product_cat":[396],"product_tag":[],"class_list":{"0":"post-4350","1":"product","2":"type-product","3":"status-publish","4":"has-post-thumbnail","6":"product_cat-lloret","8":"first","9":"instock","10":"shipping-taxable","11":"purchasable","12":"product-type-simple"},"aioseo_notices":[],"_links":{"self":[{"href":"https:\/\/thestagdoideas.com\/it\/wp-json\/wp\/v2\/product\/4350","targetHints":{"allow":["GET"]}}],"collection":[{"href":"https:\/\/thestagdoideas.com\/it\/wp-json\/wp\/v2\/product"}],"about":[{"href":"https:\/\/thestagdoideas.com\/it\/wp-json\/wp\/v2\/types\/product"}],"replies":[{"embeddable":true,"href":"https:\/\/thestagdoideas.com\/it\/wp-json\/wp\/v2\/comments?post=4350"}],"wp:featuredmedia":[{"embeddable":true,"href":"https:\/\/thestagdoideas.com\/it\/wp-json\/wp\/v2\/media\/4025"}],"wp:attachment":[{"href":"https:\/\/thestagdoideas.com\/it\/wp-json\/wp\/v2\/media?parent=4350"}],"wp:term":[{"taxonomy":"product_brand","embeddable":true,"href":"https:\/\/thestagdoideas.com\/it\/wp-json\/wp\/v2\/product_brand?post=4350"},{"taxonomy":"product_cat","embeddable":true,"href":"https:\/\/thestagdoideas.com\/it\/wp-json\/wp\/v2\/product_cat?post=4350"},{"taxonomy":"product_tag","embeddable":true,"href":"https:\/\/thestagdoideas.com\/it\/wp-json\/wp\/v2\/product_tag?post=4350"}],"curies":[{"name":"wp","href":"https:\/\/api.w.org\/{rel}","templated":true}]}}