{"id":4299,"date":"2024-12-19T12:02:17","date_gmt":"2024-12-19T12:02:17","guid":{"rendered":"https:\/\/thestagdoideas.com\/activity\/topless-waiter\/"},"modified":"2025-01-27T14:01:34","modified_gmt":"2025-01-27T13:01:34","slug":"-153","status":"publish","type":"product","link":"https:\/\/thestagdoideas.com\/it\/attivita\/-153\/","title":{"rendered":"Cameriere in topless"},"content":{"rendered":"<p>Esperienza: Al termine del servizio Top Less, la ragazza si cambier\u00e0 e far\u00e0 uno spogliarello per tutto il gruppo. Godetevi il meglio dell'azione, compresa la possibilit\u00e0 di scegliere le ragazze. <\/p>","protected":false},"excerpt":{"rendered":"<p>Questa attivit\u00e0 pu\u00f2 ospitare da e 1h30 partecipanti, per una durata di . Ritrovo a . Disponibile il: . Inizio a .<\/p>","protected":false},"featured_media":4032,"comment_status":"closed","ping_status":"closed","template":"","meta":{"om_disable_all_campaigns":false,"_monsterinsights_skip_tracking":false,"_monsterinsights_sitenote_active":false,"_monsterinsights_sitenote_note":"","_monsterinsights_sitenote_category":0},"product_brand":[],"product_cat":[395],"product_tag":[],"class_list":{"0":"post-4299","1":"product","2":"type-product","3":"status-publish","4":"has-post-thumbnail","6":"product_cat-benidor","8":"first","9":"instock","10":"shipping-taxable","11":"purchasable","12":"product-type-simple"},"aioseo_notices":[],"_links":{"self":[{"href":"https:\/\/thestagdoideas.com\/it\/wp-json\/wp\/v2\/product\/4299","targetHints":{"allow":["GET"]}}],"collection":[{"href":"https:\/\/thestagdoideas.com\/it\/wp-json\/wp\/v2\/product"}],"about":[{"href":"https:\/\/thestagdoideas.com\/it\/wp-json\/wp\/v2\/types\/product"}],"replies":[{"embeddable":true,"href":"https:\/\/thestagdoideas.com\/it\/wp-json\/wp\/v2\/comments?post=4299"}],"wp:featuredmedia":[{"embeddable":true,"href":"https:\/\/thestagdoideas.com\/it\/wp-json\/wp\/v2\/media\/4032"}],"wp:attachment":[{"href":"https:\/\/thestagdoideas.com\/it\/wp-json\/wp\/v2\/media?parent=4299"}],"wp:term":[{"taxonomy":"product_brand","embeddable":true,"href":"https:\/\/thestagdoideas.com\/it\/wp-json\/wp\/v2\/product_brand?post=4299"},{"taxonomy":"product_cat","embeddable":true,"href":"https:\/\/thestagdoideas.com\/it\/wp-json\/wp\/v2\/product_cat?post=4299"},{"taxonomy":"product_tag","embeddable":true,"href":"https:\/\/thestagdoideas.com\/it\/wp-json\/wp\/v2\/product_tag?post=4299"}],"curies":[{"name":"wp","href":"https:\/\/api.w.org\/{rel}","templated":true}]}}