{"id":4276,"date":"2024-12-19T12:01:52","date_gmt":"2024-12-19T12:01:52","guid":{"rendered":"https:\/\/thestagdoideas.com\/activity\/boat-party-alicante\/"},"modified":"2025-01-27T13:54:47","modified_gmt":"2025-01-27T12:54:47","slug":"festa-in-barca-alicante","status":"publish","type":"product","link":"https:\/\/thestagdoideas.com\/it\/attivita\/festa-in-barca-alicante\/","title":{"rendered":"festa in barca alicante"},"content":{"rendered":"<p>Esperienza: Decidete voi dove navigare, nuotare, fare un tuffo e divertirvi circondati dai vostri cari senza stress. Godetevi il meglio dell'azione, incluso \u00c8 cos\u00ec semplice! Non \u00e8 necessario avere una licenza, una qualifica, un'abilitazione o un'esperienza precedente. <\/p>","protected":false},"excerpt":{"rendered":"<p>Questa attivit\u00e0 pu\u00f2 accogliere da 2 a 5 partecipanti e dura 1 ora. Ritrovo a BENIDORM. Disponibile il: MAGGIO-SETTEMBRE. Inizio alle ore: TUTTO IL GIORNO.<\/p>","protected":false},"featured_media":4409,"comment_status":"closed","ping_status":"closed","template":"","meta":{"om_disable_all_campaigns":false,"_monsterinsights_skip_tracking":false,"_monsterinsights_sitenote_active":false,"_monsterinsights_sitenote_note":"","_monsterinsights_sitenote_category":0},"product_brand":[],"product_cat":[395],"product_tag":[],"class_list":{"0":"post-4276","1":"product","2":"type-product","3":"status-publish","4":"has-post-thumbnail","6":"product_cat-benidor","8":"first","9":"instock","10":"shipping-taxable","11":"purchasable","12":"product-type-simple"},"aioseo_notices":[],"_links":{"self":[{"href":"https:\/\/thestagdoideas.com\/it\/wp-json\/wp\/v2\/product\/4276","targetHints":{"allow":["GET"]}}],"collection":[{"href":"https:\/\/thestagdoideas.com\/it\/wp-json\/wp\/v2\/product"}],"about":[{"href":"https:\/\/thestagdoideas.com\/it\/wp-json\/wp\/v2\/types\/product"}],"replies":[{"embeddable":true,"href":"https:\/\/thestagdoideas.com\/it\/wp-json\/wp\/v2\/comments?post=4276"}],"wp:featuredmedia":[{"embeddable":true,"href":"https:\/\/thestagdoideas.com\/it\/wp-json\/wp\/v2\/media\/4409"}],"wp:attachment":[{"href":"https:\/\/thestagdoideas.com\/it\/wp-json\/wp\/v2\/media?parent=4276"}],"wp:term":[{"taxonomy":"product_brand","embeddable":true,"href":"https:\/\/thestagdoideas.com\/it\/wp-json\/wp\/v2\/product_brand?post=4276"},{"taxonomy":"product_cat","embeddable":true,"href":"https:\/\/thestagdoideas.com\/it\/wp-json\/wp\/v2\/product_cat?post=4276"},{"taxonomy":"product_tag","embeddable":true,"href":"https:\/\/thestagdoideas.com\/it\/wp-json\/wp\/v2\/product_tag?post=4276"}],"curies":[{"name":"wp","href":"https:\/\/api.w.org\/{rel}","templated":true}]}}