{"id":4259,"date":"2024-12-19T12:01:30","date_gmt":"2024-12-19T12:01:30","guid":{"rendered":"https:\/\/thestagdoideas.com\/activity\/buggy-2-hours\/"},"modified":"2025-01-27T13:47:59","modified_gmt":"2025-01-27T12:47:59","slug":"-115","status":"publish","type":"product","link":"https:\/\/thestagdoideas.com\/it\/attivita\/-115\/","title":{"rendered":"Buggy 2 ore"},"content":{"rendered":"<p>Esperienza: Un tour guidato di Benidorm in Buggies della durata di un'ora, il prezzo si intende per coppia e vi permetter\u00e0 di conoscere Benidorm in modo diverso. Godetevi il meglio dell'azione, anche se Benidorm \u00e8 una citt\u00e0 molto turistica, che ha un'attrazione naturale che \u00e8 il Parco Naturale Serra Gelada. <\/p>","protected":false},"excerpt":{"rendered":"<p>Questa attivit\u00e0 pu\u00f2 accogliere da 2 a 15 partecipanti e dura 1 ora. Ritrovo a BENIDORM. Disponibile il: TUTTO L'ANNO. Inizia alle ore: TUTTI I GIORNI.<\/p>","protected":false},"featured_media":4480,"comment_status":"closed","ping_status":"closed","template":"","meta":{"om_disable_all_campaigns":false,"_monsterinsights_skip_tracking":false,"_monsterinsights_sitenote_active":false,"_monsterinsights_sitenote_note":"","_monsterinsights_sitenote_category":0},"product_brand":[],"product_cat":[395],"product_tag":[],"class_list":{"0":"post-4259","1":"product","2":"type-product","3":"status-publish","4":"has-post-thumbnail","6":"product_cat-benidor","8":"first","9":"instock","10":"shipping-taxable","11":"purchasable","12":"product-type-simple"},"aioseo_notices":[],"_links":{"self":[{"href":"https:\/\/thestagdoideas.com\/it\/wp-json\/wp\/v2\/product\/4259","targetHints":{"allow":["GET"]}}],"collection":[{"href":"https:\/\/thestagdoideas.com\/it\/wp-json\/wp\/v2\/product"}],"about":[{"href":"https:\/\/thestagdoideas.com\/it\/wp-json\/wp\/v2\/types\/product"}],"replies":[{"embeddable":true,"href":"https:\/\/thestagdoideas.com\/it\/wp-json\/wp\/v2\/comments?post=4259"}],"wp:featuredmedia":[{"embeddable":true,"href":"https:\/\/thestagdoideas.com\/it\/wp-json\/wp\/v2\/media\/4480"}],"wp:attachment":[{"href":"https:\/\/thestagdoideas.com\/it\/wp-json\/wp\/v2\/media?parent=4259"}],"wp:term":[{"taxonomy":"product_brand","embeddable":true,"href":"https:\/\/thestagdoideas.com\/it\/wp-json\/wp\/v2\/product_brand?post=4259"},{"taxonomy":"product_cat","embeddable":true,"href":"https:\/\/thestagdoideas.com\/it\/wp-json\/wp\/v2\/product_cat?post=4259"},{"taxonomy":"product_tag","embeddable":true,"href":"https:\/\/thestagdoideas.com\/it\/wp-json\/wp\/v2\/product_tag?post=4259"}],"curies":[{"name":"wp","href":"https:\/\/api.w.org\/{rel}","templated":true}]}}