{"id":4246,"date":"2024-12-19T12:01:17","date_gmt":"2024-12-19T12:01:17","guid":{"rendered":"https:\/\/thestagdoideas.com\/activity\/pub-crawl\/"},"modified":"2025-01-27T13:41:42","modified_gmt":"2025-01-27T12:41:42","slug":"-103","status":"publish","type":"product","link":"https:\/\/thestagdoideas.com\/it\/attivita\/-103\/","title":{"rendered":"Pub Crawl"},"content":{"rendered":"<p>Esperienza: Bar Crawl condiviso con pi\u00f9 gruppi accompagnati da una guida locale. Godetevi il meglio dell'azione, compresi gli shot gratuiti e i Party Games. <\/p>","protected":false},"excerpt":{"rendered":"<p>Questa attivit\u00e0 pu\u00f2 ospitare da 8 a partecipanti e dura 2 ore. Ritrovo a Benidorm. Disponibile il: venerd\u00ec sabato. Inizio alle 19.30.<\/p>","protected":false},"featured_media":4442,"comment_status":"closed","ping_status":"closed","template":"","meta":{"om_disable_all_campaigns":false,"_monsterinsights_skip_tracking":false,"_monsterinsights_sitenote_active":false,"_monsterinsights_sitenote_note":"","_monsterinsights_sitenote_category":0},"product_brand":[],"product_cat":[395],"product_tag":[],"class_list":{"0":"post-4246","1":"product","2":"type-product","3":"status-publish","4":"has-post-thumbnail","6":"product_cat-benidor","8":"first","9":"instock","10":"shipping-taxable","11":"purchasable","12":"product-type-simple"},"aioseo_notices":[],"_links":{"self":[{"href":"https:\/\/thestagdoideas.com\/it\/wp-json\/wp\/v2\/product\/4246","targetHints":{"allow":["GET"]}}],"collection":[{"href":"https:\/\/thestagdoideas.com\/it\/wp-json\/wp\/v2\/product"}],"about":[{"href":"https:\/\/thestagdoideas.com\/it\/wp-json\/wp\/v2\/types\/product"}],"replies":[{"embeddable":true,"href":"https:\/\/thestagdoideas.com\/it\/wp-json\/wp\/v2\/comments?post=4246"}],"wp:featuredmedia":[{"embeddable":true,"href":"https:\/\/thestagdoideas.com\/it\/wp-json\/wp\/v2\/media\/4442"}],"wp:attachment":[{"href":"https:\/\/thestagdoideas.com\/it\/wp-json\/wp\/v2\/media?parent=4246"}],"wp:term":[{"taxonomy":"product_brand","embeddable":true,"href":"https:\/\/thestagdoideas.com\/it\/wp-json\/wp\/v2\/product_brand?post=4246"},{"taxonomy":"product_cat","embeddable":true,"href":"https:\/\/thestagdoideas.com\/it\/wp-json\/wp\/v2\/product_cat?post=4246"},{"taxonomy":"product_tag","embeddable":true,"href":"https:\/\/thestagdoideas.com\/it\/wp-json\/wp\/v2\/product_tag?post=4246"}],"curies":[{"name":"wp","href":"https:\/\/api.w.org\/{rel}","templated":true}]}}