{"id":4134,"date":"2024-12-03T16:54:13","date_gmt":"2024-12-03T16:54:13","guid":{"rendered":"https:\/\/thestagdoideas.com\/activity\/cheeky-butler\/"},"modified":"2025-01-27T13:36:30","modified_gmt":"2025-01-27T12:36:30","slug":"-90","status":"publish","type":"product","link":"https:\/\/thestagdoideas.com\/it\/attivita\/-90\/","title":{"rendered":"Maggiordomo sfacciato"},"content":{"rendered":"<p>210\u20ac a Palma. Un'ora di servizio in cui l'impertinente maggiordomo si sposter\u00e0 nella vostra villa o appartamento, servir\u00e0 bevande, parteciper\u00e0 a giochi e scatter\u00e0 foto con tutto il gruppo. 2 bottiglie di cava incluse<\/p>","protected":false},"excerpt":{"rendered":"<p>210\u20ac a Palma. Un'ora di servizio in cui l'impertinente maggiordomo si sposter\u00e0 nella vostra villa o appartamento, servir\u00e0 bevande, parteciper\u00e0 a giochi e scatter\u00e0 foto con tutto il gruppo. 2 bottiglie di cava incluse<\/p>","protected":false},"featured_media":868,"comment_status":"open","ping_status":"closed","template":"","meta":{"om_disable_all_campaigns":false,"_monsterinsights_skip_tracking":false,"_monsterinsights_sitenote_active":false,"_monsterinsights_sitenote_note":"","_monsterinsights_sitenote_category":0},"product_brand":[],"product_cat":[165],"product_tag":[],"class_list":{"0":"post-4134","1":"product","2":"type-product","3":"status-publish","4":"has-post-thumbnail","6":"product_cat-mallorca","8":"first","9":"instock","10":"shipping-taxable","11":"product-type-simple"},"aioseo_notices":[],"_links":{"self":[{"href":"https:\/\/thestagdoideas.com\/it\/wp-json\/wp\/v2\/product\/4134","targetHints":{"allow":["GET"]}}],"collection":[{"href":"https:\/\/thestagdoideas.com\/it\/wp-json\/wp\/v2\/product"}],"about":[{"href":"https:\/\/thestagdoideas.com\/it\/wp-json\/wp\/v2\/types\/product"}],"replies":[{"embeddable":true,"href":"https:\/\/thestagdoideas.com\/it\/wp-json\/wp\/v2\/comments?post=4134"}],"wp:featuredmedia":[{"embeddable":true,"href":"https:\/\/thestagdoideas.com\/it\/wp-json\/wp\/v2\/media\/868"}],"wp:attachment":[{"href":"https:\/\/thestagdoideas.com\/it\/wp-json\/wp\/v2\/media?parent=4134"}],"wp:term":[{"taxonomy":"product_brand","embeddable":true,"href":"https:\/\/thestagdoideas.com\/it\/wp-json\/wp\/v2\/product_brand?post=4134"},{"taxonomy":"product_cat","embeddable":true,"href":"https:\/\/thestagdoideas.com\/it\/wp-json\/wp\/v2\/product_cat?post=4134"},{"taxonomy":"product_tag","embeddable":true,"href":"https:\/\/thestagdoideas.com\/it\/wp-json\/wp\/v2\/product_tag?post=4134"}],"curies":[{"name":"wp","href":"https:\/\/api.w.org\/{rel}","templated":true}]}}