{"id":4121,"date":"2024-12-03T16:54:01","date_gmt":"2024-12-03T16:54:01","guid":{"rendered":"https:\/\/thestagdoideas.com\/activity\/sunset-catamaran\/"},"modified":"2025-01-27T13:21:05","modified_gmt":"2025-01-27T12:21:05","slug":"-77","status":"publish","type":"product","link":"https:\/\/thestagdoideas.com\/it\/attivita\/-77\/","title":{"rendered":"CATAMARANO AL TRAMONTO"},"content":{"rendered":"<p>Godersi un tramonto su un catamarano \u00e8 un'esperienza che non solo arricchir\u00e0 il vostro soggiorno a Maiorca, ma far\u00e0 parte dei vostri ricordi. <\/p>\n<p>\u00c8 perfetto per famiglie o gruppi di amici che vogliono vivere l'esperienza di navigare nelle acque di Maiorca, rilassandosi e godendosi la natura.<\/p>\n<p>Vivete il tramonto come mai prima d'ora! Osservate la luce che brilla e danza sulle onde. <\/p>\n<p>Il nostro ampio ponte e le nostre amache chill out consentono un'esperienza intima e confortevole.<\/p>","protected":false},"excerpt":{"rendered":"<p>Godersi un tramonto su un catamarano \u00e8 un'esperienza che non solo arricchir\u00e0 il vostro soggiorno a Maiorca, ma far\u00e0 parte dei vostri ricordi. <\/p>\n<p>\u00c8 perfetto per famiglie o gruppi di amici che vogliono vivere l'esperienza di navigare nelle acque di Maiorca, rilassandosi e godendosi la natura.<\/p>\n<p>Vivete il tramonto come mai prima d'ora! Osservate la luce che brilla e danza sulle onde. <\/p>\n<p>Il nostro ampio ponte e le nostre amache chill out consentono un'esperienza intima e confortevole.<\/p>","protected":false},"featured_media":4407,"comment_status":"open","ping_status":"closed","template":"","meta":{"om_disable_all_campaigns":false,"_monsterinsights_skip_tracking":false,"_monsterinsights_sitenote_active":false,"_monsterinsights_sitenote_note":"","_monsterinsights_sitenote_category":0},"product_brand":[],"product_cat":[165],"product_tag":[],"class_list":{"0":"post-4121","1":"product","2":"type-product","3":"status-publish","4":"has-post-thumbnail","6":"product_cat-mallorca","8":"first","9":"instock","10":"shipping-taxable","11":"product-type-simple"},"aioseo_notices":[],"_links":{"self":[{"href":"https:\/\/thestagdoideas.com\/it\/wp-json\/wp\/v2\/product\/4121","targetHints":{"allow":["GET"]}}],"collection":[{"href":"https:\/\/thestagdoideas.com\/it\/wp-json\/wp\/v2\/product"}],"about":[{"href":"https:\/\/thestagdoideas.com\/it\/wp-json\/wp\/v2\/types\/product"}],"replies":[{"embeddable":true,"href":"https:\/\/thestagdoideas.com\/it\/wp-json\/wp\/v2\/comments?post=4121"}],"wp:featuredmedia":[{"embeddable":true,"href":"https:\/\/thestagdoideas.com\/it\/wp-json\/wp\/v2\/media\/4407"}],"wp:attachment":[{"href":"https:\/\/thestagdoideas.com\/it\/wp-json\/wp\/v2\/media?parent=4121"}],"wp:term":[{"taxonomy":"product_brand","embeddable":true,"href":"https:\/\/thestagdoideas.com\/it\/wp-json\/wp\/v2\/product_brand?post=4121"},{"taxonomy":"product_cat","embeddable":true,"href":"https:\/\/thestagdoideas.com\/it\/wp-json\/wp\/v2\/product_cat?post=4121"},{"taxonomy":"product_tag","embeddable":true,"href":"https:\/\/thestagdoideas.com\/it\/wp-json\/wp\/v2\/product_tag?post=4121"}],"curies":[{"name":"wp","href":"https:\/\/api.w.org\/{rel}","templated":true}]}}