{"id":4120,"date":"2024-12-03T16:54:00","date_gmt":"2024-12-03T16:54:00","guid":{"rendered":"https:\/\/thestagdoideas.com\/activity\/catamaran-bbq\/"},"modified":"2025-01-27T13:20:54","modified_gmt":"2025-01-27T12:20:54","slug":"-76","status":"publish","type":"product","link":"https:\/\/thestagdoideas.com\/it\/attivita\/-76\/","title":{"rendered":"CATAMARANO + bbq"},"content":{"rendered":"<p>Perfetto per le famiglie che vogliono fare qualcosa di diverso con i bambini a Maiorca, godendosi il mare. Non preoccupatevi del cibo, perch\u00e9 \u00e8 gi\u00e0 incluso nell'esperienza di 4 ore.<\/p>","protected":false},"excerpt":{"rendered":"<p>Perfetto per le famiglie che vogliono fare qualcosa di diverso con i bambini a Maiorca, godendosi il mare. Non preoccupatevi del cibo, perch\u00e9 \u00e8 gi\u00e0 incluso nell'esperienza di 4 ore.<\/p>","protected":false},"featured_media":4407,"comment_status":"open","ping_status":"closed","template":"","meta":{"om_disable_all_campaigns":false,"_monsterinsights_skip_tracking":false,"_monsterinsights_sitenote_active":false,"_monsterinsights_sitenote_note":"","_monsterinsights_sitenote_category":0},"product_brand":[],"product_cat":[165],"product_tag":[],"class_list":{"0":"post-4120","1":"product","2":"type-product","3":"status-publish","4":"has-post-thumbnail","6":"product_cat-mallorca","8":"first","9":"instock","10":"shipping-taxable","11":"product-type-simple"},"aioseo_notices":[],"_links":{"self":[{"href":"https:\/\/thestagdoideas.com\/it\/wp-json\/wp\/v2\/product\/4120","targetHints":{"allow":["GET"]}}],"collection":[{"href":"https:\/\/thestagdoideas.com\/it\/wp-json\/wp\/v2\/product"}],"about":[{"href":"https:\/\/thestagdoideas.com\/it\/wp-json\/wp\/v2\/types\/product"}],"replies":[{"embeddable":true,"href":"https:\/\/thestagdoideas.com\/it\/wp-json\/wp\/v2\/comments?post=4120"}],"wp:featuredmedia":[{"embeddable":true,"href":"https:\/\/thestagdoideas.com\/it\/wp-json\/wp\/v2\/media\/4407"}],"wp:attachment":[{"href":"https:\/\/thestagdoideas.com\/it\/wp-json\/wp\/v2\/media?parent=4120"}],"wp:term":[{"taxonomy":"product_brand","embeddable":true,"href":"https:\/\/thestagdoideas.com\/it\/wp-json\/wp\/v2\/product_brand?post=4120"},{"taxonomy":"product_cat","embeddable":true,"href":"https:\/\/thestagdoideas.com\/it\/wp-json\/wp\/v2\/product_cat?post=4120"},{"taxonomy":"product_tag","embeddable":true,"href":"https:\/\/thestagdoideas.com\/it\/wp-json\/wp\/v2\/product_tag?post=4120"}],"curies":[{"name":"wp","href":"https:\/\/api.w.org\/{rel}","templated":true}]}}