{"id":4110,"date":"2024-12-03T16:53:52","date_gmt":"2024-12-03T16:53:52","guid":{"rendered":"https:\/\/thestagdoideas.com\/activity\/kayak-tour\/"},"modified":"2025-01-27T13:11:15","modified_gmt":"2025-01-27T12:11:15","slug":"-66","status":"publish","type":"product","link":"https:\/\/thestagdoideas.com\/it\/attivita\/-66\/","title":{"rendered":"Tour in kayak"},"content":{"rendered":"<p>Scoprite Maiorca in modo diverso. La nostra guida vi condurr\u00e0 attraverso i siti pi\u00f9 spettacolari e vi assister\u00e0 per qualsiasi necessit\u00e0. Include: tutto il materiale + guida\/istruttore + ritiro in hotel se si trova nella zona di Calvia.<\/p>","protected":false},"excerpt":{"rendered":"<p>Scoprite Maiorca in modo diverso. La nostra guida vi condurr\u00e0 attraverso i siti pi\u00f9 spettacolari e vi assister\u00e0 per qualsiasi necessit\u00e0. Include: tutto il materiale + guida\/istruttore + ritiro in hotel se si trova nella zona di Calvia.<\/p>","protected":false},"featured_media":4470,"comment_status":"open","ping_status":"closed","template":"","meta":{"om_disable_all_campaigns":false,"_monsterinsights_skip_tracking":false,"_monsterinsights_sitenote_active":false,"_monsterinsights_sitenote_note":"","_monsterinsights_sitenote_category":0},"product_brand":[],"product_cat":[165],"product_tag":[],"class_list":{"0":"post-4110","1":"product","2":"type-product","3":"status-publish","4":"has-post-thumbnail","6":"product_cat-mallorca","8":"first","9":"instock","10":"shipping-taxable","11":"product-type-simple"},"aioseo_notices":[],"_links":{"self":[{"href":"https:\/\/thestagdoideas.com\/it\/wp-json\/wp\/v2\/product\/4110","targetHints":{"allow":["GET"]}}],"collection":[{"href":"https:\/\/thestagdoideas.com\/it\/wp-json\/wp\/v2\/product"}],"about":[{"href":"https:\/\/thestagdoideas.com\/it\/wp-json\/wp\/v2\/types\/product"}],"replies":[{"embeddable":true,"href":"https:\/\/thestagdoideas.com\/it\/wp-json\/wp\/v2\/comments?post=4110"}],"wp:featuredmedia":[{"embeddable":true,"href":"https:\/\/thestagdoideas.com\/it\/wp-json\/wp\/v2\/media\/4470"}],"wp:attachment":[{"href":"https:\/\/thestagdoideas.com\/it\/wp-json\/wp\/v2\/media?parent=4110"}],"wp:term":[{"taxonomy":"product_brand","embeddable":true,"href":"https:\/\/thestagdoideas.com\/it\/wp-json\/wp\/v2\/product_brand?post=4110"},{"taxonomy":"product_cat","embeddable":true,"href":"https:\/\/thestagdoideas.com\/it\/wp-json\/wp\/v2\/product_cat?post=4110"},{"taxonomy":"product_tag","embeddable":true,"href":"https:\/\/thestagdoideas.com\/it\/wp-json\/wp\/v2\/product_tag?post=4110"}],"curies":[{"name":"wp","href":"https:\/\/api.w.org\/{rel}","templated":true}]}}