{"id":4091,"date":"2024-12-03T16:53:35","date_gmt":"2024-12-03T16:53:35","guid":{"rendered":"https:\/\/thestagdoideas.com\/activity\/banana-boat\/"},"modified":"2025-01-27T13:01:10","modified_gmt":"2025-01-27T12:01:10","slug":"-47","status":"publish","type":"product","link":"https:\/\/thestagdoideas.com\/it\/attivita\/-47\/","title":{"rendered":"Banana Boat"},"content":{"rendered":"<p>La nostra attivit\u00e0 di banana boat inizia in spiaggia, dove l'istruttore spiegher\u00e0 ai partecipanti le regole di sicurezza. Una volta che i partecipanti sono saliti a bordo della banana, questa verr\u00e0 trascinata da un motoscafo a tutta velocit\u00e0 attraverso la baia di Maiorca. Si tratta di un'esperienza super divertente da condividere con amici e familiari, particolarmente consigliata nelle calde giornate estive. Disponibile ad Arenal e Magalluf<\/p>","protected":false},"excerpt":{"rendered":"<p>La nostra attivit\u00e0 di banana boat inizia in spiaggia, dove l'istruttore spiegher\u00e0 ai partecipanti le regole di sicurezza. Una volta che i partecipanti sono saliti a bordo della banana, questa verr\u00e0 trascinata da un motoscafo a tutta velocit\u00e0 attraverso la baia di Maiorca. Si tratta di un'esperienza super divertente da condividere con amici e familiari, particolarmente consigliata nelle calde giornate estive. Disponibile ad Arenal e Magalluf<\/p>","protected":false},"featured_media":4466,"comment_status":"open","ping_status":"closed","template":"","meta":{"om_disable_all_campaigns":false,"_monsterinsights_skip_tracking":false,"_monsterinsights_sitenote_active":false,"_monsterinsights_sitenote_note":"","_monsterinsights_sitenote_category":0},"product_brand":[],"product_cat":[165],"product_tag":[],"class_list":{"0":"post-4091","1":"product","2":"type-product","3":"status-publish","4":"has-post-thumbnail","6":"product_cat-mallorca","8":"first","9":"instock","10":"shipping-taxable","11":"product-type-simple"},"aioseo_notices":[],"_links":{"self":[{"href":"https:\/\/thestagdoideas.com\/it\/wp-json\/wp\/v2\/product\/4091","targetHints":{"allow":["GET"]}}],"collection":[{"href":"https:\/\/thestagdoideas.com\/it\/wp-json\/wp\/v2\/product"}],"about":[{"href":"https:\/\/thestagdoideas.com\/it\/wp-json\/wp\/v2\/types\/product"}],"replies":[{"embeddable":true,"href":"https:\/\/thestagdoideas.com\/it\/wp-json\/wp\/v2\/comments?post=4091"}],"wp:featuredmedia":[{"embeddable":true,"href":"https:\/\/thestagdoideas.com\/it\/wp-json\/wp\/v2\/media\/4466"}],"wp:attachment":[{"href":"https:\/\/thestagdoideas.com\/it\/wp-json\/wp\/v2\/media?parent=4091"}],"wp:term":[{"taxonomy":"product_brand","embeddable":true,"href":"https:\/\/thestagdoideas.com\/it\/wp-json\/wp\/v2\/product_brand?post=4091"},{"taxonomy":"product_cat","embeddable":true,"href":"https:\/\/thestagdoideas.com\/it\/wp-json\/wp\/v2\/product_cat?post=4091"},{"taxonomy":"product_tag","embeddable":true,"href":"https:\/\/thestagdoideas.com\/it\/wp-json\/wp\/v2\/product_tag?post=4091"}],"curies":[{"name":"wp","href":"https:\/\/api.w.org\/{rel}","templated":true}]}}