{"id":4084,"date":"2024-12-03T16:53:28","date_gmt":"2024-12-03T16:53:28","guid":{"rendered":"https:\/\/thestagdoideas.com\/activity\/water-park\/"},"modified":"2025-01-27T12:57:53","modified_gmt":"2025-01-27T11:57:53","slug":"-41","status":"publish","type":"product","link":"https:\/\/thestagdoideas.com\/it\/attivita\/-41\/","title":{"rendered":"Parco acquatico"},"content":{"rendered":"<p>Avete un appuntamento al parco acquatico di Maiorca per trascorrere una giornata divertente e rilassante con gli amici. Non dimenticate il costume da bagno e la crema solare! Questa attivit\u00e0 \u00e8 perfetta per rinfrescarsi un po'! Attenzione: questa attivit\u00e0 \u00e8 disponibile solo da giugno a settembre.<\/p>","protected":false},"excerpt":{"rendered":"<p>Avete un appuntamento al parco acquatico di Maiorca per trascorrere una giornata divertente e rilassante con gli amici. Non dimenticate il costume da bagno e la crema solare! Questa attivit\u00e0 \u00e8 perfetta per rinfrescarsi un po'! Attenzione: questa attivit\u00e0 \u00e8 disponibile solo da giugno a settembre.<\/p>","protected":false},"featured_media":4464,"comment_status":"open","ping_status":"closed","template":"","meta":{"om_disable_all_campaigns":false,"_monsterinsights_skip_tracking":false,"_monsterinsights_sitenote_active":false,"_monsterinsights_sitenote_note":"","_monsterinsights_sitenote_category":0},"product_brand":[],"product_cat":[165],"product_tag":[],"class_list":{"0":"post-4084","1":"product","2":"type-product","3":"status-publish","4":"has-post-thumbnail","6":"product_cat-mallorca","8":"first","9":"instock","10":"shipping-taxable","11":"product-type-simple"},"aioseo_notices":[],"_links":{"self":[{"href":"https:\/\/thestagdoideas.com\/it\/wp-json\/wp\/v2\/product\/4084","targetHints":{"allow":["GET"]}}],"collection":[{"href":"https:\/\/thestagdoideas.com\/it\/wp-json\/wp\/v2\/product"}],"about":[{"href":"https:\/\/thestagdoideas.com\/it\/wp-json\/wp\/v2\/types\/product"}],"replies":[{"embeddable":true,"href":"https:\/\/thestagdoideas.com\/it\/wp-json\/wp\/v2\/comments?post=4084"}],"wp:featuredmedia":[{"embeddable":true,"href":"https:\/\/thestagdoideas.com\/it\/wp-json\/wp\/v2\/media\/4464"}],"wp:attachment":[{"href":"https:\/\/thestagdoideas.com\/it\/wp-json\/wp\/v2\/media?parent=4084"}],"wp:term":[{"taxonomy":"product_brand","embeddable":true,"href":"https:\/\/thestagdoideas.com\/it\/wp-json\/wp\/v2\/product_brand?post=4084"},{"taxonomy":"product_cat","embeddable":true,"href":"https:\/\/thestagdoideas.com\/it\/wp-json\/wp\/v2\/product_cat?post=4084"},{"taxonomy":"product_tag","embeddable":true,"href":"https:\/\/thestagdoideas.com\/it\/wp-json\/wp\/v2\/product_tag?post=4084"}],"curies":[{"name":"wp","href":"https:\/\/api.w.org\/{rel}","templated":true}]}}