{"id":4082,"date":"2024-12-03T16:53:26","date_gmt":"2024-12-03T16:53:26","guid":{"rendered":"https:\/\/thestagdoideas.com\/activity\/hard-rock-dinner\/"},"modified":"2025-01-27T12:56:55","modified_gmt":"2025-01-27T11:56:55","slug":"-39","status":"publish","type":"product","link":"https:\/\/thestagdoideas.com\/it\/attivita\/-39\/","title":{"rendered":"CENA HARD ROCK"},"content":{"rendered":"<p>Situato nel quartiere di Santa Catalina e a soli 15 minuti a piedi dal centro storico e dalla cattedrale, \u00e8 il luogo ideale per gustare un pranzo o una cena speciali. Questo locale vanta un'enorme terrazza dove potrete godervi una vera e propria cena all'americana con vista sul porto di Palma di Maiorca.<\/p>\n<p>Inoltre, se il vostro tavolo si trova all'interno dell'Hard Rock Cafe Mallorca, lo spirito del rock vi avvolger\u00e0, poich\u00e9 sarete circondati da una serie di oggetti che decorano le pareti e che vi faranno sentire come se steste vivendo i pi\u00f9 grandi tempi della musica.<\/p>\n<p>Menu<br \/>\nIl menu dell'Hard Rock Cafe Mallorca comprende:<\/p>\n<p>Un piatto principale di:<\/p>\n<p>Il Big Cheeseburger: spesse fette di formaggio cheddar fuse su un hamburger di manzo, servito con lattuga, pomodoro, cipolla rossa e un contorno di patatine.<br \/>\nSandwich di pollo alla griglia: 227 grammi di pollo alla griglia con formaggio Monterey Jack fuso, pancetta affumicata, lattuga e pomodoro, servito su un panino brioche tostato con salsa di senape al miele.<br \/>\nCaesar Salad di pollo grigliato: petto di pollo grigliato su un letto di lattuga romana, parmigiano croccante, crostini e fette di parmigiano, condito con un condimento Caesar.<br \/>\nTwister Mac, Chicken and Cheese: petto di pollo grigliato servito su pasta cavatappi mescolata con salsa al formaggio e peperoni rossi, servito con pane all'aglio.<br \/>\nMoving Mountains Burger: hamburger a base vegetale 100% con formaggio cheddar e un anello di cipolla croccante, servito con lattuga e pomodoro e un contorno di patatine.<br \/>\nDue bevande: scegliere tra acqua, bibita, vino o birra.<\/p>\n<p>Un dessert: scegliete tra un frullato, un caff\u00e8 o un t\u00e8.<\/p>","protected":false},"excerpt":{"rendered":"<p>Situato nel quartiere di Santa Catalina e a soli 15 minuti a piedi dal centro storico e dalla cattedrale, \u00e8 il luogo ideale per gustare un pranzo o una cena speciali. Questo locale vanta un'enorme terrazza dove potrete godervi una vera e propria cena all'americana con vista sul porto di Palma di Maiorca.<\/p>\n<p>Inoltre, se il vostro tavolo si trova all'interno dell'Hard Rock Cafe Mallorca, lo spirito del rock vi avvolger\u00e0, poich\u00e9 sarete circondati da una serie di oggetti che decorano le pareti e che vi faranno sentire come se steste vivendo i pi\u00f9 grandi tempi della musica.<\/p>\n<p>Menu<br \/>\nIl menu dell'Hard Rock Cafe Mallorca comprende:<\/p>\n<p>Un piatto principale di:<\/p>\n<p>Il Big Cheeseburger: spesse fette di formaggio cheddar fuse su un hamburger di manzo, servito con lattuga, pomodoro, cipolla rossa e un contorno di patatine.<br \/>\nSandwich di pollo alla griglia: 227 grammi di pollo alla griglia con formaggio Monterey Jack fuso, pancetta affumicata, lattuga e pomodoro, servito su un panino brioche tostato con salsa di senape al miele.<br \/>\nCaesar Salad di pollo grigliato: petto di pollo grigliato su un letto di lattuga romana, parmigiano croccante, crostini e fette di parmigiano, condito con un condimento Caesar.<br \/>\nTwister Mac, Chicken and Cheese: petto di pollo grigliato servito su pasta cavatappi mescolata con salsa al formaggio e peperoni rossi, servito con pane all'aglio.<br \/>\nMoving Mountains Burger: hamburger a base vegetale 100% con formaggio cheddar e un anello di cipolla croccante, servito con lattuga e pomodoro e un contorno di patatine.<br \/>\nDue bevande: scegliere tra acqua, bibita, vino o birra.<\/p>\n<p>Un dessert: scegliete tra un frullato, un caff\u00e8 o un t\u00e8.<\/p>","protected":false},"featured_media":4015,"comment_status":"open","ping_status":"closed","template":"","meta":{"om_disable_all_campaigns":false,"_monsterinsights_skip_tracking":false,"_monsterinsights_sitenote_active":false,"_monsterinsights_sitenote_note":"","_monsterinsights_sitenote_category":0},"product_brand":[],"product_cat":[165],"product_tag":[],"class_list":{"0":"post-4082","1":"product","2":"type-product","3":"status-publish","4":"has-post-thumbnail","6":"product_cat-mallorca","8":"first","9":"instock","10":"shipping-taxable","11":"product-type-simple"},"aioseo_notices":[],"_links":{"self":[{"href":"https:\/\/thestagdoideas.com\/it\/wp-json\/wp\/v2\/product\/4082","targetHints":{"allow":["GET"]}}],"collection":[{"href":"https:\/\/thestagdoideas.com\/it\/wp-json\/wp\/v2\/product"}],"about":[{"href":"https:\/\/thestagdoideas.com\/it\/wp-json\/wp\/v2\/types\/product"}],"replies":[{"embeddable":true,"href":"https:\/\/thestagdoideas.com\/it\/wp-json\/wp\/v2\/comments?post=4082"}],"wp:featuredmedia":[{"embeddable":true,"href":"https:\/\/thestagdoideas.com\/it\/wp-json\/wp\/v2\/media\/4015"}],"wp:attachment":[{"href":"https:\/\/thestagdoideas.com\/it\/wp-json\/wp\/v2\/media?parent=4082"}],"wp:term":[{"taxonomy":"product_brand","embeddable":true,"href":"https:\/\/thestagdoideas.com\/it\/wp-json\/wp\/v2\/product_brand?post=4082"},{"taxonomy":"product_cat","embeddable":true,"href":"https:\/\/thestagdoideas.com\/it\/wp-json\/wp\/v2\/product_cat?post=4082"},{"taxonomy":"product_tag","embeddable":true,"href":"https:\/\/thestagdoideas.com\/it\/wp-json\/wp\/v2\/product_tag?post=4082"}],"curies":[{"name":"wp","href":"https:\/\/api.w.org\/{rel}","templated":true}]}}