{"id":4058,"date":"2024-12-03T16:53:04","date_gmt":"2024-12-03T16:53:04","guid":{"rendered":"https:\/\/thestagdoideas.com\/activity\/escape-indoor\/"},"modified":"2025-01-27T12:32:17","modified_gmt":"2025-01-27T11:32:17","slug":"-17","status":"publish","type":"product","link":"https:\/\/thestagdoideas.com\/it\/attivita\/-17\/","title":{"rendered":"fuga al coperto"},"content":{"rendered":"<p>Voi e il vostro gruppo di amici siete chiusi in una stanza e avete 60 minuti per fuggire. Il modo? Non ci sono istruzioni: una volta entrati nella stanza, dovrete usare il vostro ingegno. Dovete perlustrare la stanza e trovare indizi che vi permettano di trovare chiavi o combinazioni per aprire serrature, mobili, porte... La chiave pu\u00f2 essere ovunque. La risoluzione di pi\u00f9 enigmi intrecciati in una rete di cause ed effetti permette ai pi\u00f9 veloci e ai pi\u00f9 bravi di raggiungere il proprio obiettivo. Non tutti ci riescono.<\/p>","protected":false},"excerpt":{"rendered":"<p>Voi e il vostro gruppo di amici siete chiusi in una stanza e avete 60 minuti per fuggire. Il modo? Non ci sono istruzioni: una volta entrati nella stanza, dovrete usare il vostro ingegno. Dovete perlustrare la stanza e trovare indizi che vi permettano di trovare chiavi o combinazioni per aprire serrature, mobili, porte... La chiave pu\u00f2 essere ovunque. La risoluzione di pi\u00f9 enigmi intrecciati in una rete di cause ed effetti permette ai pi\u00f9 veloci e ai pi\u00f9 bravi di raggiungere il proprio obiettivo. Non tutti ci riescono.<\/p>","protected":false},"featured_media":3987,"comment_status":"closed","ping_status":"closed","template":"","meta":{"om_disable_all_campaigns":false,"_monsterinsights_skip_tracking":false,"_monsterinsights_sitenote_active":false,"_monsterinsights_sitenote_note":"","_monsterinsights_sitenote_category":0},"product_brand":[],"product_cat":[165],"product_tag":[],"class_list":{"0":"post-4058","1":"product","2":"type-product","3":"status-publish","4":"has-post-thumbnail","6":"product_cat-mallorca","8":"first","9":"instock","10":"shipping-taxable","11":"product-type-simple"},"aioseo_notices":[],"_links":{"self":[{"href":"https:\/\/thestagdoideas.com\/it\/wp-json\/wp\/v2\/product\/4058","targetHints":{"allow":["GET"]}}],"collection":[{"href":"https:\/\/thestagdoideas.com\/it\/wp-json\/wp\/v2\/product"}],"about":[{"href":"https:\/\/thestagdoideas.com\/it\/wp-json\/wp\/v2\/types\/product"}],"replies":[{"embeddable":true,"href":"https:\/\/thestagdoideas.com\/it\/wp-json\/wp\/v2\/comments?post=4058"}],"wp:featuredmedia":[{"embeddable":true,"href":"https:\/\/thestagdoideas.com\/it\/wp-json\/wp\/v2\/media\/3987"}],"wp:attachment":[{"href":"https:\/\/thestagdoideas.com\/it\/wp-json\/wp\/v2\/media?parent=4058"}],"wp:term":[{"taxonomy":"product_brand","embeddable":true,"href":"https:\/\/thestagdoideas.com\/it\/wp-json\/wp\/v2\/product_brand?post=4058"},{"taxonomy":"product_cat","embeddable":true,"href":"https:\/\/thestagdoideas.com\/it\/wp-json\/wp\/v2\/product_cat?post=4058"},{"taxonomy":"product_tag","embeddable":true,"href":"https:\/\/thestagdoideas.com\/it\/wp-json\/wp\/v2\/product_tag?post=4058"}],"curies":[{"name":"wp","href":"https:\/\/api.w.org\/{rel}","templated":true}]}}