{"id":4054,"date":"2024-12-03T16:53:01","date_gmt":"2024-12-03T16:53:01","guid":{"rendered":"https:\/\/thestagdoideas.com\/activity\/karting-indoor\/"},"modified":"2025-01-27T12:30:28","modified_gmt":"2025-01-27T11:30:28","slug":"-14","status":"publish","type":"product","link":"https:\/\/thestagdoideas.com\/it\/attivita\/-14\/","title":{"rendered":"Karting Indoor"},"content":{"rendered":"<p>Palma di Maiorca offre numerose attivit\u00e0 di qualit\u00e0 per l'addio al celibato, e questa \u00e8 la prima della lista! Sfuggite al sole cocente per un paio d'ore con un'esperienza di karting al coperto che non dimenticherete in fretta.<\/p>","protected":false},"excerpt":{"rendered":"<p>Palma di Maiorca offre numerose attivit\u00e0 di qualit\u00e0 per l'addio al celibato, e questa \u00e8 la prima della lista! Sfuggite al sole cocente per un paio d'ore con un'esperienza di karting al coperto che non dimenticherete in fretta.<\/p>","protected":false},"featured_media":502,"comment_status":"closed","ping_status":"closed","template":"","meta":{"om_disable_all_campaigns":false,"_monsterinsights_skip_tracking":false,"_monsterinsights_sitenote_active":false,"_monsterinsights_sitenote_note":"","_monsterinsights_sitenote_category":0},"product_brand":[],"product_cat":[165],"product_tag":[],"class_list":{"0":"post-4054","1":"product","2":"type-product","3":"status-publish","4":"has-post-thumbnail","6":"product_cat-mallorca","8":"first","9":"instock","10":"shipping-taxable","11":"product-type-simple"},"aioseo_notices":[],"_links":{"self":[{"href":"https:\/\/thestagdoideas.com\/it\/wp-json\/wp\/v2\/product\/4054","targetHints":{"allow":["GET"]}}],"collection":[{"href":"https:\/\/thestagdoideas.com\/it\/wp-json\/wp\/v2\/product"}],"about":[{"href":"https:\/\/thestagdoideas.com\/it\/wp-json\/wp\/v2\/types\/product"}],"replies":[{"embeddable":true,"href":"https:\/\/thestagdoideas.com\/it\/wp-json\/wp\/v2\/comments?post=4054"}],"wp:featuredmedia":[{"embeddable":true,"href":"https:\/\/thestagdoideas.com\/it\/wp-json\/wp\/v2\/media\/502"}],"wp:attachment":[{"href":"https:\/\/thestagdoideas.com\/it\/wp-json\/wp\/v2\/media?parent=4054"}],"wp:term":[{"taxonomy":"product_brand","embeddable":true,"href":"https:\/\/thestagdoideas.com\/it\/wp-json\/wp\/v2\/product_brand?post=4054"},{"taxonomy":"product_cat","embeddable":true,"href":"https:\/\/thestagdoideas.com\/it\/wp-json\/wp\/v2\/product_cat?post=4054"},{"taxonomy":"product_tag","embeddable":true,"href":"https:\/\/thestagdoideas.com\/it\/wp-json\/wp\/v2\/product_tag?post=4054"}],"curies":[{"name":"wp","href":"https:\/\/api.w.org\/{rel}","templated":true}]}}