{"id":3770,"date":"2024-11-22T15:55:12","date_gmt":"2024-11-22T15:55:12","guid":{"rendered":"https:\/\/thestagdoideas.com\/activity\/axe-throwing\/"},"modified":"2024-12-03T10:57:00","modified_gmt":"2024-12-03T10:57:00","slug":"lancio-dellascia","status":"publish","type":"product","link":"https:\/\/thestagdoideas.com\/it\/attivita\/lancio-dellascia\/","title":{"rendered":"Lancio dell'ascia"},"content":{"rendered":"<p>Provate il meglio del lancio dell'ascia a Budapest! Perfettamente adatta a chi ama il brivido e l'avventura, questa attivit\u00e0 garantisce emozioni, divertimento e ricordi indimenticabili. Non perdete quest'avventura di Budapest, che \u00e8 tra le pi\u00f9 apprezzate!<\/p>","protected":false},"excerpt":{"rendered":"<p>Scatenate l'emozione del lancio dell'ascia a Budapest. Un'attivit\u00e0 imperdibile per gli avventurieri!<\/p>","protected":false},"featured_media":3973,"comment_status":"open","ping_status":"closed","template":"","meta":{"om_disable_all_campaigns":false,"_monsterinsights_skip_tracking":false,"_monsterinsights_sitenote_active":false,"_monsterinsights_sitenote_note":"","_monsterinsights_sitenote_category":0},"product_brand":[],"product_cat":[390],"product_tag":[],"class_list":{"0":"post-3770","1":"product","2":"type-product","3":"status-publish","4":"has-post-thumbnail","6":"product_cat-budapest","8":"first","9":"instock","10":"shipping-taxable","11":"product-type-simple"},"aioseo_notices":[],"_links":{"self":[{"href":"https:\/\/thestagdoideas.com\/it\/wp-json\/wp\/v2\/product\/3770","targetHints":{"allow":["GET"]}}],"collection":[{"href":"https:\/\/thestagdoideas.com\/it\/wp-json\/wp\/v2\/product"}],"about":[{"href":"https:\/\/thestagdoideas.com\/it\/wp-json\/wp\/v2\/types\/product"}],"replies":[{"embeddable":true,"href":"https:\/\/thestagdoideas.com\/it\/wp-json\/wp\/v2\/comments?post=3770"}],"wp:featuredmedia":[{"embeddable":true,"href":"https:\/\/thestagdoideas.com\/it\/wp-json\/wp\/v2\/media\/3973"}],"wp:attachment":[{"href":"https:\/\/thestagdoideas.com\/it\/wp-json\/wp\/v2\/media?parent=3770"}],"wp:term":[{"taxonomy":"product_brand","embeddable":true,"href":"https:\/\/thestagdoideas.com\/it\/wp-json\/wp\/v2\/product_brand?post=3770"},{"taxonomy":"product_cat","embeddable":true,"href":"https:\/\/thestagdoideas.com\/it\/wp-json\/wp\/v2\/product_cat?post=3770"},{"taxonomy":"product_tag","embeddable":true,"href":"https:\/\/thestagdoideas.com\/it\/wp-json\/wp\/v2\/product_tag?post=3770"}],"curies":[{"name":"wp","href":"https:\/\/api.w.org\/{rel}","templated":true}]}}