{"id":3263,"date":"2024-08-21T11:40:08","date_gmt":"2024-08-21T11:40:08","guid":{"rendered":"https:\/\/thestagdoideas.com\/?post_type=product&#038;p=3263"},"modified":"2025-01-27T12:00:15","modified_gmt":"2025-01-27T11:00:15","slug":"spettacolo-lesbico-praga","status":"publish","type":"product","link":"https:\/\/thestagdoideas.com\/it\/attivita\/spettacolo-lesbico-praga\/","title":{"rendered":"Spettacolo lesbico a Praga"},"content":{"rendered":"<h1>Spettacolo Lesbico Praga\ud83d\udd25<\/h1>\n<p>Spettacolo lesbico a Praga. Sorpresa con uno spettacolo lesbico unico e speciale. Uno spettacolo erotico, divertente e partecipativo. Spogliarellista a scelta. Accesso al vostro piano, alla villa, al ristorante, al bar con sala privata o addirittura con una limousine a piedi. Il miglior addio al celibato!<\/p>\n<h4>Cosa include il nostro Lesbian Show Prague?<\/h4>\n<ul>\n<li>Due ragazze incredibili. Potete scegliere la vostra preferita!<\/li>\n<li>Musica e spettacolo di danza erotica<\/li>\n<li>Spettacolo completo di nudo<\/li>\n<\/ul>\n<p><strong>\ud83d\udd25 Sensualit\u00e0 e divertimento insensibili: Lo striptease non \u00e8 per una, ma per due ragazze! \ud83d\udd25<\/strong><\/p>\n<p>&nbsp;<\/p>\n<p>Salvate i momenti di puro erotismo e piacere con i nostri spettacoli di danza sensuale unici. Due ballerine solo per voi con la loro musica vi daranno un tocco di sensualit\u00e0 e piacere in qualsiasi momento e in qualsiasi luogo. Se una di loro \u00e8 sexy, allora le due sono la forma pi\u00f9 pura di erotismo.<\/p>\n<p>Sappiamo tutti quanto pu\u00f2 essere sexy uno spogliarello, la temperatura aumenta con una ballerina, immaginate come sarebbero due persone insieme.<\/p>\n<p>Erano molto affettuosi l'uno con l'altro, si toccavano, si strofinavano e si aiutavano persino a spogliarsi...<\/p>\n<p>\ud83d\udc83 Esperienza personalizzata per voi: lo spettacolo ruota intorno allo sposo.<\/p>\n<p>L'atmosfera era sensuale, la temperatura aumentava e tutti gli amici sono rimasti sorpresi dalla qualit\u00e0 della danza e dalle emozioni dei ballerini.<\/p>\n<p>Ogni movimento \u00e8 progettato per emozionare ...<strong>Prenotate subito il nostro spettacolo lesbico di Praga!<\/strong><\/p>\n<p>&nbsp;<\/p>\n<h4><strong>Dettagli dell'evento:<\/strong><\/h4>\n<p>- Ragazze diverse options\u26d3\ufe0f\ud83e\udd21<br \/>\n-Vengono al tuo alloggio\ud83d\udccd<\/p>\n<p><strong>Durata<\/strong>: 30\/40 minuti<br \/>\n<strong>Prezzo<\/strong>: contattateci ora!<\/p>\n<p>Prenotate subito il vostro addio al celibato e divertitevi!<\/p>","protected":false},"excerpt":{"rendered":"<p>Rendete speciale e unico l'evento della vostra migliore amica. Se una ragazza va bene, due ragazze vanno benissimo!<\/p>\n<h4><strong>Dettagli dell'evento:<\/strong><\/h4>\n<p>- Ragazze diverse options\u26d3\ufe0f\ud83e\udd21<br \/>\n-Vengono al tuo alloggio\ud83d\udccd<\/p>\n<p><strong>Durata<\/strong>: 30\/40 minuti<br \/>\n<strong>Prezzo<\/strong>: contattateci ora!<\/p>\n<p>Prenotate subito il vostro addio al celibato e divertitevi!<\/p>","protected":false},"featured_media":3516,"comment_status":"closed","ping_status":"closed","template":"","meta":{"om_disable_all_campaigns":false,"_monsterinsights_skip_tracking":false,"_monsterinsights_sitenote_active":false,"_monsterinsights_sitenote_note":"","_monsterinsights_sitenote_category":0},"product_brand":[],"product_cat":[388],"product_tag":[],"class_list":{"0":"post-3263","1":"product","2":"type-product","3":"status-publish","4":"has-post-thumbnail","6":"product_cat-praga","8":"first","9":"instock","10":"shipping-taxable","11":"product-type-simple"},"aioseo_notices":[],"_links":{"self":[{"href":"https:\/\/thestagdoideas.com\/it\/wp-json\/wp\/v2\/product\/3263","targetHints":{"allow":["GET"]}}],"collection":[{"href":"https:\/\/thestagdoideas.com\/it\/wp-json\/wp\/v2\/product"}],"about":[{"href":"https:\/\/thestagdoideas.com\/it\/wp-json\/wp\/v2\/types\/product"}],"replies":[{"embeddable":true,"href":"https:\/\/thestagdoideas.com\/it\/wp-json\/wp\/v2\/comments?post=3263"}],"wp:featuredmedia":[{"embeddable":true,"href":"https:\/\/thestagdoideas.com\/it\/wp-json\/wp\/v2\/media\/3516"}],"wp:attachment":[{"href":"https:\/\/thestagdoideas.com\/it\/wp-json\/wp\/v2\/media?parent=3263"}],"wp:term":[{"taxonomy":"product_brand","embeddable":true,"href":"https:\/\/thestagdoideas.com\/it\/wp-json\/wp\/v2\/product_brand?post=3263"},{"taxonomy":"product_cat","embeddable":true,"href":"https:\/\/thestagdoideas.com\/it\/wp-json\/wp\/v2\/product_cat?post=3263"},{"taxonomy":"product_tag","embeddable":true,"href":"https:\/\/thestagdoideas.com\/it\/wp-json\/wp\/v2\/product_tag?post=3263"}],"curies":[{"name":"wp","href":"https:\/\/api.w.org\/{rel}","templated":true}]}}