{"id":3261,"date":"2024-08-21T11:40:07","date_gmt":"2024-08-21T11:40:07","guid":{"rendered":"https:\/\/thestagdoideas.com\/?post_type=product&#038;p=3261"},"modified":"2025-01-27T12:00:15","modified_gmt":"2025-01-27T11:00:15","slug":"cameriera-in-topless-praga","status":"publish","type":"product","link":"https:\/\/thestagdoideas.com\/it\/attivita\/cameriera-in-topless-praga\/","title":{"rendered":"Cameriera in topless a Praga"},"content":{"rendered":"<h1>Cameriera in topless di Praga\ud83d\udd25<\/h1>\n<p>Cameriera in topless Praga. Cameriera sexy in topless dove servir\u00e0 bevande, far\u00e0 foto e sar\u00e0 piccante, attenta e amichevole!<\/p>\n<p>\ud83c\udf1f Esperienza indimenticabile a Praga: Una cameriera in topless per il suo addio al celibato! \ud83c\udf1fHai deciso di festeggiare il tuo addio al celibato a Praga, il paradiso d'Europa? Rendete l'esperienza ancora pi\u00f9 memorabile con la nostra offerta esclusiva: Una sensuale cameriera in lista per rendere la sua festa indimenticabile!<\/p>\n<p><strong>\ud83d\udd25 La nostra sexy cameriera \ud83d\udd25<\/strong><\/p>\n<h3>Cosa include il nostro servizio di cameriera in topless a Praga?<\/h3>\n<ul>\n<li>Un'ora di servizio. Possibilit\u00e0 di due ore.<\/li>\n<li>Puoi scegliere la tua ragazza preferita<\/li>\n<li>\u00c8 una cameriera normale, ma in topless!<\/li>\n<li>Serve le bevande, parla con il gruppo e pu\u00f2 anche fare dei giochi con il vostro gruppo!<\/li>\n<\/ul>\n<p>Immaginate una ragazza sexy, bella, piena di risorse e pronta a sorprendere. La nostra cameriera \u00e8 il complemento perfetto per una festa spensierata e divertente. Vestita in modo provocante e pronta a deliziare con la sua professionalit\u00e0 e il suo fascino, sar\u00e0 l'elemento che render\u00e0 il vostro addio al celibato un'esperienza unica.<\/p>\n<p>Il nostro servizio \u00e8 semplice e personalizzato per il vostro addio al celibato. Basta contattarci, fornirci i dettagli della vostra festa e lasciarci fare il resto. La nostra cameriera sexy a Ibiza Praga intratterr\u00e0 il gruppo, assicurando che ogni momento sia divertente e pieno di sorprese.<\/p>\n<p>Prenotate ora! \ud83d\udcde Non perdete l'occasione di rendere il vostro addio al nubilato un evento unico.<\/p>\n<p>Contattateci oggi stesso per prenotare la vostra cameriera sexy. Siamo qui per trasformare la vostra festa in un ricordo indimenticabile!<\/p>\n<p>La cameriera sexy ed esplosiva di Praga che vi servir\u00e0 i drink in biancheria intima e terminer\u00e0 il servizio al top del top.<\/p>\n<p><strong>\ud83c\udf89 Festa, divertimento e sensualit\u00e0 a Praga, solo con noi: Idee per l'addio al celibato! \ud83c\udf89<\/strong><\/p>\n<p>&nbsp;<\/p>\n<h4><strong>Dettagli dell'evento:<\/strong><\/h4>\n<p>- Ragazze diverse da choose\u26d3\ufe0f\ud83e\udd21<br \/>\n-Viene a casa tua \ud83d\udccd<\/p>\n<p><strong>Durata<\/strong>: un'ora o due<br \/>\n<strong>Prezzo<\/strong>: contattateci ora!<\/p>\n<p>Prenotate subito il vostro addio al celibato e divertitevi!<\/p>","protected":false},"excerpt":{"rendered":"<p>Una cameriera topless che ti serve da bere nel tuo appartamento per un'ora. Utile, sexy e divertente.<\/p>\n<h4><strong>Dettagli dell'evento:<\/strong><\/h4>\n<p>- Ragazze diverse da choose\u26d3\ufe0f\ud83e\udd21<br \/>\n-Viene a casa tua \ud83d\udccd<\/p>\n<p><strong>Durata<\/strong>: un'ora o due<br \/>\n<strong>Prezzo<\/strong>: contattateci ora!<\/p>\n<p>Prenotate subito il vostro addio al celibato e divertitevi!<\/p>","protected":false},"featured_media":3520,"comment_status":"closed","ping_status":"closed","template":"","meta":{"om_disable_all_campaigns":false,"_monsterinsights_skip_tracking":false,"_monsterinsights_sitenote_active":false,"_monsterinsights_sitenote_note":"","_monsterinsights_sitenote_category":0},"product_brand":[],"product_cat":[388],"product_tag":[],"class_list":{"0":"post-3261","1":"product","2":"type-product","3":"status-publish","4":"has-post-thumbnail","6":"product_cat-praga","8":"first","9":"instock","10":"shipping-taxable","11":"product-type-simple"},"aioseo_notices":[],"_links":{"self":[{"href":"https:\/\/thestagdoideas.com\/it\/wp-json\/wp\/v2\/product\/3261","targetHints":{"allow":["GET"]}}],"collection":[{"href":"https:\/\/thestagdoideas.com\/it\/wp-json\/wp\/v2\/product"}],"about":[{"href":"https:\/\/thestagdoideas.com\/it\/wp-json\/wp\/v2\/types\/product"}],"replies":[{"embeddable":true,"href":"https:\/\/thestagdoideas.com\/it\/wp-json\/wp\/v2\/comments?post=3261"}],"wp:featuredmedia":[{"embeddable":true,"href":"https:\/\/thestagdoideas.com\/it\/wp-json\/wp\/v2\/media\/3520"}],"wp:attachment":[{"href":"https:\/\/thestagdoideas.com\/it\/wp-json\/wp\/v2\/media?parent=3261"}],"wp:term":[{"taxonomy":"product_brand","embeddable":true,"href":"https:\/\/thestagdoideas.com\/it\/wp-json\/wp\/v2\/product_brand?post=3261"},{"taxonomy":"product_cat","embeddable":true,"href":"https:\/\/thestagdoideas.com\/it\/wp-json\/wp\/v2\/product_cat?post=3261"},{"taxonomy":"product_tag","embeddable":true,"href":"https:\/\/thestagdoideas.com\/it\/wp-json\/wp\/v2\/product_tag?post=3261"}],"curies":[{"name":"wp","href":"https:\/\/api.w.org\/{rel}","templated":true}]}}