{"id":3252,"date":"2024-08-21T11:39:59","date_gmt":"2024-08-21T11:39:59","guid":{"rendered":"https:\/\/thestagdoideas.com\/?post_type=product&#038;p=3252"},"modified":"2025-01-27T12:00:15","modified_gmt":"2025-01-27T11:00:15","slug":"go-kart-indoor-praga","status":"publish","type":"product","link":"https:\/\/thestagdoideas.com\/it\/attivita\/go-kart-indoor-praga\/","title":{"rendered":"Go Karting indoor Praga"},"content":{"rendered":"<h1>Go Karting indoor Prague\ud83c\udfce\ufe0f<\/h1>\n<p>Go Karting indoor Praga. Karting indoor a Praga!<\/p>\n<p>Scegliete una carriera regolare o il Gran Premio privato per gruppi.<strong>Il miglior singolo con idee per l'addio al celibato!<\/strong><\/p>\n<p>Provate l'emozione del karting!<\/p>\n<p>\ud83c\udfc1 Immergetevi nell'emozionante mondo del karting con la nostra attivit\u00e0 esclusiva a Praga! \ud83c\udfce\ufe0f<\/p>\n<h3>Scegliete l'opzione che preferite per il vostro Go Karting indoor di Praga:<\/h3>\n<ul>\n<li>8-15 minuti di carriera classica (vedere l'orario).Accettate la sfida della pista con una gara X Minute, gareggiando contro altri partecipanti in un'esperienza piena di adrenalina. Curve strette, rettilinei veloci, ogni ritorno \u00e8 un'occasione per provare l'emozione del karting.\ud83c\udfc6<\/li>\n<li>Indimenticabile Grand Prix: optate per il famoso Grand Prix, la migliore opzione per una festa di cervi. Un'esperienza finale che offre una pista privata per il vostro gruppo. Immergetevi nell'intensit\u00e0 con una carriera di prove, una carriera di classifica di rimozione e un'epica gara finale, seguita da un podio per i tre migliori piloti. A volte sono inclusi cava e un regalo. Un'avventura dove la competizione raggiunge il suo punto massimo.\ud83c\udfc1<\/li>\n<\/ul>\n<p>Un'esperienza adrenalinica e divertente: godetevi una pista di kart di livello mondiale, progettata per stimolare l'adrenalina e regalare emozioni. Che sia un appassionato di velocit\u00e0 o un concorrente esperto, questa attivit\u00e0 promette un'esperienza emozionante per tutti \ud83c\udf89.<\/p>\n<p>\ud83c\udf1f Prenotate subito per una giornata indimenticabile sui kart!<\/p>\n<p><strong>Lasciatevi trasportare in un'avventura di karting! Combinate competizione, adrenalina e puro divertimento.<\/strong><\/p>\n<p>Che si tratti di una carriera classica o di un epico gran premio, il nostro Karting promette una giornata indimenticabile a Ibiza! \ud83c\udfc1\ud83d\udea6<\/p>\n<p>Il numero di persone necessario per il Grand Prix \u00e8 di 6-20 persone. Non preoccupatevi se \u00e8 pi\u00f9 o meno, chiedeteci di trovare una buona soluzione! Fateci sapere tutti i dettagli e vi daremo il miglior prezzo per l'Indoor Karting Praga!<\/p>\n<p>&nbsp;<\/p>\n<h4><strong>Dettagli dell'evento:<\/strong><\/h4>\n<p>-Differente games\u26d3\ufe0f\ud83e\udd21<br \/>\n-E un luogo incredibile \ud83d\udccd<\/p>\n<p><strong>Durata<\/strong>: diverse opzioni<br \/>\n<strong>Prezzo<\/strong>: contattateci ora!<\/p>\n<p>Prenotate subito il vostro addio al celibato e divertitevi!<\/p>","protected":false},"excerpt":{"rendered":"<p>Karting indoor Praga. Godetevi la gara! Scegliete una gara normale o il Grand Prix privato per i gruppi di addio al celibato.<\/p>","protected":false},"featured_media":3546,"comment_status":"closed","ping_status":"closed","template":"","meta":{"om_disable_all_campaigns":false,"_monsterinsights_skip_tracking":false,"_monsterinsights_sitenote_active":false,"_monsterinsights_sitenote_note":"","_monsterinsights_sitenote_category":0},"product_brand":[],"product_cat":[388],"product_tag":[],"class_list":{"0":"post-3252","1":"product","2":"type-product","3":"status-publish","4":"has-post-thumbnail","6":"product_cat-praga","8":"first","9":"instock","10":"shipping-taxable","11":"product-type-simple"},"aioseo_notices":[],"_links":{"self":[{"href":"https:\/\/thestagdoideas.com\/it\/wp-json\/wp\/v2\/product\/3252","targetHints":{"allow":["GET"]}}],"collection":[{"href":"https:\/\/thestagdoideas.com\/it\/wp-json\/wp\/v2\/product"}],"about":[{"href":"https:\/\/thestagdoideas.com\/it\/wp-json\/wp\/v2\/types\/product"}],"replies":[{"embeddable":true,"href":"https:\/\/thestagdoideas.com\/it\/wp-json\/wp\/v2\/comments?post=3252"}],"wp:featuredmedia":[{"embeddable":true,"href":"https:\/\/thestagdoideas.com\/it\/wp-json\/wp\/v2\/media\/3546"}],"wp:attachment":[{"href":"https:\/\/thestagdoideas.com\/it\/wp-json\/wp\/v2\/media?parent=3252"}],"wp:term":[{"taxonomy":"product_brand","embeddable":true,"href":"https:\/\/thestagdoideas.com\/it\/wp-json\/wp\/v2\/product_brand?post=3252"},{"taxonomy":"product_cat","embeddable":true,"href":"https:\/\/thestagdoideas.com\/it\/wp-json\/wp\/v2\/product_cat?post=3252"},{"taxonomy":"product_tag","embeddable":true,"href":"https:\/\/thestagdoideas.com\/it\/wp-json\/wp\/v2\/product_tag?post=3252"}],"curies":[{"name":"wp","href":"https:\/\/api.w.org\/{rel}","templated":true}]}}