{"id":3249,"date":"2024-08-21T11:39:58","date_gmt":"2024-08-21T11:39:58","guid":{"rendered":"https:\/\/thestagdoideas.com\/?post_type=product&#038;p=3249"},"modified":"2025-01-27T12:00:15","modified_gmt":"2025-01-27T11:00:15","slug":"tour-in-segway-a-praga","status":"publish","type":"product","link":"https:\/\/thestagdoideas.com\/it\/attivita\/tour-in-segway-a-praga\/","title":{"rendered":"Tour in segway di Praga"},"content":{"rendered":"<h1>Tour in segway di Praga\ud83d\udefa<\/h1>\n<p>Tour in segway a Praga. Partite per un addio al celibato indimenticabile con un emozionante tour in segway a Praga! \ud83c\udf89\ud83d\udefa<\/p>\n<p>Un tour in Segway \u00e8 un'avventura guidata in cui si scivola attraverso la citt\u00e0 su un innovativo veicolo elettrico autobilanciato. \u00c8 un modo divertente e unico di esplorare la citt\u00e0, che offre sia emozioni che facilit\u00e0 di navigazione attraverso le splendide strade di Praga.<\/p>\n<h3>Cosa include l'attivit\u00e0 Segway Tour Praga?<\/h3>\n<ul>\n<li>Durata del tour personalizzabile: scegliete la durata che si adatta alle esigenze del vostro gruppo \u23f0<\/li>\n<li>Itinerari variegati: Scegliete tra diversi tour per scoprire i famosi punti di riferimento di Praga e i suoi luoghi pi\u00f9 affascinanti \ud83c\udf06<\/li>\n<li>Guida professionale: Ricevere informazioni complete sulla sicurezza e commenti approfonditi da parte di guide amichevoli e competenti \ud83d\udc68\u200d\ud83c\udfeb<\/li>\n<li>Comodo e divertente: Godetevi l'esplorazione della citt\u00e0 con stile grazie alla guida fluida e senza fatica del Segway \ud83d\ude0e<\/li>\n<\/ul>\n<p><strong>Perch\u00e9 scegliere un tour in Segway per il vostro addio al celibato?<\/strong><\/p>\n<ul>\n<li>Un'esperienza unica della citt\u00e0: Ammirate Praga da una nuova prospettiva mentre passate davanti ai suoi siti storici e alle sue gemme nascoste \ud83d\ude80<\/li>\n<li>Facile e divertente: Un'attivit\u00e0 divertente e facile da imparare, perfetta per i gruppi \ud83e\uddd1\u200d\ud83e\udd1d\u200d\ud83e\uddd1<\/li>\n<li>Ricordi indimenticabili: Creare ricordi duraturi ammirando il vivace paesaggio urbano e i suoi punti di riferimento iconici \ud83c\udff0<\/li>\n<li>Divertimento senza stress: Assicuratevi un momento fantastico per tutti con un modo rilassato ed emozionante di esplorare prima del matrimonio \ud83c\udf8a\ud83d\udc70\u200d\u2642\ufe0f<\/li>\n<li><\/li>\n<\/ul>\n<p><strong>Fate in modo che il vostro addio al celibato si distingua davvero con un esilarante tour in Segway attraverso la splendida citt\u00e0 di Praga! \ud83c\udfaf\ud83c\udf1f<\/strong><\/p>\n<p>&nbsp;<\/p>\n<h4><strong>Dettagli dell'evento:<\/strong><\/h4>\n<p>- Diversi tours\u26d3\ufe0f\ud83e\udd21<br \/>\n-Un'esperienza incredibile \ud83d\udccd<\/p>\n<p><strong>Durata<\/strong>: diverse opzioni<br \/>\n<strong>Prezzo<\/strong>: contattateci ora!<\/p>\n<p>Prenotate subito il vostro addio al celibato e divertitevi!<\/p>","protected":false},"excerpt":{"rendered":"<p>Volete scoprire Praga in modo originale?<br \/>\nScegliete il tour in Segway pi\u00f9 adatto al vostro gruppo e godetevi la citt\u00e0 in modo divertente!<\/p>","protected":false},"featured_media":3544,"comment_status":"closed","ping_status":"closed","template":"","meta":{"om_disable_all_campaigns":false,"_monsterinsights_skip_tracking":false,"_monsterinsights_sitenote_active":false,"_monsterinsights_sitenote_note":"","_monsterinsights_sitenote_category":0},"product_brand":[],"product_cat":[388],"product_tag":[],"class_list":{"0":"post-3249","1":"product","2":"type-product","3":"status-publish","4":"has-post-thumbnail","6":"product_cat-praga","8":"first","9":"instock","10":"shipping-taxable","11":"product-type-simple"},"aioseo_notices":[],"_links":{"self":[{"href":"https:\/\/thestagdoideas.com\/it\/wp-json\/wp\/v2\/product\/3249","targetHints":{"allow":["GET"]}}],"collection":[{"href":"https:\/\/thestagdoideas.com\/it\/wp-json\/wp\/v2\/product"}],"about":[{"href":"https:\/\/thestagdoideas.com\/it\/wp-json\/wp\/v2\/types\/product"}],"replies":[{"embeddable":true,"href":"https:\/\/thestagdoideas.com\/it\/wp-json\/wp\/v2\/comments?post=3249"}],"wp:featuredmedia":[{"embeddable":true,"href":"https:\/\/thestagdoideas.com\/it\/wp-json\/wp\/v2\/media\/3544"}],"wp:attachment":[{"href":"https:\/\/thestagdoideas.com\/it\/wp-json\/wp\/v2\/media?parent=3249"}],"wp:term":[{"taxonomy":"product_brand","embeddable":true,"href":"https:\/\/thestagdoideas.com\/it\/wp-json\/wp\/v2\/product_brand?post=3249"},{"taxonomy":"product_cat","embeddable":true,"href":"https:\/\/thestagdoideas.com\/it\/wp-json\/wp\/v2\/product_cat?post=3249"},{"taxonomy":"product_tag","embeddable":true,"href":"https:\/\/thestagdoideas.com\/it\/wp-json\/wp\/v2\/product_tag?post=3249"}],"curies":[{"name":"wp","href":"https:\/\/api.w.org\/{rel}","templated":true}]}}