{"id":3108,"date":"2024-07-19T08:26:45","date_gmt":"2024-07-19T08:26:45","guid":{"rendered":"https:\/\/thestagdoideas.com\/?post_type=product&#038;p=3108"},"modified":"2024-07-19T08:47:52","modified_gmt":"2024-07-19T08:47:52","slug":"pagaia-di-barcellona","status":"publish","type":"product","link":"https:\/\/thestagdoideas.com\/it\/attivita\/pagaia-di-barcellona\/","title":{"rendered":"Pagaia di Barcellona"},"content":{"rendered":"<div>Siete pronti per la migliore attivit\u00e0 acquatica in <a href=\"https:\/\/thestagdoideas.com\/it\/addio-al-celibato-ad-amsterdam-3\/\">Barcellona<\/a>? Allora <strong>Pagaia di Barcellona<\/strong> \u00e8 il piano definitivo per divertirsi con la famiglia e gli amici! Godetevi il vostro tempo con il miglior stile.<\/div>\n<h2><strong>Pagaia di Barcellona<\/strong> vi sta aspettando!<\/h2>\n<ul>\n<li>\ud83c\udf1f <strong>Barcellona Paddle Surf.<\/strong><\/li>\n<\/ul>\n<div><\/div>\n<div>\ud83c\udf0a Ehi, trascorrete un momento diverso ed emozionante in acqua con questa bellissima esperienza. <a href=\"https:\/\/thestagdoideas.com\/it\/addio-al-celibato-ad-amsterdam-3\/\">Barcellona<\/a> di per s\u00e9 \u00e8 perfetta, ma vi immaginate di conoscere la citt\u00e0 in riva al mare?<\/div>\n<div><\/div>\n<div>E non pensateci due volte, \u00e8 pi\u00f9 facile e sicuro di quanto pensiate! In quest'ora di paddle surf potrete sentire la libert\u00e0, il sole e la vita nelle vostre mani.<\/div>\n<div><\/div>\n<div>\ud83c\udfc4\u200d\u2642\ufe0f Inoltre, potete imbarcarvi sulle nostre spaziose tavole per due o una persona, che offrono un'esperienza di planata unica e divertente. Il paddle surf \u00e8 la combinazione perfetta di divertimento e sport, e rilassatevi, \u00e8 ideale per tutti i livelli di abilit\u00e0.<\/div>\n<div><\/div>\n<div>\ud83c\udf1e Prima di tutto, pagaiate al vostro ritmo, sentite la brezza marina sul viso mentre ammirate lo scenario mozzafiato di Barcellona. Il nostro noleggio esclusivo vi garantisce una privacy totale, permettendovi di vivere questa esperienza acquatica con i vostri amici o la vostra famiglia, lontano dalla folla.<\/div>\n<div><\/div>\n<div>\ud83c\udf34 Quindi, prenotate subito per un'avventura memorabile sotto il sole del Mediterraneo. L'esperienza <strong>Pagaia di Barcellona<\/strong>dove mare, sole e divertimento si fondono per creare ricordi indimenticabili.<\/div>\n<div><\/div>\n<div>Vivete il momento e lasciatevi trasportare dalla bellezza naturale di questa destinazione paradisiaca. Alle vostre pagaie, pronti, via! \ud83c\udf0a<\/div>\n<div><strong>MINIMO: 5 PERSONE.<br \/>\nTEMPO: 1 ORA.<\/strong><\/div>\n<div>\n<div><\/div>\n<div>Infine, siamo <a href=\"https:\/\/thestagdoideas.com\/it\/\"><strong>Idee per l'addio al celibato<\/strong><\/a>E abbiamo i migliori aerei della citt\u00e0, consultate il nostro sito web per maggiori informazioni.<\/div>\n<\/div>","protected":false},"excerpt":{"rendered":"<div>Vivete il momento e lasciatevi trasportare dalla bellezza naturale di questa destinazione paradisiaca.<br \/>\nQuindi, alle vostre racchette, pronti, via! \ud83c\udf1e\ud83c\udf0a<br \/>\nBarcellona Paddle Surf.<\/div>\n<div><strong>MINIMO: 5 PERSONE.<br \/>\nTEMPO: 1 ORA.<\/strong><\/div>","protected":false},"featured_media":3109,"comment_status":"open","ping_status":"closed","template":"","meta":{"om_disable_all_campaigns":false,"_monsterinsights_skip_tracking":false,"_monsterinsights_sitenote_active":false,"_monsterinsights_sitenote_note":"","_monsterinsights_sitenote_category":0},"product_brand":[],"product_cat":[63,331],"product_tag":[],"class_list":{"0":"post-3108","1":"product","2":"type-product","3":"status-publish","4":"has-post-thumbnail","6":"product_cat-barcelona","7":"product_cat-stag-party-barcelona-activities","9":"first","10":"instock","11":"virtual","12":"purchasable","13":"product-type-simple"},"aioseo_notices":[],"_links":{"self":[{"href":"https:\/\/thestagdoideas.com\/it\/wp-json\/wp\/v2\/product\/3108","targetHints":{"allow":["GET"]}}],"collection":[{"href":"https:\/\/thestagdoideas.com\/it\/wp-json\/wp\/v2\/product"}],"about":[{"href":"https:\/\/thestagdoideas.com\/it\/wp-json\/wp\/v2\/types\/product"}],"replies":[{"embeddable":true,"href":"https:\/\/thestagdoideas.com\/it\/wp-json\/wp\/v2\/comments?post=3108"}],"wp:featuredmedia":[{"embeddable":true,"href":"https:\/\/thestagdoideas.com\/it\/wp-json\/wp\/v2\/media\/3109"}],"wp:attachment":[{"href":"https:\/\/thestagdoideas.com\/it\/wp-json\/wp\/v2\/media?parent=3108"}],"wp:term":[{"taxonomy":"product_brand","embeddable":true,"href":"https:\/\/thestagdoideas.com\/it\/wp-json\/wp\/v2\/product_brand?post=3108"},{"taxonomy":"product_cat","embeddable":true,"href":"https:\/\/thestagdoideas.com\/it\/wp-json\/wp\/v2\/product_cat?post=3108"},{"taxonomy":"product_tag","embeddable":true,"href":"https:\/\/thestagdoideas.com\/it\/wp-json\/wp\/v2\/product_tag?post=3108"}],"curies":[{"name":"wp","href":"https:\/\/api.w.org\/{rel}","templated":true}]}}