{"id":1587,"date":"2024-03-28T11:09:53","date_gmt":"2024-03-28T11:09:53","guid":{"rendered":"https:\/\/thestagdoideas.com\/?post_type=product&#038;p=1587"},"modified":"2024-03-28T12:01:22","modified_gmt":"2024-03-28T12:01:22","slug":"lancio-dellascia-a-valencia","status":"publish","type":"product","link":"https:\/\/thestagdoideas.com\/it\/attivita\/lancio-dellascia-a-valencia\/","title":{"rendered":"Lancio dell'ascia a Valencia"},"content":{"rendered":"<p style=\"text-align: center;\">Lancio dell'ascia a Valencia<\/p>\n<p style=\"text-align: center;\">Siamo <a href=\"https:\/\/thestagdoideas.com\/it\/addio-al-celibato\/\">Addio al celibato<\/a>! <a href=\"https:\/\/thestagdoideas.com\/it\/hen-party\/\">Festa di addio al nubilato<\/a>e stiamo organizzando il vostro addio al celibato.<\/p>\n<p style=\"text-align: center;\"><span style=\"font-size: 23.04px; text-align: center; color: #333333;\">Lancio dell'ascia a Valencia \u26a1\ud83e\ude93<\/span><span style=\"font-size: 23.04px; text-align: center; color: #333333;\">\u200b<\/span><\/p>\n<div>\n<div>\n<div style=\"text-align: center;\">\n<div>Vivete questa indimenticabile avventura a Ibiza! Combinate precisione e divertimento!<br \/>\n<em><strong>Qui potrete sparare hachas in un ambiente sicuro e totalmente progettato per offrirvi il miglior divertimento!<\/strong><\/em><\/div>\n<\/div>\n<div><\/div>\n<div style=\"text-align: center;\">\n<ul>\n<li style=\"text-align: left;\"><strong>Ambiente sicuro:<\/strong> Seguiamo tutti i protocolli, dando sempre la priorit\u00e0 alla vostra sicurezza! <strong>Divertimento in un ambiente controllato! \u2600\ufe0f<\/strong><\/li>\n<\/ul>\n<\/div>\n<\/div>\n<p>&nbsp;<\/p>\n<div>\n<ul>\n<li><strong>Ricordi indimenticabili:<\/strong> Un'attivit\u00e0 diversa che ricorderete per sempre, riunirsi con i vostri amici e provare questo brivido sar\u00e0 incredibile! \ud83d\uddbc\ufe0f<\/li>\n<\/ul>\n<p>&nbsp;<\/p>\n<ul>\n<li>Lanza de Hachas \u00e8 un'esperienza moderna ed emozionante con <strong>radici ancestrali<\/strong>, scoprite quest'arte! <span style=\"font-size: 23.04px; text-align: center; color: #333333;\">\ud83e\ude93<\/span><\/li>\n<\/ul>\n<p>&nbsp;<\/p>\n<ul>\n<li><strong>Competizione amichevole:<\/strong> Una scelta di giochi e concorsi che entusiasmeranno tutti e renderanno tutto pi\u00f9 emozionante! \ud83d\udcab<\/li>\n<\/ul>\n<p>&nbsp;<\/p>\n<ul>\n<li><strong>Per tutti!<\/strong> Che lo abbiate gi\u00e0 fatto o che sia la vostra prima volta, abbiamo attivit\u00e0 personalizzate per tutti! Il nostro obiettivo \u00e8 che tutti si mettano alla prova e si divertano! \ud83d\udca1<\/li>\n<\/ul>\n<p>&nbsp;<\/p>\n<div style=\"text-align: center;\">\n<div>\u2800\u2800\u2800\u2800\u2800<\/div>\n<\/div>\n<div style=\"text-align: center;\">\u2800\u2800\u2800\u2800\u2800\u2800\u2800\u2800Non lasciatevi sfuggire questa opportunit\u00e0! Prenotate il vostro <strong>Lancio dell'ascia <\/strong>avventura e preparatevi a ridere molto!<\/div>\n<div style=\"text-align: center;\">Siete pronti per la sfida?<br \/>\n\u2800\u2800\u2800\u2800\u2800\u2800\u2800\u2800<\/div>\n<\/div>\n<\/div>\n<h3 style=\"text-align: center;\">\ud83c\udf89 <span style=\"font-size: 23.04px; text-align: center; color: #333333;\">Lancio dell'ascia<\/span>!<\/h3>\n<p class=\"p1\" style=\"text-align: center;\"><b>PRENOTAZIONE POSSIBILE PER GRUPPI DI: 8-12 PERSONE.<\/b><\/p>","protected":false},"excerpt":{"rendered":"<p style=\"text-align: center;\">Lancio dell'ascia a Valencia - Vivete questa indimenticabile avventura a Ibiza!<br \/>\nCombinate precisione e divertimento! \u26a1 Contattateci!<\/p>\n<p class=\"p1\" style=\"text-align: center;\"><b>PRENOTAZIONE POSSIBILE PER GRUPPI DI: 8-12 PERSONE.<\/b><\/p>","protected":false},"featured_media":1589,"comment_status":"open","ping_status":"closed","template":"","meta":{"om_disable_all_campaigns":false,"_monsterinsights_skip_tracking":false,"_monsterinsights_sitenote_active":false,"_monsterinsights_sitenote_note":"","_monsterinsights_sitenote_category":0},"product_brand":[],"product_cat":[371,369],"product_tag":[378],"class_list":{"0":"post-1587","1":"product","2":"type-product","3":"status-publish","4":"has-post-thumbnail","6":"product_cat-stag-party-valencia-activities","7":"product_cat-valencia","8":"product_tag-axe-throwing-valencia","10":"first","11":"instock","12":"virtual","13":"purchasable","14":"product-type-simple"},"aioseo_notices":[],"_links":{"self":[{"href":"https:\/\/thestagdoideas.com\/it\/wp-json\/wp\/v2\/product\/1587","targetHints":{"allow":["GET"]}}],"collection":[{"href":"https:\/\/thestagdoideas.com\/it\/wp-json\/wp\/v2\/product"}],"about":[{"href":"https:\/\/thestagdoideas.com\/it\/wp-json\/wp\/v2\/types\/product"}],"replies":[{"embeddable":true,"href":"https:\/\/thestagdoideas.com\/it\/wp-json\/wp\/v2\/comments?post=1587"}],"wp:featuredmedia":[{"embeddable":true,"href":"https:\/\/thestagdoideas.com\/it\/wp-json\/wp\/v2\/media\/1589"}],"wp:attachment":[{"href":"https:\/\/thestagdoideas.com\/it\/wp-json\/wp\/v2\/media?parent=1587"}],"wp:term":[{"taxonomy":"product_brand","embeddable":true,"href":"https:\/\/thestagdoideas.com\/it\/wp-json\/wp\/v2\/product_brand?post=1587"},{"taxonomy":"product_cat","embeddable":true,"href":"https:\/\/thestagdoideas.com\/it\/wp-json\/wp\/v2\/product_cat?post=1587"},{"taxonomy":"product_tag","embeddable":true,"href":"https:\/\/thestagdoideas.com\/it\/wp-json\/wp\/v2\/product_tag?post=1587"}],"curies":[{"name":"wp","href":"https:\/\/api.w.org\/{rel}","templated":true}]}}