{"id":1565,"date":"2024-03-27T16:11:52","date_gmt":"2024-03-27T16:11:52","guid":{"rendered":"https:\/\/thestagdoideas.com\/?post_type=product&#038;p=1565"},"modified":"2024-03-27T16:44:49","modified_gmt":"2024-03-27T16:44:49","slug":"corso-di-paella-a-valencia","status":"publish","type":"product","link":"https:\/\/thestagdoideas.com\/it\/attivita\/corso-di-paella-a-valencia\/","title":{"rendered":"Corso di preparazione della paella a Valencia"},"content":{"rendered":"<p>Corso di preparazione della paella a Valencia.<\/p>\n<p>Siamo <a href=\"https:\/\/thestagdoideas.com\/it\/addio-al-celibato\/\">Addio al celibato<\/a>! <a href=\"https:\/\/thestagdoideas.com\/it\/hen-party\/\">Festa di addio al nubilato<\/a>! e stiamo organizzando il vostro addio al celibato<\/p>\n<p>Diventate professionisti della Paella a Valencia!<\/p>\n<ul>\n<li style=\"text-align: center;\">Liberate lo chef che \u00e8 in voi e scoprite la cucina pi\u00f9 amata della Spagna: la paella!<br \/>\n<span style=\"font-size: 23.04px; text-align: center; color: #333333;\"><br \/>\nCorso di preparazione della paella a Valencia \ud83e\udd58<br \/>\n<\/span><\/li>\n<\/ul>\n<div>\n<h4 style=\"text-align: center;\">Buoni motivi per unirsi alla Paella Valencia:<\/h4>\n<div>\n<p>* <strong>La cucina come collegamento:<\/strong> Questa esperienza va ben oltre il semplice apprendimento di un piatto, \u00e8 un'opportunit\u00e0 per legare con i nostri cari, conoscere nuove persone e creare ricordi diversi. Cucinare, ridere e condividere.<\/p>\n<\/div>\n<div>\n<p>*<strong> Per tutti i livelli:<\/strong> Non importa se non sapete cucinare il riso o se siete lo chef pi\u00f9 famoso della vostra citt\u00e0: la paella che insegniamo pu\u00f2 essere preparata da chiunque!<\/p>\n<\/div>\n<div>\n<p>* <strong>Cuochi esperti:<\/strong> Gli chef sono professionisti appassionati della cucina della paella, quindi imparerete dai migliori. Vi parleranno della loro conoscenza e delle tradizioni della paella. La vostra paella sar\u00e0 autentica!<\/p>\n<\/div>\n<div>* <strong>Completamente interattivo:<\/strong> Il corso \u00e8 impartito in modo tale da farvi partecipare fin dall'inizio, senza che vi dobbiate chiedere se avete capito o meno un passaggio! Tutti saranno coinvolti in ogni fase fino al raggiungimento del risultato! Un'esperienza coinvolgente.<\/div>\n<\/div>\n<h3 style=\"text-align: center;\">\ud83c\udf89 Scoprite il corso di preparazione della paella a Valencia!<\/h3>\n<p style=\"text-align: center;\"><strong>VENDITA MINIMA: 6 PERSONE.<br \/>\n<\/strong><strong>TEMPO: 4 ORE.\u00a0<\/strong><\/p>","protected":false},"excerpt":{"rendered":"<p>Corso di preparazione della paella a Valencia! Liberate lo chef che \u00e8 in voi e scoprite la cucina pi\u00f9 amata della Spagna: la paella! \ud83e\udd58 Contattateci!<\/p>\n<p><strong>VENDITA MINIMA: 6 PERSONE.<br \/>\n<\/strong><strong>TEMPO: 4 ORE.\u00a0<\/strong><\/p>","protected":false},"featured_media":1566,"comment_status":"open","ping_status":"closed","template":"","meta":{"om_disable_all_campaigns":false,"_monsterinsights_skip_tracking":false,"_monsterinsights_sitenote_active":false,"_monsterinsights_sitenote_note":"","_monsterinsights_sitenote_category":0},"product_brand":[],"product_cat":[371,369],"product_tag":[376,374,375],"class_list":{"0":"post-1565","1":"product","2":"type-product","3":"status-publish","4":"has-post-thumbnail","6":"product_cat-stag-party-valencia-activities","7":"product_cat-valencia","8":"product_tag-paella-class-valencia","9":"product_tag-paella-making-class-valencia","10":"product_tag-paella-valencia","12":"first","13":"instock","14":"virtual","15":"purchasable","16":"product-type-simple"},"aioseo_notices":[],"_links":{"self":[{"href":"https:\/\/thestagdoideas.com\/it\/wp-json\/wp\/v2\/product\/1565","targetHints":{"allow":["GET"]}}],"collection":[{"href":"https:\/\/thestagdoideas.com\/it\/wp-json\/wp\/v2\/product"}],"about":[{"href":"https:\/\/thestagdoideas.com\/it\/wp-json\/wp\/v2\/types\/product"}],"replies":[{"embeddable":true,"href":"https:\/\/thestagdoideas.com\/it\/wp-json\/wp\/v2\/comments?post=1565"}],"wp:featuredmedia":[{"embeddable":true,"href":"https:\/\/thestagdoideas.com\/it\/wp-json\/wp\/v2\/media\/1566"}],"wp:attachment":[{"href":"https:\/\/thestagdoideas.com\/it\/wp-json\/wp\/v2\/media?parent=1565"}],"wp:term":[{"taxonomy":"product_brand","embeddable":true,"href":"https:\/\/thestagdoideas.com\/it\/wp-json\/wp\/v2\/product_brand?post=1565"},{"taxonomy":"product_cat","embeddable":true,"href":"https:\/\/thestagdoideas.com\/it\/wp-json\/wp\/v2\/product_cat?post=1565"},{"taxonomy":"product_tag","embeddable":true,"href":"https:\/\/thestagdoideas.com\/it\/wp-json\/wp\/v2\/product_tag?post=1565"}],"curies":[{"name":"wp","href":"https:\/\/api.w.org\/{rel}","templated":true}]}}