{"id":1454,"date":"2024-03-26T15:10:34","date_gmt":"2024-03-26T15:10:34","guid":{"rendered":"https:\/\/thestagdoideas.com\/?post_type=product&#038;p=1454"},"modified":"2024-03-27T10:51:51","modified_gmt":"2024-03-27T10:51:51","slug":"maggiordomo-sexy-ibiza","status":"publish","type":"product","link":"https:\/\/thestagdoideas.com\/it\/attivita\/maggiordomo-sexy-ibiza\/","title":{"rendered":"Maggiordomo sexy Ibiza"},"content":{"rendered":"<p style=\"text-align: center;\">Maggiordomo sexy Ibiza. Siete pronti a godervi un'ora con un maggiordomo svestito pronto a servirvi?<\/p>\n<p style=\"text-align: center;\">Servizio privato e a domicilio.<\/p>\n<p style=\"text-align: center;\">Le migliori feste di addio al celibato e al nubilato con <a href=\"https:\/\/thestagdoideas.com\/it\/addio-al-celibato\/\">Addio al celibato<\/a>! <a href=\"https:\/\/thestagdoideas.com\/it\/hen-party\/\">Festa di addio al nubilato<\/a>!<\/p>\n<h2 style=\"text-align: center;\">\ud83d\udd25 Sexy Ibiza Butler\ud83d\udd25<\/h2>\n<p style=\"text-align: center;\">Godetevi un'ora di un maggiordomo che sar\u00e0 al vostro servizio per qualsiasi cosa... Come?<\/p>\n<p style=\"text-align: center;\">Vi assicuriamo che il nostro maggiordomo vi lascer\u00e0 a bocca aperta e alzer\u00e0 la temperatura della stanza non appena varcher\u00e0 la porta.<\/p>\n<p style=\"text-align: center;\">Una fantasia erotica che diventa realt\u00e0: un uomo di muscoli e fuoco e pochi vestiti. Il nostro maggiordomo indossa solo un grembiule (che copre solo la parte anteriore del corpo...), un papillon e niente biancheria intima.<\/p>\n<p style=\"text-align: center;\">A chi non piacerebbe avere un maggiordomo senza vestiti per un'ora?<\/p>\n<p style=\"text-align: center;\">E tu, quando lo faresti?<\/p>\n<p style=\"text-align: center;\">Durante la vostra vacanza a Ibiza. L'isola \u00e8 un vero e proprio spettacolo pirotecnico. Il maggiordomo \u00e8 disponibile tutti i giorni e a qualsiasi ora. Non pensateci due volte e trasformate la vostra vacanza a Ibiza in un sogno che diventa realt\u00e0.<\/p>\n<p style=\"text-align: center;\">Che cos'\u00e8? \u2708\ufe0f<\/p>\n<p style=\"text-align: center;\">Il nostro maggiordomo \u00e8 cos\u00ec attento... Verr\u00e0 nel vostro hotel o nella vostra villa. Un servizio completamente privato.<\/p>\n<p style=\"text-align: center;\">Perch\u00e9?<\/p>\n<p style=\"text-align: center;\">Tutte le donne vorrebbero avere un uomo completamente al loro servizio per un'ora. Ma se gli togliamo i vestiti... \u00e8 ancora meglio!<\/p>\n<ul style=\"text-align: center;\">\n<li>Un'esperienza erotica, divertente e unica per godersi Ibiza in un modo molto originale \ud83d\udd25<\/li>\n<\/ul>\n<p style=\"text-align: center;\">\n<p style=\"text-align: center;\">Prenota il maggiordomo sexy di Ibiza!\ud83d\udd25<\/p>\n<p style=\"text-align: center;\">","protected":false},"excerpt":{"rendered":"<p>Maggiordomo sexy Ibiza. Maggiordomo sexy Ibiza. Siete pronti a godervi un'ora con un maggiordomo svestito pronto a servirvi?<\/p>\n<p>Servizio privato e a domicilio.<\/p>","protected":false},"featured_media":868,"comment_status":"open","ping_status":"closed","template":"","meta":{"om_disable_all_campaigns":false,"_monsterinsights_skip_tracking":false,"_monsterinsights_sitenote_active":false,"_monsterinsights_sitenote_note":"","_monsterinsights_sitenote_category":0},"product_brand":[],"product_cat":[265],"product_tag":[242,241],"class_list":{"0":"post-1454","1":"product","2":"type-product","3":"status-publish","4":"has-post-thumbnail","6":"product_cat-ibiza","7":"product_tag-sexy-butler","8":"product_tag-sexy-butler-mallorca","10":"first","11":"instock","12":"virtual","13":"purchasable","14":"product-type-simple"},"aioseo_notices":[],"_links":{"self":[{"href":"https:\/\/thestagdoideas.com\/it\/wp-json\/wp\/v2\/product\/1454","targetHints":{"allow":["GET"]}}],"collection":[{"href":"https:\/\/thestagdoideas.com\/it\/wp-json\/wp\/v2\/product"}],"about":[{"href":"https:\/\/thestagdoideas.com\/it\/wp-json\/wp\/v2\/types\/product"}],"replies":[{"embeddable":true,"href":"https:\/\/thestagdoideas.com\/it\/wp-json\/wp\/v2\/comments?post=1454"}],"wp:featuredmedia":[{"embeddable":true,"href":"https:\/\/thestagdoideas.com\/it\/wp-json\/wp\/v2\/media\/868"}],"wp:attachment":[{"href":"https:\/\/thestagdoideas.com\/it\/wp-json\/wp\/v2\/media?parent=1454"}],"wp:term":[{"taxonomy":"product_brand","embeddable":true,"href":"https:\/\/thestagdoideas.com\/it\/wp-json\/wp\/v2\/product_brand?post=1454"},{"taxonomy":"product_cat","embeddable":true,"href":"https:\/\/thestagdoideas.com\/it\/wp-json\/wp\/v2\/product_cat?post=1454"},{"taxonomy":"product_tag","embeddable":true,"href":"https:\/\/thestagdoideas.com\/it\/wp-json\/wp\/v2\/product_tag?post=1454"}],"curies":[{"name":"wp","href":"https:\/\/api.w.org\/{rel}","templated":true}]}}