{"id":1389,"date":"2024-03-26T09:20:44","date_gmt":"2024-03-26T09:20:44","guid":{"rendered":"https:\/\/thestagdoideas.com\/?post_type=product&#038;p=1389"},"modified":"2024-03-27T09:26:40","modified_gmt":"2024-03-27T09:26:40","slug":"festa-in-barca-a-ibiza","status":"publish","type":"product","link":"https:\/\/thestagdoideas.com\/it\/attivita\/festa-in-barca-a-ibiza\/","title":{"rendered":"Festa in barca a Ibiza"},"content":{"rendered":"<h1 style=\"text-align: center;\">\u26f4\ufe0f\u2600\ufe0f BOAT PARTY IBIZA \u2600\ufe0f\u26f4\ufe0f<\/h1>\n<div style=\"text-align: center;\">\ud83c\udf7b Imbarcatevi in un <strong>emozionante di 3 ore <a href=\"https:\/\/es.wikipedia.org\/wiki\/Catamar%C3%A1n\">viaggio in catamarano<\/a><\/strong> e unirsi ad altri gruppi per un'esperienza indimenticabile.<\/div>\n<div style=\"text-align: center;\"><\/div>\n<div style=\"text-align: center;\">\ud83c\udf57 Godetevi un <strong>gustoso barbecue<\/strong> e <strong>una bevanda per ospite<\/strong>, completata da vivaci brani di DJ e intrattenimento.<\/div>\n<div style=\"text-align: center;\"><\/div>\n<div style=\"text-align: center;\">\ud83c\udfdd\ufe0f Navigare nel Mediterraneo, tuffarsi nelle sue acque azzurre, ballare al ritmo, prendere il sole e godersi le feste senza fine.<\/div>\n<div style=\"text-align: center;\"><\/div>\n<div style=\"text-align: center;\">\u2600\ufe0f Scegliete tra tre orari di partenza: <strong>mattina, mezzogiorno o tardo pomeriggio\/sera<\/strong>, a vostro piacimento.<\/div>\n<div style=\"text-align: center;\"><\/div>\n<div style=\"text-align: center;\">\ud83e\udd38\u200d\u2642\ufe0f Limitata a un massimo di 70 passeggeri, questa avventura \u00e8 disponibile da met\u00e0 maggio a met\u00e0 settembre e promette una combinazione unica di divertimento e relax.<\/div>\n<div><\/div>\n<h4 style=\"text-align: center;\"><strong>L'opzione migliore per il vostro <a href=\"https:\/\/thestagdoideas.com\/it\/addio-al-celibato\/\">StagDo<\/a> o <a href=\"https:\/\/thestagdoideas.com\/it\/hen-party\/\">HenDo<\/a>!<\/strong><\/h4>\n<div><\/div>\n<h2 style=\"text-align: center;\"><strong>Festa in barca a Ibiza!<\/strong><br \/>\nDivertitevi con i vostri amici!<\/h2>","protected":false},"excerpt":{"rendered":"<p><span style=\"vertical-align: inherit;\"><span style=\"vertical-align: inherit;\"><span style=\"vertical-align: inherit;\"><span style=\"vertical-align: inherit;\"><span style=\"vertical-align: inherit;\"><span style=\"vertical-align: inherit;\">Partite per un'emozionante gita in catamarano di 3 ore e unitevi ad altri gruppi per un'esperienza indimenticabile. Gustate un gustoso barbecue e una bevanda per ospite, accompagnati da vivaci brani di DJ e intrattenimento.<\/span><\/span><\/span><\/span><\/span><\/span><\/p>","protected":false},"featured_media":384,"comment_status":"closed","ping_status":"closed","template":"","meta":{"om_disable_all_campaigns":false,"_monsterinsights_skip_tracking":false,"_monsterinsights_sitenote_active":false,"_monsterinsights_sitenote_note":"","_monsterinsights_sitenote_category":0},"product_brand":[],"product_cat":[265,267],"product_tag":[148,345],"class_list":{"0":"post-1389","1":"product","2":"type-product","3":"status-publish","4":"has-post-thumbnail","6":"product_cat-ibiza","7":"product_cat-stag-party-ibiza-activities","8":"product_tag-boat-party","9":"product_tag-boat-party-ibiza","11":"first","12":"instock","13":"virtual","14":"purchasable","15":"product-type-simple"},"aioseo_notices":[],"_links":{"self":[{"href":"https:\/\/thestagdoideas.com\/it\/wp-json\/wp\/v2\/product\/1389","targetHints":{"allow":["GET"]}}],"collection":[{"href":"https:\/\/thestagdoideas.com\/it\/wp-json\/wp\/v2\/product"}],"about":[{"href":"https:\/\/thestagdoideas.com\/it\/wp-json\/wp\/v2\/types\/product"}],"replies":[{"embeddable":true,"href":"https:\/\/thestagdoideas.com\/it\/wp-json\/wp\/v2\/comments?post=1389"}],"wp:featuredmedia":[{"embeddable":true,"href":"https:\/\/thestagdoideas.com\/it\/wp-json\/wp\/v2\/media\/384"}],"wp:attachment":[{"href":"https:\/\/thestagdoideas.com\/it\/wp-json\/wp\/v2\/media?parent=1389"}],"wp:term":[{"taxonomy":"product_brand","embeddable":true,"href":"https:\/\/thestagdoideas.com\/it\/wp-json\/wp\/v2\/product_brand?post=1389"},{"taxonomy":"product_cat","embeddable":true,"href":"https:\/\/thestagdoideas.com\/it\/wp-json\/wp\/v2\/product_cat?post=1389"},{"taxonomy":"product_tag","embeddable":true,"href":"https:\/\/thestagdoideas.com\/it\/wp-json\/wp\/v2\/product_tag?post=1389"}],"curies":[{"name":"wp","href":"https:\/\/api.w.org\/{rel}","templated":true}]}}