{"id":1382,"date":"2024-03-25T15:52:17","date_gmt":"2024-03-25T15:52:17","guid":{"rendered":"https:\/\/thestagdoideas.com\/?post_type=product&#038;p=1382"},"modified":"2026-03-31T23:09:12","modified_gmt":"2026-03-31T22:09:12","slug":"spettacolo-di-dominatrici-a-ibiza","status":"publish","type":"product","link":"https:\/\/thestagdoideas.com\/it\/attivita\/spettacolo-di-dominatrici-a-ibiza\/","title":{"rendered":"Spettacolo di dominatrici Ibiza"},"content":{"rendered":"<p style=\"text-align: center;\">Spettacolo di dominatrici a Ibiza. Spettacolo di dominatrici sexy a Ibiza. 1 ora di servizio.<\/p>\n<p style=\"text-align: center;\">Le migliori feste di addio al celibato con <a href=\"https:\/\/thestagdoideas.com\/it\/addio-al-celibato\/\">Addio al celibato<\/a>! <a href=\"https:\/\/thestagdoideas.com\/it\/hen-party\/\">Festa di addio al nubilato<\/a>!<\/p>\n<h2 style=\"text-align: center;\">\ud83c\udf1f Esperienza indimenticabile a Ibiza: Uno spettacolo di dominatrici a Ibiza per il tuo addio al celibato! \ud83c\udf1f<\/h2>\n<p style=\"text-align: center;\">Avete deciso di festeggiare il vostro addio al celibato a Ibiza, il paradiso delle Baleari? Rendete l'esperienza ancora pi\u00f9 memorabile con la nostra offerta esclusiva: una sensuale dominatrice pronta a rendere la vostra festa indimenticabile!<\/p>\n<p style=\"text-align: center;\">\ud83d\udd25 La nostra sexy dominatrice \ud83d\udd25 Immaginate una bellezza mediterranea, piena di risorse e pronta a sorprendere. La nostra dominatrice \u00e8 l'aggiunta perfetta a una festa spensierata e divertente. Vestita in modo provocante e pronta a deliziarvi con la sua professionalit\u00e0 e il suo fascino, sar\u00e0 l'elemento che render\u00e0 il vostro addio al celibato un'esperienza unica.<\/p>\n<p style=\"text-align: center;\">\ud83c\udf34 Ibiza, la location perfetta \ud83c\udf34 Situata nel cuore del Mediterraneo, Ibiza offre uno scenario mozzafiato per la vostra festa. Spiagge di sabbia bianca, acque cristalline e una vivace vita notturna creano l'ambiente perfetto per celebrare questo momento speciale.<\/p>\n<p style=\"text-align: center;\">\ud83d\udcbc Come funziona \ud83d\udcbc Il nostro servizio \u00e8 semplice e personalizzato per il vostro addio al celibato. Basta contattarci, fornirci i dettagli della vostra festa e lasciarci fare il resto. La nostra sexy dominatrice di Ibiza intratterr\u00e0 il gruppo, assicurando che ogni momento sia divertente e pieno di sorprese.<\/p>\n<p style=\"text-align: center;\">Prenotate ora! Non perdete l'occasione di rendere il vostro addio al celibato un evento unico. Contattateci oggi stesso per prenotare la vostra sexy dominatrice. Siamo qui per trasformare la vostra festa in un ricordo indimenticabile!<\/p>\n<p style=\"text-align: center;\">Sexy ed esplosiva dominatrice a Ibiza che vi servir\u00e0 da bere in biancheria intima e finir\u00e0 il servizio in top less. Servizi orari.<\/p>\n<p style=\"text-align: center;\">\ud83c\udf89 Festa, divertimento e sensualit\u00e0 a Ibiza - solo con noi: Addio al celibato! \ud83c\udf89<\/p>","protected":false},"excerpt":{"rendered":"<p>Una dominatrice a Ibiza per servirvi bevande nel vostro appartamento per un'ora. Utile, amichevole e divertente. Possibilit\u00e0 di farlo in un ristorante con sala privata.<\/p>","protected":false},"featured_media":1383,"comment_status":"open","ping_status":"closed","template":"","meta":{"om_disable_all_campaigns":false,"_monsterinsights_skip_tracking":false,"_monsterinsights_sitenote_active":false,"_monsterinsights_sitenote_note":"","_monsterinsights_sitenote_category":0},"product_brand":[],"product_cat":[265,267],"product_tag":[341,342],"class_list":{"0":"post-1382","1":"product","2":"type-product","3":"status-publish","4":"has-post-thumbnail","6":"product_cat-ibiza","7":"product_cat-stag-party-ibiza-activities","8":"product_tag-dominatrix-ibiza","9":"product_tag-sexy-dominatrix-ibiza","11":"first","12":"instock","13":"virtual","14":"product-type-simple"},"aioseo_notices":[],"_links":{"self":[{"href":"https:\/\/thestagdoideas.com\/it\/wp-json\/wp\/v2\/product\/1382","targetHints":{"allow":["GET"]}}],"collection":[{"href":"https:\/\/thestagdoideas.com\/it\/wp-json\/wp\/v2\/product"}],"about":[{"href":"https:\/\/thestagdoideas.com\/it\/wp-json\/wp\/v2\/types\/product"}],"replies":[{"embeddable":true,"href":"https:\/\/thestagdoideas.com\/it\/wp-json\/wp\/v2\/comments?post=1382"}],"wp:featuredmedia":[{"embeddable":true,"href":"https:\/\/thestagdoideas.com\/it\/wp-json\/wp\/v2\/media\/1383"}],"wp:attachment":[{"href":"https:\/\/thestagdoideas.com\/it\/wp-json\/wp\/v2\/media?parent=1382"}],"wp:term":[{"taxonomy":"product_brand","embeddable":true,"href":"https:\/\/thestagdoideas.com\/it\/wp-json\/wp\/v2\/product_brand?post=1382"},{"taxonomy":"product_cat","embeddable":true,"href":"https:\/\/thestagdoideas.com\/it\/wp-json\/wp\/v2\/product_cat?post=1382"},{"taxonomy":"product_tag","embeddable":true,"href":"https:\/\/thestagdoideas.com\/it\/wp-json\/wp\/v2\/product_tag?post=1382"}],"curies":[{"name":"wp","href":"https:\/\/api.w.org\/{rel}","templated":true}]}}