{"id":1375,"date":"2024-03-25T14:42:23","date_gmt":"2024-03-25T14:42:23","guid":{"rendered":"https:\/\/thestagdoideas.com\/?post_type=product&#038;p=1375"},"modified":"2026-03-31T20:10:23","modified_gmt":"2026-03-31T19:10:23","slug":"spogliarelliste-ibiza","status":"publish","type":"product","link":"https:\/\/thestagdoideas.com\/it\/attivita\/spogliarelliste-ibiza\/","title":{"rendered":"Spogliarelliste Ibiza"},"content":{"rendered":"<h1 style=\"text-align: center;\" data-start=\"341\" data-end=\"411\">Spogliarelliste Ibiza: L'esperienza di festa definitiva per il vostro addio al celibato \ud83c\udf89\ud83c\udf78<\/h1>\n<p data-start=\"413\" data-end=\"817\">Se state pianificando l'ultimo <strong data-start=\"445\" data-end=\"456\">addio al celibato<\/strong> nella capitale mondiale delle feste, non cercate altro che <strong data-start=\"513\" data-end=\"522\">Ibiza<\/strong>! Conosciuta per la sua folle vita notturna, le sue spiagge meravigliose e le sue esperienze indimenticabili, <strong data-start=\"605\" data-end=\"614\">Ibiza<\/strong> \u00e8 il luogo perfetto per festeggiare prima del vostro grande giorno! E per rendere la vostra festa ancora pi\u00f9 speciale, non c'\u00e8 niente di meglio che l'emozione di avere <strong data-start=\"763\" data-end=\"782\">Spogliarelliste Ibiza<\/strong> illumina la tua festa! \ud83d\udd25\ud83d\udc83<\/p>\n<h2 data-start=\"819\" data-end=\"871\">Perch\u00e9 scegliere le spogliarelliste di Ibiza per il vostro addio al celibato? \ud83d\udc8b\ud83d\udd25<\/h2>\n<p data-start=\"873\" data-end=\"1183\">Ibiza \u00e8 famosa in tutto il mondo per le sue feste sfrenate, e se si aggiunge la <strong data-start=\"936\" data-end=\"955\">Spogliarelliste Ibiza<\/strong> e il mix \u00e8 garantito da un'esperienza indimenticabile! Che siate alla ricerca di uno spettacolo sfacciato in un club, di un'esibizione privata o di un'esibizione selvaggia, non importa. <strong data-start=\"1097\" data-end=\"1111\">festa in barca<\/strong>Le migliori spogliarelliste di Ibiza sono qui per rendere il vostro addio al celibato ancora pi\u00f9 piccante! \ud83d\udca5\ud83c\udf51<\/p>\n<h3 data-start=\"1185\" data-end=\"1229\">Caldo <strong data-start=\"1193\" data-end=\"1212\">Spogliarelliste Ibiza<\/strong> ad ogni angolo \ud83d\udd25<\/h3>\n<p data-start=\"1231\" data-end=\"1567\">Con <strong data-start=\"1236\" data-end=\"1255\">Spogliarelliste Ibiza<\/strong>vi aspetta uno spettacolo che non dimenticherete presto! Dalle esibizioni sbalorditive in discoteche di fama mondiale alle feste private pi\u00f9 intime, <strong data-start=\"1388\" data-end=\"1407\">Spogliarelliste di Ibiza<\/strong> sono qui per rendere il vostro weekend di addio al celibato pi\u00f9 bollente che mai. Queste splendide performer sanno come mantenere alta l'energia e le buone vibrazioni per tutta la notte! \ud83c\udfb6\ud83d\udc83<\/p>\n<h3 data-start=\"1569\" data-end=\"1626\">Salpate per feste in barca indimenticabili a Ibiza \ud83d\udea4\ud83c\udf0a<\/h3>\n<p data-start=\"1628\" data-end=\"2048\">Siete alla ricerca di un modo unico di fare festa? Ibiza <strong data-start=\"1671\" data-end=\"1687\">feste in barca<\/strong> offrono un'esperienza unica nella vita! Immaginatevi una crociera nel Mediterraneo turchese, sorseggiando cocktail, godendo di ritmi da urlo e, naturalmente, avendo a che fare con un'esperienza di vita. <strong data-start=\"1850\" data-end=\"1869\">Spogliarelliste Ibiza<\/strong> rendere pi\u00f9 piccante la scena. \ud83c\udf1e\ud83c\udf79 Che si tratti di ballare con gli amici o di godersi la splendida vista, queste feste in barca sono il modo perfetto per festeggiare l'addio al celibato con stile! \ud83d\udee5\ufe0f\ud83c\udf89<\/p>\n<h3 data-start=\"2050\" data-end=\"2101\">Addio al celibato a Ibiza: La festa di una vita \ud83e\udd73\ud83c\udf7e<\/h3>\n<p data-start=\"2103\" data-end=\"2486\">Ibiza \u00e8 la meta ideale per una vacanza selvaggia <strong data-start=\"2148\" data-end=\"2159\">addio al celibato<\/strong>e quando si aggiunge <strong data-start=\"2178\" data-end=\"2197\">Spogliarelliste di Ibiza<\/strong> e il mix \u00e8 garantito, il divertimento \u00e8 assicurato! Dai club esclusivi sulla spiaggia alle folli <strong data-start=\"2295\" data-end=\"2311\">feste in barca<\/strong>Ibiza ha qualcosa per ogni tipo di festaiolo. E con alcuni degli spogliarelli pi\u00f9 sexy dell'isola, il vostro addio al celibato sar\u00e0 sulla bocca di tutti per anni. \ud83d\ude1c\ud83d\udd25<\/p>\n<h3 data-start=\"2488\" data-end=\"2538\">Organizzate il vostro addio al celibato con <strong data-start=\"2515\" data-end=\"2534\">Spogliarelliste Ibiza<\/strong>! \ud83c\udf34<\/h3>\n<p data-start=\"2540\" data-end=\"2859\">Non perdetevi la migliore esperienza di festa della vostra vita. Prenotate il vostro <strong data-start=\"2608\" data-end=\"2628\">addio al celibato a Ibiza<\/strong> e preparatevi a sperimentare il massimo del divertimento con <strong data-start=\"2683\" data-end=\"2702\">Spogliarelliste Ibiza<\/strong>, <strong data-start=\"2704\" data-end=\"2720\">feste in barca<\/strong>e notti indimenticabili! \ud83c\udf1f Dal momento del vostro arrivo, Ibiza far\u00e0 in modo che il vostro addio al celibato sia un'esperienza che non dimenticherete mai. \ud83d\ude0e\ud83c\udf89<\/p>\n<h3 data-start=\"2861\" data-end=\"2909\">Perch\u00e9 Ibiza \u00e8 la migliore destinazione di addio al celibato \ud83c\udf1e<\/h3>\n<p data-start=\"2911\" data-end=\"3228\">Non c'\u00e8 posto migliore per godersi un <strong data-start=\"2946\" data-end=\"2957\">addio al celibato<\/strong> di <strong data-start=\"2963\" data-end=\"2972\">Ibiza<\/strong>. Con il suo mix di selvaggi <strong data-start=\"2995\" data-end=\"3006\">feste<\/strong>Con i suoi panorami mozzafiato e le sue esperienze indimenticabili, \u00e8 la destinazione perfetta per chi cerca l'avventura. E quando si aggiunge <strong data-start=\"3136\" data-end=\"3155\">Spogliarelliste Ibiza<\/strong> la vostra festa raggiunger\u00e0 nuove vette di entusiasmo! \ud83c\udf7e\ud83c\udfb6<\/p>","protected":false},"excerpt":{"rendered":"<p>Spogliarello privato. Partecipate con il vostro gruppo a un evento erotico e sensuale. Possibilit\u00e0 di esibirsi in un appartamento, un pub, un ristorante con sala privata o una limousine.<\/p>\n<p>\"Stripper Girl Ibiza\" \u00e8 un vivace tema WordPress progettato per le attivit\u00e0 di intrattenimento e vita notturna, in particolare per quelle del settore dell'intrattenimento per adulti. Presenta un layout visivo straordinario con sezioni personalizzabili per mostrare artisti, eventi e promozioni. I vantaggi principali includono un design reattivo per una visualizzazione ottimale su tutti i dispositivi, una facile integrazione con i social media per la massima diffusione e un'ottimizzazione SEO integrata per migliorare la visibilit\u00e0. Le sue qualit\u00e0 uniche risiedono nell'estetica audace che cattura l'essenza della vita notturna di Ibiza, insieme a potenti sistemi di prenotazione e opzioni di galleria per creare un'esperienza utente coinvolgente. Perfetto per club, bar e luoghi di spettacolo che desiderano migliorare la propria presenza online.<\/p>","protected":false},"featured_media":454,"comment_status":"open","ping_status":"closed","template":"","meta":{"om_disable_all_campaigns":false,"_monsterinsights_skip_tracking":false,"_monsterinsights_sitenote_active":false,"_monsterinsights_sitenote_note":"","_monsterinsights_sitenote_category":0},"product_brand":[],"product_cat":[265,267],"product_tag":[268,270],"class_list":{"0":"post-1375","1":"product","2":"type-product","3":"status-publish","4":"has-post-thumbnail","6":"product_cat-ibiza","7":"product_cat-stag-party-ibiza-activities","8":"product_tag-girls-in-ibiza","9":"product_tag-strippers-ibiza","11":"first","12":"instock","13":"sale","14":"virtual","15":"purchasable","16":"product-type-simple"},"aioseo_notices":[],"_links":{"self":[{"href":"https:\/\/thestagdoideas.com\/it\/wp-json\/wp\/v2\/product\/1375","targetHints":{"allow":["GET"]}}],"collection":[{"href":"https:\/\/thestagdoideas.com\/it\/wp-json\/wp\/v2\/product"}],"about":[{"href":"https:\/\/thestagdoideas.com\/it\/wp-json\/wp\/v2\/types\/product"}],"replies":[{"embeddable":true,"href":"https:\/\/thestagdoideas.com\/it\/wp-json\/wp\/v2\/comments?post=1375"}],"wp:featuredmedia":[{"embeddable":true,"href":"https:\/\/thestagdoideas.com\/it\/wp-json\/wp\/v2\/media\/454"}],"wp:attachment":[{"href":"https:\/\/thestagdoideas.com\/it\/wp-json\/wp\/v2\/media?parent=1375"}],"wp:term":[{"taxonomy":"product_brand","embeddable":true,"href":"https:\/\/thestagdoideas.com\/it\/wp-json\/wp\/v2\/product_brand?post=1375"},{"taxonomy":"product_cat","embeddable":true,"href":"https:\/\/thestagdoideas.com\/it\/wp-json\/wp\/v2\/product_cat?post=1375"},{"taxonomy":"product_tag","embeddable":true,"href":"https:\/\/thestagdoideas.com\/it\/wp-json\/wp\/v2\/product_tag?post=1375"}],"curies":[{"name":"wp","href":"https:\/\/api.w.org\/{rel}","templated":true}]}}