{"id":4754,"date":"2025-03-10T13:24:44","date_gmt":"2025-03-10T12:24:44","guid":{"rendered":"https:\/\/thestagdoideas.com\/?page_id=4754"},"modified":"2025-03-10T13:24:56","modified_gmt":"2025-03-10T12:24:56","slug":"attivita-di-addio-al-celibato-indimenticabili-a-benidorm-lavventura-ci-aspetta","status":"publish","type":"page","link":"https:\/\/thestagdoideas.com\/it\/attivita-di-addio-al-celibato-indimenticabili-a-benidorm-lavventura-ci-aspetta\/","title":{"rendered":"Attivit\u00e0 di addio al celibato indimenticabili a Benidorm: L'avventura vi aspetta!"},"content":{"rendered":"<h1>Attivit\u00e0 di addio al celibato Benidorm<\/h1>\n<p>Benvenuti nella destinazione definitiva per un'indimenticabile <a href=\"https:\/\/thestagdoideas.com\/it\/addio-al-celibato-a-benidorm\/\"><strong>attivit\u00e0 di addio al celibato a Benidorm<\/strong><\/a>dove l'ultima avventura prima dell'anello si trasforma in un'avventura esilarante! Adagiata lungo la splendida Costa Blanca, Benidorm \u00e8 lo scenario perfetto per un weekend pieno di divertimento, risate e cameratismo.<\/p>\n<h2>Perch\u00e9 scegliere Benidorm per il vostro addio al celibato?<\/h2>\n<p>Benidorm non \u00e8 solo un paradiso soleggiato, ma \u00e8 anche un centro di esperienze emozionanti, adatte a ogni tipo di sposo e al suo gruppo. Ecco perch\u00e9 le nostre attivit\u00e0 di addio al celibato sono imbattibili:<\/p>\n<ul>\n<li><strong>Una vivace vita notturna:<\/strong> Scoprite l'energia pulsante della vita notturna di Benidorm, dai vivaci bar alle discoteche.<\/li>\n<li><strong>Spiagge meravigliose:<\/strong> Godetevi il sole, la sabbia e il surf in spiagge idilliache, perfette per il relax diurno o per i giochi in spiaggia.<\/li>\n<li><strong>Divertimento a prezzi accessibili:<\/strong> Il rapporto qualit\u00e0-prezzo \u00e8 garantito da un'ampia gamma di attivit\u00e0 per tutte le tasche.<\/li>\n<li><strong>Vicinanza alle attivit\u00e0:<\/strong> Godetevi il facile accesso a una pletora di attivit\u00e0 avventurose, tutte a breve distanza.<\/li>\n<\/ul>\n<h2>Attivit\u00e0 di addio al celibato tra cui scegliere<\/h2>\n<p>A Benidorm offriamo una vasta gamma di attivit\u00e0 per l'addio al celibato, in modo che ce ne sia per tutti i gusti:<\/p>\n<ul>\n<li><strong>Paintball:<\/strong> Impegnatevi in una competizione amichevole e in una strategia in libert\u00e0, con sessioni di paintball che promettono risate e adrenalina.<\/li>\n<li><strong>Go-Kart:<\/strong> Sentite il bisogno di velocit\u00e0 sulle nostre piste di go-kart di altissimo livello e gareggiate contro i vostri compagni.<\/li>\n<li><strong>Sport da spiaggia:<\/strong> Riunite la vostra squadra per una giornata all'insegna del divertimento: beach volley, calcio o anche un divertente tiro alla fune!<\/li>\n<li><strong>Sport acquatici:<\/strong> Tuffatevi in attivit\u00e0 emozionanti come jet ski, banana boat o paddleboard nel Mar Mediterraneo.<\/li>\n<li><strong>Esperienze culinarie:<\/strong> Assaporate un corso privato di cucina di tapas o concedetevi un tour di degustazione di birra o vino.<\/li>\n<\/ul>\n<h2>Caratteristiche uniche che ci distinguono<\/h2>\n<p>A <a href=\"https:\/\/thestagdoideas.com\/it\/addio-al-celibato-a-benidorm\/\"><strong>Attivit\u00e0 di addio al celibato Benidorm<\/strong><\/a>Siamo orgogliosi di offrire non solo attivit\u00e0, ma esperienze straordinarie:<\/p>\n<ul>\n<li><strong>Pacchetti personalizzabili:<\/strong> Personalizzate il vostro itinerario di addio al celibato in base alle preferenze e al budget del vostro gruppo.<\/li>\n<li><strong>Esperti locali:<\/strong> Approfittate dei nostri collegamenti con le guide locali che conoscono i luoghi migliori e le gemme nascoste.<\/li>\n<li><strong>La sicurezza prima di tutto:<\/strong> Diamo priorit\u00e0 alla vostra sicurezza con attivit\u00e0 ben organizzate e guidate da istruttori professionisti.<\/li>\n<li><strong>Sconti per gruppi:<\/strong> I gruppi pi\u00f9 numerosi possono godere di notevoli risparmi, rendendo l'addio al celibato ancora pi\u00f9 emozionante.<\/li>\n<\/ul>\n<h2>Creare ricordi indimenticabili<\/h2>\n<p>L'addio al celibato \u00e8 pi\u00f9 di una semplice festa: si tratta di creare ricordi che dureranno per tutta la vita. Immaginate tramonti mozzafiato, risate condivise tra amici ed esperienze che avvicinano tutti. A <strong>Attivit\u00e0 di addio al celibato Benidorm<\/strong>Ci assicuriamo che ogni momento della vostra celebrazione sia pieno di gioia e ilarit\u00e0, catturando perfettamente lo spirito di cameratismo.<\/p>\n<p>Preparate la scena per un epico addio al celibato: esplorate le nostre diverse attivit\u00e0 di addio al celibato e lanciatevi nell'avventura della vostra vita a Benidorm!<\/p>","protected":false},"excerpt":{"rendered":"<p> Scoprite la migliore esperienza di addio al celibato a Benidorm con le nostre attivit\u00e0 curate su misura per i gruppi in cerca di avventura e divertimento. Dagli esaltanti sport acquatici alla vivace vita notturna, dalle emozionanti sfide all'aperto alle rilassanti giornate in spiaggia, offriamo una vasta gamma di opzioni per tutti i gusti. Il nostro team di esperti assicura una pianificazione perfetta ed esperienze personalizzate, regalandovi ricordi indimenticabili. Approfittate di offerte esclusive presso i migliori locali e partecipate alle attivit\u00e0 uniche che ci contraddistinguono. Elevate il vostro addio al celibato a Benidorm, dove l'eccitazione incontra il relax in un'atmosfera vibrante!<\/p>","protected":false},"author":1,"featured_media":4469,"parent":0,"menu_order":0,"comment_status":"closed","ping_status":"closed","template":"","meta":{"om_disable_all_campaigns":false,"_monsterinsights_skip_tracking":false,"_monsterinsights_sitenote_active":false,"_monsterinsights_sitenote_note":"","_monsterinsights_sitenote_category":0,"footnotes":""},"class_list":["post-4754","page","type-page","status-publish","has-post-thumbnail","hentry"],"aioseo_notices":[],"_links":{"self":[{"href":"https:\/\/thestagdoideas.com\/it\/wp-json\/wp\/v2\/pages\/4754","targetHints":{"allow":["GET"]}}],"collection":[{"href":"https:\/\/thestagdoideas.com\/it\/wp-json\/wp\/v2\/pages"}],"about":[{"href":"https:\/\/thestagdoideas.com\/it\/wp-json\/wp\/v2\/types\/page"}],"author":[{"embeddable":true,"href":"https:\/\/thestagdoideas.com\/it\/wp-json\/wp\/v2\/users\/1"}],"replies":[{"embeddable":true,"href":"https:\/\/thestagdoideas.com\/it\/wp-json\/wp\/v2\/comments?post=4754"}],"version-history":[{"count":1,"href":"https:\/\/thestagdoideas.com\/it\/wp-json\/wp\/v2\/pages\/4754\/revisions"}],"predecessor-version":[{"id":4755,"href":"https:\/\/thestagdoideas.com\/it\/wp-json\/wp\/v2\/pages\/4754\/revisions\/4755"}],"wp:featuredmedia":[{"embeddable":true,"href":"https:\/\/thestagdoideas.com\/it\/wp-json\/wp\/v2\/media\/4469"}],"wp:attachment":[{"href":"https:\/\/thestagdoideas.com\/it\/wp-json\/wp\/v2\/media?parent=4754"}],"curies":[{"name":"wp","href":"https:\/\/api.w.org\/{rel}","templated":true}]}}