{"id":3152,"date":"2024-07-19T12:20:34","date_gmt":"2024-07-19T12:20:34","guid":{"rendered":"https:\/\/thestagdoideas.com\/?page_id=3152"},"modified":"2024-07-19T13:56:07","modified_gmt":"2024-07-19T13:56:07","slug":"addio-al-celibato-ad-amsterdam-14","status":"publish","type":"page","link":"https:\/\/thestagdoideas.com\/it\/addio-al-celibato-ad-amsterdam-14\/","title":{"rendered":"Strip Club Palma"},"content":{"rendered":"<section class=\"section\" id=\"section_695826609\">\n\t\t<div class=\"section-bg fill\" >\n\t\t\t\t\t\t\t\t\t\n\t\t\t\n\n\t\t<\/div>\n\n\t\t\n\n\t\t<div class=\"section-content relative\">\n\t\t\t\n\t<div id=\"gap-629401268\" class=\"gap-element clearfix\" style=\"display:block; height:auto;\">\n\t\t\n<style>\n#gap-629401268 {\n  padding-top: 96px;\n}\n@media (min-width:550px) {\n  #gap-629401268 {\n    padding-top: 62px;\n  }\n}\n<\/style>\n\t<\/div>\n\t\n\t\t<\/div>\n\n\t\t\n<style>\n#section_695826609 {\n  padding-top: 30px;\n  padding-bottom: 30px;\n}\n<\/style>\n\t<\/section>\n\t\n\n\t<section class=\"section\" id=\"section_1883176535\">\n\t\t<div class=\"section-bg fill\" >\n\t\t\t\t\t\t\t\t\t\n\t\t\t\n\n\t\t<\/div>\n\n\t\t\n\n\t\t<div class=\"section-content relative\">\n\t\t\t\n<div class=\"row row-full-width\"  id=\"row-1052966000\">\n\n\t<div id=\"col-564613774\" class=\"col medium-4 small-12 large-4\"  >\n\t\t\t\t<div class=\"col-inner\"  >\n\t\t\t\n\t\t\t\n\t<div class=\"img has-hover x md-x lg-x y md-y lg-y\" id=\"image_1148968804\">\n\t\t\t\t\t\t\t\t<div class=\"img-inner image-cover dark\" style=\"padding-top:100%;\">\n\t\t\t<img decoding=\"async\" width=\"894\" height=\"1262\" data-src=\"https:\/\/thestagdoideas.com\/wp-content\/uploads\/2024\/07\/Palma-Mallorca-Strip-Bars-img.jpg\" class=\"attachment-original size-original lazyload\" alt=\"Striscia\" data-srcset=\"https:\/\/thestagdoideas.com\/wp-content\/uploads\/2024\/07\/Palma-Mallorca-Strip-Bars-img.jpg 894w, https:\/\/thestagdoideas.com\/wp-content\/uploads\/2024\/07\/Palma-Mallorca-Strip-Bars-img-283x400.jpg 283w, https:\/\/thestagdoideas.com\/wp-content\/uploads\/2024\/07\/Palma-Mallorca-Strip-Bars-img-567x800.jpg 567w, https:\/\/thestagdoideas.com\/wp-content\/uploads\/2024\/07\/Palma-Mallorca-Strip-Bars-img-768x1084.jpg 768w, https:\/\/thestagdoideas.com\/wp-content\/uploads\/2024\/07\/Palma-Mallorca-Strip-Bars-img-9x12.jpg 9w, https:\/\/thestagdoideas.com\/wp-content\/uploads\/2024\/07\/Palma-Mallorca-Strip-Bars-img-510x720.jpg 510w, https:\/\/thestagdoideas.com\/wp-content\/uploads\/2024\/07\/Palma-Mallorca-Strip-Bars-img-354x500.jpg 354w\" data-sizes=\"(max-width: 894px) 100vw, 894px\" src=\"data:image\/gif;base64,R0lGODlhAQABAAAAACH5BAEKAAEALAAAAAABAAEAAAICTAEAOw==\" style=\"--smush-placeholder-width: 894px; --smush-placeholder-aspect-ratio: 894\/1262;\" \/>\t\t\t\t\t\t\n\t\t\t\t\t<\/div>\n\t\t\t\t\t\t\t\t\n<style>\n#image_1148968804 {\n  width: 100%;\n}\n<\/style>\n\t<\/div>\n\t\n\t\t<\/div>\n\t\t\t\t\t<\/div>\n\n\t\n\n\t<div id=\"col-72216731\" class=\"col medium-4 small-12 large-4\"  >\n\t\t\t\t<div class=\"col-inner\"  >\n\t\t\t\n\t\t\t\n\n  <div class=\"banner has-hover\" id=\"banner-939873327\">\n          <div class=\"banner-inner fill\">\n        <div class=\"banner-bg fill\" >\n            <img decoding=\"async\" width=\"790\" height=\"800\" data-src=\"https:\/\/thestagdoideas.com\/wp-content\/uploads\/2024\/07\/Palma-Nova-Strip-img-790x800.jpg\" class=\"bg attachment-large size-large lazyload\" alt=\"Striscia di Palma Nova\" src=\"data:image\/gif;base64,R0lGODlhAQABAAAAACH5BAEKAAEALAAAAAABAAEAAAICTAEAOw==\" style=\"--smush-placeholder-width: 790px; --smush-placeholder-aspect-ratio: 790\/800;\" \/>                        <div class=\"overlay\"><\/div>            \n                    <\/div>\n\t\t\n        <div class=\"banner-layers container\">\n            <div class=\"fill banner-link\"><\/div>            \n   <div id=\"text-box-1491529994\" class=\"text-box banner-layer x50 md-x50 lg-x50 y50 md-y50 lg-y50 res-text\">\n                                <div class=\"text-box-content text dark\">\n              \n              <div class=\"text-inner text-center\">\n                  \n\t<div id=\"text-3315997474\" class=\"text\">\n\t\t\n<h1 style=\"text-align: center;\"><span style=\"font-size: 85%;\"><em><strong>Strip Club Palma: <\/strong><\/em><\/span><\/h1>\n<h2 style=\"text-align: center;\"><span style=\"font-size: 85%;\"><em><strong>Divertitevi!<\/strong><\/em><\/span><\/h2>\n\t\t\n<style>\n#text-3315997474 {\n  font-size: 0.75rem;\n}\n@media (min-width:850px) {\n  #text-3315997474 {\n    font-size: 1rem;\n  }\n}\n<\/style>\n\t<\/div>\n\t\n<a data-animate=\"fadeInLeft\" href=\"https:\/\/thestagdoideas.com\/it\/attivita\/strip-club-di-mallorca\/\" class=\"button white is-xlarge\" >\n\t\t<span>prenota ora strip club mallorca<\/span>\n\t<\/a>\n\n              <\/div>\n           <\/div>\n                            \n<style>\n#text-box-1491529994 {\n  width: 86%;\n}\n#text-box-1491529994 .text-box-content {\n  font-size: 100%;\n}\n@media (min-width:550px) {\n  #text-box-1491529994 {\n    width: 60%;\n  }\n}\n<\/style>\n    <\/div>\n \n        <\/div>\n      <\/div>\n\n            \n<style>\n#banner-939873327 {\n  padding-top: 99.99%;\n}\n#banner-939873327 .overlay {\n  background-color: rgba(0,0,0,.5);\n}\n<\/style>\n  <\/div>\n\n\n\t\t<\/div>\n\t\t\t\t\t<\/div>\n\n\t\n\n\t<div id=\"col-756742188\" class=\"col medium-4 small-12 large-4\"  >\n\t\t\t\t<div class=\"col-inner\"  >\n\t\t\t\n\t\t\t\n\t<div class=\"img has-hover x md-x lg-x y md-y lg-y\" id=\"image_1894630360\">\n\t\t\t\t\t\t\t\t<div class=\"img-inner image-cover dark\" style=\"padding-top:100%;\">\n\t\t\t<img decoding=\"async\" width=\"730\" height=\"800\" data-src=\"https:\/\/thestagdoideas.com\/wp-content\/uploads\/2024\/07\/Calas-de-Mallorca-strip-img-730x800.jpg\" class=\"attachment-large size-large lazyload\" alt=\"Striscia di Calas de Mallorca\" data-srcset=\"https:\/\/thestagdoideas.com\/wp-content\/uploads\/2024\/07\/Calas-de-Mallorca-strip-img-730x800.jpg 730w, https:\/\/thestagdoideas.com\/wp-content\/uploads\/2024\/07\/Calas-de-Mallorca-strip-img-365x400.jpg 365w, https:\/\/thestagdoideas.com\/wp-content\/uploads\/2024\/07\/Calas-de-Mallorca-strip-img-768x841.jpg 768w, https:\/\/thestagdoideas.com\/wp-content\/uploads\/2024\/07\/Calas-de-Mallorca-strip-img-11x12.jpg 11w, https:\/\/thestagdoideas.com\/wp-content\/uploads\/2024\/07\/Calas-de-Mallorca-strip-img-510x559.jpg 510w, https:\/\/thestagdoideas.com\/wp-content\/uploads\/2024\/07\/Calas-de-Mallorca-strip-img-456x500.jpg 456w, https:\/\/thestagdoideas.com\/wp-content\/uploads\/2024\/07\/Calas-de-Mallorca-strip-img.jpg 1150w\" data-sizes=\"(max-width: 730px) 100vw, 730px\" src=\"data:image\/gif;base64,R0lGODlhAQABAAAAACH5BAEKAAEALAAAAAABAAEAAAICTAEAOw==\" style=\"--smush-placeholder-width: 730px; --smush-placeholder-aspect-ratio: 730\/800;\" \/>\t\t\t\t\t\t\n\t\t\t\t\t<\/div>\n\t\t\t\t\t\t\t\t\n<style>\n#image_1894630360 {\n  width: 100%;\n}\n<\/style>\n\t<\/div>\n\t\n\t\t<\/div>\n\t\t\t\t\t<\/div>\n\n\t\n<\/div>\n\t\t<\/div>\n\n\t\t\n<style>\n#section_1883176535 {\n  padding-top: 30px;\n  padding-bottom: 30px;\n}\n<\/style>\n\t<\/section>\n\t\n\n\t<section class=\"section\" id=\"section_840290076\">\n\t\t<div class=\"section-bg fill\" >\n\t\t\t\t\t\t\t\t\t\n\t\t\t\n\n\t\t<\/div>\n\n\t\t\n\n\t\t<div class=\"section-content relative\">\n\t\t\t\n<div class=\"row\"  id=\"row-1127602469\">\n\n\t<div id=\"col-206319899\" class=\"col small-12 large-12\"  >\n\t\t\t\t<div class=\"col-inner text-center\"  >\n\t\t\t\n\t\t\t\n<h3 style=\"text-align: left;\"><span style=\"font-size: 160%;\"><strong>Volete una Palma Nova Strip per il vostro addio al celibato?<\/strong><\/span><\/h3>\n<div style=\"text-align: center;\">\n<p style=\"text-align: left;\">Siete a Maiorca e volete scoprire la citt\u00e0 nel modo migliore? Abbiamo una lista per farlo bene! Allora, da <a href=\"https:\/\/thestagdoideas.com\/it\/attivita\/immersioni-a-minorca\/\">sport acquatici<\/a> e la vita notturna a <a href=\"https:\/\/thestagdoideas.com\/it\/attivita\/catamarano-privato-a-maiorca\/\">feste in catamarano<\/a>, <a href=\"https:\/\/www.majorcadailybulletin.com\/\">Maiorca<\/a> vi offre la perfetta libert\u00e0 di scegliere tra un'ampia gamma di attivit\u00e0 e, soprattutto, di esperienze. <em>E uno di questi \u00e8 <strong>Palma Nova Strip!\u00a0<\/strong><\/em><\/p>\n<p style=\"text-align: left;\">Quindi, la pianificazione di un <a href=\"https:\/\/thestagdoideas.com\/it\/addio-al-celibato-a-majorca\/\">addio al celibato a Maiorca<\/a> e siete alla ricerca di una serata indimenticabile? Non cercate altro che <strong>Strip Club Palma<\/strong>. Rinomato per la sua atmosfera vibrante, l'intrattenimento di alto livello e il servizio eccezionale.... Ti meriti questo momento eccitante e divertente con i ragazzi! Scegliete semplicemente il vostro bar, la vostra spogliarellista e il servizio che desiderate, e noi ci occuperemo del resto!<\/p>\n<h2 style=\"text-align: left;\"><strong>\ud83d\udc84\u2728 Strip bar di Palma Mallorca<\/strong><\/h2>\n<p style=\"text-align: left;\">Prima di tutto, in questo momento, lo sapete gi\u00e0... Noi vi assicuriamo davvero il massimo divertimento durante il vostro addio al celibato con tutte le nostre attivit\u00e0! Quindi, fidatevi di noi! Abbiamo le ballerine pi\u00f9 belle, talentuose e accattivanti dello spettacolo!<\/p>\n<p style=\"text-align: left;\"><strong>E c'\u00e8 di pi\u00f9!<\/strong> Offriamo una variet\u00e0 di opzioni di spettacolo con luci, temi, ballerini e performance diverse. Che siate alla ricerca di qualcosa di classico o di un po' pi\u00f9 unico, abbiamo tutto ci\u00f2 che fa per voi.<\/p>\n<p style=\"text-align: left;\">Per maggiori informazioni, <a href=\"https:\/\/thestagdoideas.com\/it\/contatto\/\">contattateci!<\/a> O semplicemente <a href=\"https:\/\/thestagdoideas.com\/it\/attivita\/strip-club-di-mallorca\/\">prenota ora la tua spogliarellista al Palma Strip Club<\/a> e preparatevi per una notte indimenticabile!<\/p>\n<p style=\"text-align: left;\">\n<\/div>\n<a href=\"https:\/\/thestagdoideas.com\/it\/attivita\/strip-club-di-mallorca\/\" class=\"button secondary\" >\n\t\t<span>prenota ora: strip club mallorca<\/span>\n\t<\/a>\n\n\t\t<\/div>\n\t\t\t\t\t<\/div>\n\n\t\n<\/div>\n\t\t<\/div>\n\n\t\t\n<style>\n#section_840290076 {\n  padding-top: 30px;\n  padding-bottom: 30px;\n}\n<\/style>\n\t<\/section>\n\t\n\n\t<section class=\"section\" id=\"section_1562184000\">\n\t\t<div class=\"section-bg fill\" >\n\t\t\t\t\t\t\t\t\t\n\t\t\t\n\n\t\t<\/div>\n\n\t\t\n\n\t\t<div class=\"section-content relative\">\n\t\t\t\n\t<div id=\"text-535701496\" class=\"text\">\n\t\t\n<h2 style=\"text-align: center;\">Strip bar di Palma di Maiorca<\/h2>\n\t\t\n<style>\n#text-535701496 {\n  font-size: 1.35rem;\n  line-height: 1.15;\n}\n<\/style>\n\t<\/div>\n\t\n<div class=\"row row-small\"  id=\"row-889354728\">\n\n\t<div id=\"col-1368088092\" class=\"col medium-4 small-12 large-4\"  >\n\t\t\t\t<div class=\"col-inner\"  >\n\t\t\t\n\t\t\t\n\t<div class=\"box has-hover   has-hover box-text-bottom\" >\n\n\t\t<div class=\"box-image\" style=\"border-radius:32%;width:71%;\">\n\t\t\t\t\t\t<div class=\"image-cover\" style=\"padding-top:100%;\">\n\t\t\t\t<img decoding=\"async\" width=\"848\" height=\"942\" data-src=\"https:\/\/thestagdoideas.com\/wp-content\/uploads\/2024\/07\/striper-mallorca-show.jpg\" class=\"attachment- size- lazyload\" alt=\"spettacolo striper mallorca\" data-srcset=\"https:\/\/thestagdoideas.com\/wp-content\/uploads\/2024\/07\/striper-mallorca-show.jpg 848w, https:\/\/thestagdoideas.com\/wp-content\/uploads\/2024\/07\/striper-mallorca-show-360x400.jpg 360w, https:\/\/thestagdoideas.com\/wp-content\/uploads\/2024\/07\/striper-mallorca-show-720x800.jpg 720w, https:\/\/thestagdoideas.com\/wp-content\/uploads\/2024\/07\/striper-mallorca-show-768x853.jpg 768w, https:\/\/thestagdoideas.com\/wp-content\/uploads\/2024\/07\/striper-mallorca-show-11x12.jpg 11w, https:\/\/thestagdoideas.com\/wp-content\/uploads\/2024\/07\/striper-mallorca-show-510x567.jpg 510w, https:\/\/thestagdoideas.com\/wp-content\/uploads\/2024\/07\/striper-mallorca-show-450x500.jpg 450w\" data-sizes=\"(max-width: 848px) 100vw, 848px\" src=\"data:image\/gif;base64,R0lGODlhAQABAAAAACH5BAEKAAEALAAAAAABAAEAAAICTAEAOw==\" style=\"--smush-placeholder-width: 848px; --smush-placeholder-aspect-ratio: 848\/942;\" \/>\t\t\t\t\t\t\t\t\t\t\t<\/div>\n\t\t\t\t\t<\/div>\n\n\t\t<div class=\"box-text text-center\" >\n\t\t\t<div class=\"box-text-inner\">\n\t\t\t\t\n\t<div id=\"gap-1809417162\" class=\"gap-element clearfix\" style=\"display:block; height:auto;\">\n\t\t\n<style>\n#gap-1809417162 {\n  padding-top: 30px;\n}\n<\/style>\n\t<\/div>\n\t\n\t\t\t<\/div>\n\t\t<\/div>\n\t<\/div>\n\t\n\t\t<\/div>\n\t\t\t\t\t<\/div>\n\n\t\n\n\t<div id=\"col-1453662110\" class=\"col medium-8 small-12 large-8\"  >\n\t\t\t\t<div class=\"col-inner text-center\"  >\n\t\t\t\n\t\t\t\n<h4 style=\"text-align: left;\"><em><strong><span style=\"font-size: 120%;\">Esclusivo Shows\u2600\ufe0f<\/span> <\/strong><\/em><\/h4>\n<p style=\"text-align: left;\">Se il vostro gruppo preferisce un'esperienza esclusiva, le nostre ragazze possono farlo! In uno spazio perfetto, con le migliori luci, un'atmosfera unica e tanto incanto! Infine, non dimenticherete questa vibrazione e non solo, lei pu\u00f2 personalizzare lo spettacolo in base alle vostre esigenze. Godetevi la performance accattivante delle nostre ragazze e non perdete altro tempo! Inoltre, un po' di divertimento non guasta, basta rilassarsi!<\/p>\n<a href=\"https:\/\/thestagdoideas.com\/it\/attivita\/strip-club-di-mallorca\/\" class=\"button primary is-outline\" >\n\t\t<span>prenota ora<\/span>\n\t<\/a>\n\n\t<div id=\"text-887059559\" class=\"text\">\n\t\t\n\t\t\n<style>\n#text-887059559 {\n  line-height: 0.75;\n  text-align: center;\n}\n<\/style>\n\t<\/div>\n\t\n\t\t<\/div>\n\t\t\t\t\t<\/div>\n\n\t\n<\/div>\n<div class=\"row row-small\"  id=\"row-1908972764\">\n\n\t<div id=\"col-242577071\" class=\"col medium-4 small-12 large-4\"  >\n\t\t\t\t<div class=\"col-inner\"  >\n\t\t\t\n\t\t\t\n\t<div class=\"box has-hover   has-hover box-text-bottom\" >\n\n\t\t<div class=\"box-image\" style=\"border-radius:32%;width:71%;\">\n\t\t\t\t\t\t<div class=\"image-cover\" style=\"padding-top:100%;\">\n\t\t\t\t<img decoding=\"async\" width=\"1006\" height=\"994\" data-src=\"https:\/\/thestagdoideas.com\/wp-content\/uploads\/2024\/07\/striper-lesbico-mallorca-show.jpg\" class=\"attachment- size- lazyload\" alt=\"spettacolo striper lesbico mallorca\" data-srcset=\"https:\/\/thestagdoideas.com\/wp-content\/uploads\/2024\/07\/striper-lesbico-mallorca-show.jpg 1006w, https:\/\/thestagdoideas.com\/wp-content\/uploads\/2024\/07\/striper-lesbico-mallorca-show-405x400.jpg 405w, https:\/\/thestagdoideas.com\/wp-content\/uploads\/2024\/07\/striper-lesbico-mallorca-show-810x800.jpg 810w, https:\/\/thestagdoideas.com\/wp-content\/uploads\/2024\/07\/striper-lesbico-mallorca-show-768x759.jpg 768w, https:\/\/thestagdoideas.com\/wp-content\/uploads\/2024\/07\/striper-lesbico-mallorca-show-12x12.jpg 12w, https:\/\/thestagdoideas.com\/wp-content\/uploads\/2024\/07\/striper-lesbico-mallorca-show-510x504.jpg 510w, https:\/\/thestagdoideas.com\/wp-content\/uploads\/2024\/07\/striper-lesbico-mallorca-show-100x100.jpg 100w, https:\/\/thestagdoideas.com\/wp-content\/uploads\/2024\/07\/striper-lesbico-mallorca-show-500x494.jpg 500w\" data-sizes=\"(max-width: 1006px) 100vw, 1006px\" src=\"data:image\/gif;base64,R0lGODlhAQABAAAAACH5BAEKAAEALAAAAAABAAEAAAICTAEAOw==\" style=\"--smush-placeholder-width: 1006px; --smush-placeholder-aspect-ratio: 1006\/994;\" \/>\t\t\t\t\t\t\t\t\t\t\t<\/div>\n\t\t\t\t\t<\/div>\n\n\t\t<div class=\"box-text text-center\" >\n\t\t\t<div class=\"box-text-inner\">\n\t\t\t\t\n\t<div id=\"gap-61958068\" class=\"gap-element clearfix\" style=\"display:block; height:auto;\">\n\t\t\n<style>\n#gap-61958068 {\n  padding-top: 30px;\n}\n<\/style>\n\t<\/div>\n\t\n\t\t\t<\/div>\n\t\t<\/div>\n\t<\/div>\n\t\n\t\t<\/div>\n\t\t\t\t\t<\/div>\n\n\t\n\n\t<div id=\"col-698849940\" class=\"col medium-8 small-12 large-8\"  >\n\t\t\t\t<div class=\"col-inner text-center\"  >\n\t\t\t\n\t\t\t\n<h4 style=\"text-align: left;\"><em><strong><span style=\"font-size: 120%;\">Scarpa particolare, spettacolo lesbico \u2600\ufe0f<\/span> <\/strong><\/em><\/h4>\n<p style=\"text-align: left;\">Ma se questo non vi basta, abbiamo un'altra eccitante opzione! Il nostro speciale spettacolo lesbico vi conquister\u00e0. Lasciate che le ragazze facciano quello che sanno fare meglio e si divertano. La loro sensualit\u00e0, il loro umorismo e il loro fascino vi lasceranno ipnotizzati. Questi spettacoli sono la ciliegina sulla torta per<strong><a href=\"https:\/\/thestagdoideas.com\/it\/\"> il vostro addio al celibato!<\/a><\/strong> Prenotate ora e rendete la vostra notte indimenticabile!<\/p>\n<a href=\"https:\/\/thestagdoideas.com\/it\/attivita\/strip-club-di-mallorca\/\" class=\"button primary is-outline\" >\n\t\t<span>prenota ora<\/span>\n\t<\/a>\n\n\t\t<\/div>\n\t\t\t\t\t<\/div>\n\n\t\n<\/div>\n<div class=\"row\"  id=\"row-1503358006\">\n\n\t<div id=\"col-1543214328\" class=\"col small-12 large-12\"  >\n\t\t\t\t<div class=\"col-inner text-center\"  >\n\t\t\t\n\t\t\t\n\t<div id=\"text-320465191\" class=\"text\">\n\t\t\n<p style=\"text-align: left;\"><em><strong><span style=\"font-size: 140%;\">Come funziona:\u00a0<\/span><\/strong><\/em><\/p>\n<ol>\n<li style=\"text-align: left;\">Prima di tutto, \u00e8 necessario sapere che <strong>\u00c8 possibile prenotare per gruppi di oltre 10 persone.<\/strong> Quindi, radunate i vostri ragazzi e date vita alla festa!<\/li>\n<li style=\"text-align: left;\">Poi, si pu\u00f2 scegliere lo Stripper Bar (se ci sono pi\u00f9 opzioni), e il tutto pu\u00f2 essere finalizzato quando si <a href=\"https:\/\/thestagdoideas.com\/it\/attivita\/strip-club-di-mallorca\/\">prenotare il servizio.<\/a><\/li>\n<li style=\"text-align: left;\">Offriamo il massimo degli spettacoli in<strong> Striscia di Palma Nova<\/strong>, compresi gli artisti e tutti i dettagli. \u00c8 possibile selezionare le ragazze e le esibizioni preferite, in modo da garantire che tutto sia personalizzato in base ai vostri gusti.<\/li>\n<li style=\"text-align: left;\">Infine, una volta che tutto \u00e8 stato organizzato, basta presentarsi al bar all'ora stabilita e il resto spetta a voi e ai vostri amici! Godetevi la serata senza problemi, perch\u00e9 ci occupiamo noi di tutti i dettagli.<\/li>\n<li style=\"text-align: left;\">Inoltre, offriamo intrattenimento di alta qualit\u00e0, opzioni VIP di lusso e attivit\u00e0 personalizzate. Contattateci e comunicateci le vostre preferenze. <strong>Festeggiare con stile<\/strong> e creare ricordi indelebili con i vostri amici godendo di tutto ci\u00f2 che il nostro club ha da offrire.<\/li>\n<\/ol>\n<p style=\"text-align: center;\"><strong>Godetevela!<\/strong><\/p>\n\t\t\n<style>\n#text-320465191 {\n  text-align: center;\n}\n<\/style>\n\t<\/div>\n\t\n<a href=\"https:\/\/thestagdoideas.com\/it\/attivita\/strip-club-di-mallorca\/\" class=\"button secondary\" >\n\t\t<span>prenota ora: strip club mallorca<\/span>\n\t<\/a>\n\n\t\t<\/div>\n\t\t\t\t\t<\/div>\n\n\t\n<\/div>\n\t\t<\/div>\n\n\t\t\n<style>\n#section_1562184000 {\n  padding-top: 30px;\n  padding-bottom: 30px;\n}\n<\/style>\n\t<\/section>\n\t\n\n\t<section class=\"section\" id=\"section_1247336229\">\n\t\t<div class=\"section-bg fill\" >\n\t\t\t\t\t\t\t\t\t\n\t\t\t\n\n\t\t<\/div>\n\n\t\t\n\n\t\t<div class=\"section-content relative\">\n\t\t\t\n\t<div id=\"text-950022231\" class=\"text\">\n\t\t\n<p style=\"text-align: center;\"><strong>CONTATTACI!<\/strong><\/p>\n\t\t\n<style>\n#text-950022231 {\n  font-size: 1.75rem;\n}\n<\/style>\n\t<\/div>\n\t\n<div class=\"row\"  id=\"row-1940671030\">\n\n\t<div id=\"col-2106504615\" class=\"col medium-6 small-12 large-6\"  >\n\t\t\t\t<div class=\"col-inner text-center\"  >\n\t\t\t\n\t\t\t\n\t<div id=\"gap-1008359462\" class=\"gap-element clearfix\" style=\"display:block; height:auto;\">\n\t\t\n<style>\n#gap-1008359462 {\n  padding-top: 100px;\n}\n<\/style>\n\t<\/div>\n\t\n\t<div class=\"img has-hover x md-x lg-x y md-y lg-y\" id=\"image_2764803\">\n\t\t\t\t\t\t\t\t<div class=\"img-inner dark\" >\n\t\t\t<img decoding=\"async\" width=\"512\" height=\"512\" data-src=\"https:\/\/thestagdoideas.com\/wp-content\/uploads\/2024\/04\/cropped-Logo_Stag_Do_Ideas_3-removebg-preview.png\" class=\"attachment-large size-large lazyload\" alt=\"Logo Idee per l&#039;addio al celibato 4\" data-srcset=\"https:\/\/thestagdoideas.com\/wp-content\/uploads\/2024\/04\/cropped-Logo_Stag_Do_Ideas_3-removebg-preview.png 512w, https:\/\/thestagdoideas.com\/wp-content\/uploads\/2024\/04\/cropped-Logo_Stag_Do_Ideas_3-removebg-preview-400x400.png 400w, https:\/\/thestagdoideas.com\/wp-content\/uploads\/2024\/04\/cropped-Logo_Stag_Do_Ideas_3-removebg-preview-280x280.png 280w, https:\/\/thestagdoideas.com\/wp-content\/uploads\/2024\/04\/cropped-Logo_Stag_Do_Ideas_3-removebg-preview-12x12.png 12w, https:\/\/thestagdoideas.com\/wp-content\/uploads\/2024\/04\/cropped-Logo_Stag_Do_Ideas_3-removebg-preview-510x510.png 510w, https:\/\/thestagdoideas.com\/wp-content\/uploads\/2024\/04\/cropped-Logo_Stag_Do_Ideas_3-removebg-preview-100x100.png 100w, https:\/\/thestagdoideas.com\/wp-content\/uploads\/2024\/04\/cropped-Logo_Stag_Do_Ideas_3-removebg-preview-500x500.png 500w, https:\/\/thestagdoideas.com\/wp-content\/uploads\/2024\/04\/cropped-Logo_Stag_Do_Ideas_3-removebg-preview-270x270.png 270w, https:\/\/thestagdoideas.com\/wp-content\/uploads\/2024\/04\/cropped-Logo_Stag_Do_Ideas_3-removebg-preview-192x192.png 192w, https:\/\/thestagdoideas.com\/wp-content\/uploads\/2024\/04\/cropped-Logo_Stag_Do_Ideas_3-removebg-preview-180x180.png 180w, https:\/\/thestagdoideas.com\/wp-content\/uploads\/2024\/04\/cropped-Logo_Stag_Do_Ideas_3-removebg-preview-32x32.png 32w\" data-sizes=\"(max-width: 512px) 100vw, 512px\" src=\"data:image\/gif;base64,R0lGODlhAQABAAAAACH5BAEKAAEALAAAAAABAAEAAAICTAEAOw==\" style=\"--smush-placeholder-width: 512px; --smush-placeholder-aspect-ratio: 512\/512;\" \/>\t\t\t\t\t\t\n\t\t\t\t\t<\/div>\n\t\t\t\t\t\t\t\t\n<style>\n#image_2764803 {\n  width: 47%;\n}\n<\/style>\n\t<\/div>\n\t\n\t\t<\/div>\n\t\t\t\t\t<\/div>\n\n\t\n\n\t<div id=\"col-288063864\" class=\"col medium-6 small-12 large-6\"  >\n\t\t\t\t<div class=\"col-inner\"  >\n\t\t\t\n\t\t\t\n\n<div class=\"wpcf7 no-js\" id=\"wpcf7-f21-o1\" lang=\"en-US\" dir=\"ltr\" data-wpcf7-id=\"21\">\n<div class=\"screen-reader-response\"><p role=\"status\" aria-live=\"polite\" aria-atomic=\"true\"><\/p> <ul><\/ul><\/div>\n<form action=\"\/it\/wp-json\/wp\/v2\/pages\/3152#wpcf7-f21-o1\" method=\"post\" class=\"wpcf7-form init\" aria-label=\"Modulo di contatto\" novalidate=\"novalidate\" data-status=\"init\" data-trp-original-action=\"\/it\/wp-json\/wp\/v2\/pages\/3152#wpcf7-f21-o1\">\n<fieldset class=\"hidden-fields-container\"><input type=\"hidden\" name=\"_wpcf7\" value=\"21\" \/><input type=\"hidden\" name=\"_wpcf7_version\" value=\"6.1.5\" \/><input type=\"hidden\" name=\"_wpcf7_locale\" value=\"en_US\" \/><input type=\"hidden\" name=\"_wpcf7_unit_tag\" value=\"wpcf7-f21-o1\" \/><input type=\"hidden\" name=\"_wpcf7_container_post\" value=\"0\" \/><input type=\"hidden\" name=\"_wpcf7_posted_data_hash\" value=\"\" \/>\n<\/fieldset>\n<p><label>Nome (obbligatorio)<\/label><br \/>\n<span class=\"wpcf7-form-control-wrap\" data-name=\"your-name\"><input size=\"40\" maxlength=\"400\" class=\"wpcf7-form-control wpcf7-text wpcf7-validates-as-required\" aria-required=\"true\" aria-invalid=\"false\" value=\"\" type=\"text\" name=\"your-name\" \/><\/span>\n<\/p>\n<p><label>Il vostro telefono (esempio +44000000000) (obbligatorio)<\/label><br \/>\n<span class=\"wpcf7-form-control-wrap\" data-name=\"Phone\"><input size=\"40\" maxlength=\"400\" class=\"wpcf7-form-control wpcf7-tel wpcf7-validates-as-required wpcf7-text wpcf7-validates-as-tel\" aria-required=\"true\" aria-invalid=\"false\" value=\"\" type=\"tel\" name=\"Phone\" \/><\/span>\n<\/p>\n<p><label>Il vostro indirizzo e-mail (obbligatorio)<\/label><br \/>\n<span class=\"wpcf7-form-control-wrap\" data-name=\"your-email\"><input size=\"40\" maxlength=\"400\" class=\"wpcf7-form-control wpcf7-email wpcf7-validates-as-required wpcf7-text wpcf7-validates-as-email\" aria-required=\"true\" aria-invalid=\"false\" value=\"\" type=\"email\" name=\"your-email\" \/><\/span>\n<\/p>\n<p><label>Messaggio (obbligatorio)<\/label><br \/>\n<span class=\"wpcf7-form-control-wrap\" data-name=\"your-message\"><textarea cols=\"40\" rows=\"10\" maxlength=\"2000\" class=\"wpcf7-form-control wpcf7-textarea\" aria-invalid=\"false\" name=\"your-message\"><\/textarea><\/span>\n<\/p>\n<p><span class=\"wpcf7-form-control-wrap\" data-name=\"acceptance-809\"><span class=\"wpcf7-form-control wpcf7-acceptance optional\"><span class=\"wpcf7-list-item\"><label><input type=\"checkbox\" name=\"acceptance-809\" value=\"1\" aria-invalid=\"false\" \/><span class=\"wpcf7-list-item-label\">Ho letto e accetto i termini e le condizioni d'uso<\/span><\/label><\/span><\/span><\/span>\n<\/p>\n<p><input class=\"wpcf7-form-control wpcf7-submit has-spinner button\" type=\"submit\" value=\"Invia\" \/>\n<\/p><div class=\"wpcf7-response-output\" aria-hidden=\"true\"><\/div>\n<input type=\"hidden\" name=\"trp-form-language\" value=\"it\"\/><\/form>\n<\/div>\n\n\t\t<\/div>\n\t\t\t\t\t<\/div>\n\n\t\n<\/div>\n\t\t<\/div>\n\n\t\t\n<style>\n#section_1247336229 {\n  padding-top: 30px;\n  padding-bottom: 30px;\n  background-color: #fcfcfc;\n}\n<\/style>\n\t<\/section>","protected":false},"excerpt":{"rendered":"","protected":false},"author":5,"featured_media":3154,"parent":0,"menu_order":2,"comment_status":"closed","ping_status":"closed","template":"page-transparent-header-light.php","meta":{"om_disable_all_campaigns":false,"_monsterinsights_skip_tracking":false,"_monsterinsights_sitenote_active":false,"_monsterinsights_sitenote_note":"","_monsterinsights_sitenote_category":0,"footnotes":""},"class_list":["post-3152","page","type-page","status-publish","has-post-thumbnail","hentry"],"aioseo_notices":[],"_links":{"self":[{"href":"https:\/\/thestagdoideas.com\/it\/wp-json\/wp\/v2\/pages\/3152","targetHints":{"allow":["GET"]}}],"collection":[{"href":"https:\/\/thestagdoideas.com\/it\/wp-json\/wp\/v2\/pages"}],"about":[{"href":"https:\/\/thestagdoideas.com\/it\/wp-json\/wp\/v2\/types\/page"}],"author":[{"embeddable":true,"href":"https:\/\/thestagdoideas.com\/it\/wp-json\/wp\/v2\/users\/5"}],"replies":[{"embeddable":true,"href":"https:\/\/thestagdoideas.com\/it\/wp-json\/wp\/v2\/comments?post=3152"}],"version-history":[{"count":22,"href":"https:\/\/thestagdoideas.com\/it\/wp-json\/wp\/v2\/pages\/3152\/revisions"}],"predecessor-version":[{"id":3180,"href":"https:\/\/thestagdoideas.com\/it\/wp-json\/wp\/v2\/pages\/3152\/revisions\/3180"}],"wp:featuredmedia":[{"embeddable":true,"href":"https:\/\/thestagdoideas.com\/it\/wp-json\/wp\/v2\/media\/3154"}],"wp:attachment":[{"href":"https:\/\/thestagdoideas.com\/it\/wp-json\/wp\/v2\/media?parent=3152"}],"curies":[{"name":"wp","href":"https:\/\/api.w.org\/{rel}","templated":true}]}}