{"id":2516,"date":"2024-05-28T11:41:06","date_gmt":"2024-05-28T11:41:06","guid":{"rendered":"https:\/\/thestagdoideas.com\/?page_id=2516"},"modified":"2024-06-21T09:06:45","modified_gmt":"2024-06-21T09:06:45","slug":"addio-al-celibato-ad-amsterdam-12","status":"publish","type":"page","link":"https:\/\/thestagdoideas.com\/it\/addio-al-celibato-ad-amsterdam-12\/","title":{"rendered":"La migliore crociera sul canale di Amsterdam"},"content":{"rendered":"<section class=\"section\" id=\"section_1380576830\">\n\t\t<div class=\"section-bg fill\" >\n\t\t\t\t\t\t\t\t\t\n\t\t\t\n\n\t\t<\/div>\n\n\t\t\n\n\t\t<div class=\"section-content relative\">\n\t\t\t\n\t<div id=\"gap-1552037972\" class=\"gap-element clearfix\" style=\"display:block; height:auto;\">\n\t\t\n<style>\n#gap-1552037972 {\n  padding-top: 96px;\n}\n@media (min-width:550px) {\n  #gap-1552037972 {\n    padding-top: 62px;\n  }\n}\n<\/style>\n\t<\/div>\n\t\n\t\t<\/div>\n\n\t\t\n<style>\n#section_1380576830 {\n  padding-top: 30px;\n  padding-bottom: 30px;\n}\n<\/style>\n\t<\/section>\n\t\n\n\t<section class=\"section\" id=\"section_552064656\">\n\t\t<div class=\"section-bg fill\" >\n\t\t\t\t\t\t\t\t\t\n\t\t\t\n\n\t\t<\/div>\n\n\t\t\n\n\t\t<div class=\"section-content relative\">\n\t\t\t\n<div class=\"row row-collapse row-full-width\"  id=\"row-924105738\">\n\n\t<div id=\"col-2004457373\" class=\"col medium-4 large-4\"  >\n\t\t\t\t<div class=\"col-inner\"  >\n\t\t\t\n\t\t\t\n\t<div class=\"img has-hover x md-x lg-x y md-y lg-y\" id=\"image_1423126373\">\n\t\t\t\t\t\t\t\t<div class=\"img-inner image-cover dark\" style=\"padding-top:56.25%;\">\n\t\t\t<img decoding=\"async\" width=\"640\" height=\"427\" data-src=\"https:\/\/thestagdoideas.com\/wp-content\/uploads\/2024\/05\/Cruise-Boat-1.jpg\" class=\"attachment-large size-large lazyload\" alt=\"crociera sul canale della citt\u00e0 di amsterdam\" data-srcset=\"https:\/\/thestagdoideas.com\/wp-content\/uploads\/2024\/05\/Cruise-Boat-1.jpg 640w, https:\/\/thestagdoideas.com\/wp-content\/uploads\/2024\/05\/Cruise-Boat-1-600x400.jpg 600w, https:\/\/thestagdoideas.com\/wp-content\/uploads\/2024\/05\/Cruise-Boat-1-18x12.jpg 18w, https:\/\/thestagdoideas.com\/wp-content\/uploads\/2024\/05\/Cruise-Boat-1-510x340.jpg 510w, https:\/\/thestagdoideas.com\/wp-content\/uploads\/2024\/05\/Cruise-Boat-1-500x334.jpg 500w\" data-sizes=\"(max-width: 640px) 100vw, 640px\" src=\"data:image\/gif;base64,R0lGODlhAQABAAAAACH5BAEKAAEALAAAAAABAAEAAAICTAEAOw==\" style=\"--smush-placeholder-width: 640px; --smush-placeholder-aspect-ratio: 640\/427;\" \/>\t\t\t\t\t\t\n\t\t\t\t\t<\/div>\n\t\t\t\t\t\t\t\t\n<style>\n#image_1423126373 {\n  width: 100%;\n}\n<\/style>\n\t<\/div>\n\t\n\t\t<\/div>\n\t\t\t\t\t<\/div>\n\n\t\n\n\t<div id=\"col-1673872627\" class=\"col medium-4 large-4\"  >\n\t\t\t\t<div class=\"col-inner\"  >\n\t\t\t\n\t\t\t\n\t<div class=\"img has-hover x md-x lg-x y md-y lg-y\" id=\"image_273276140\">\n\t\t\t\t\t\t\t\t<div class=\"img-inner image-cover dark\" style=\"padding-top:56.25%;\">\n\t\t\t<img decoding=\"async\" width=\"960\" height=\"540\" data-src=\"https:\/\/thestagdoideas.com\/wp-content\/uploads\/2024\/05\/Diseno-sin-titulo-1.jpg\" class=\"attachment-large size-large lazyload\" alt=\"I ragazzi festeggiano con le birre\" data-srcset=\"https:\/\/thestagdoideas.com\/wp-content\/uploads\/2024\/05\/Diseno-sin-titulo-1.jpg 960w, https:\/\/thestagdoideas.com\/wp-content\/uploads\/2024\/05\/Diseno-sin-titulo-1-711x400.jpg 711w, https:\/\/thestagdoideas.com\/wp-content\/uploads\/2024\/05\/Diseno-sin-titulo-1-768x432.jpg 768w, https:\/\/thestagdoideas.com\/wp-content\/uploads\/2024\/05\/Diseno-sin-titulo-1-18x10.jpg 18w, https:\/\/thestagdoideas.com\/wp-content\/uploads\/2024\/05\/Diseno-sin-titulo-1-510x287.jpg 510w, https:\/\/thestagdoideas.com\/wp-content\/uploads\/2024\/05\/Diseno-sin-titulo-1-500x281.jpg 500w\" data-sizes=\"(max-width: 960px) 100vw, 960px\" src=\"data:image\/gif;base64,R0lGODlhAQABAAAAACH5BAEKAAEALAAAAAABAAEAAAICTAEAOw==\" style=\"--smush-placeholder-width: 960px; --smush-placeholder-aspect-ratio: 960\/540;\" \/>\t\t\t\t\t\t\n\t\t\t\t\t<\/div>\n\t\t\t\t\t\t\t\t\n<style>\n#image_273276140 {\n  width: 100%;\n}\n<\/style>\n\t<\/div>\n\t\n<div class=\"row\"  id=\"row-723309337\">\n\n\t<div id=\"col-1030446774\" class=\"col small-12 large-12\"  >\n\t\t\t\t<div class=\"col-inner text-center\"  >\n\t\t\t\n\t\t\t\n<a href=\"https:\/\/thestagdoideas.com\/it\/attivita\/crociera-sui-canali-di-amsterdam\/\" class=\"button primary\" style=\"border-radius:99px;\">\n\t\t<span>Prenota ora la migliore crociera sui canali di Amsterdam<\/span>\n\t<\/a>\n\n\t\t<\/div>\n\t\t\t\t\t<\/div>\n\n\t\n<\/div>\n\t\t<\/div>\n\t\t\t\t\t<\/div>\n\n\t\n\n\t<div id=\"col-1165102869\" class=\"col medium-4 large-4\"  >\n\t\t\t\t<div class=\"col-inner\"  >\n\t\t\t\n\t\t\t\n\t<div class=\"img has-hover x md-x lg-x y md-y lg-y\" id=\"image_1092637204\">\n\t\t\t\t\t\t\t\t<div class=\"img-inner image-cover dark\" style=\"padding-top:56.25%;\">\n\t\t\t<img decoding=\"async\" width=\"640\" height=\"427\" data-src=\"https:\/\/thestagdoideas.com\/wp-content\/uploads\/2024\/05\/Cruise-Boat-Amsterdam-3.jpg\" class=\"attachment-large size-large lazyload\" alt=\"crociera sui canali di amsterdam\" data-srcset=\"https:\/\/thestagdoideas.com\/wp-content\/uploads\/2024\/05\/Cruise-Boat-Amsterdam-3.jpg 640w, https:\/\/thestagdoideas.com\/wp-content\/uploads\/2024\/05\/Cruise-Boat-Amsterdam-3-600x400.jpg 600w, https:\/\/thestagdoideas.com\/wp-content\/uploads\/2024\/05\/Cruise-Boat-Amsterdam-3-18x12.jpg 18w, https:\/\/thestagdoideas.com\/wp-content\/uploads\/2024\/05\/Cruise-Boat-Amsterdam-3-510x340.jpg 510w, https:\/\/thestagdoideas.com\/wp-content\/uploads\/2024\/05\/Cruise-Boat-Amsterdam-3-500x334.jpg 500w\" data-sizes=\"(max-width: 640px) 100vw, 640px\" src=\"data:image\/gif;base64,R0lGODlhAQABAAAAACH5BAEKAAEALAAAAAABAAEAAAICTAEAOw==\" style=\"--smush-placeholder-width: 640px; --smush-placeholder-aspect-ratio: 640\/427;\" \/>\t\t\t\t\t\t\n\t\t\t\t\t<\/div>\n\t\t\t\t\t\t\t\t\n<style>\n#image_1092637204 {\n  width: 100%;\n}\n<\/style>\n\t<\/div>\n\t\n\t\t<\/div>\n\t\t\t\t\t<\/div>\n\n\t\n<\/div>\n\t<div id=\"text-1960298825\" class=\"text\">\n\t\t\n<h1 style=\"text-align: center;\"><strong>La migliore crociera sul canale di Amsterdam<\/strong><\/h1>\n\t\t\n<style>\n#text-1960298825 {\n  font-size: 1.85rem;\n  color: rgb(0,0,0);\n}\n#text-1960298825 > * {\n  color: rgb(0,0,0);\n}\n<\/style>\n\t<\/div>\n\t\n<div class=\"row\"  id=\"row-1260938067\">\n\n\t<div id=\"col-1662466178\" class=\"col small-12 large-12\"  >\n\t\t\t\t<div class=\"col-inner text-center\"  >\n\t\t\t\n\t\t\t\n\t<div id=\"text-323663636\" class=\"text\">\n\t\t\n<h2 style=\"text-align: center;\"><b>PRENOTA ORA: Il migliore <a href=\"https:\/\/thestagdoideas.com\/it\/attivita\/crociera-sui-canali-di-amsterdam\/\">Crociera nel canale<\/a> Amsterdam<\/b><\/h2>\n<div style=\"text-align: center;\">\n<div class=\"row-fluid\">\ud83d\udee5\ufe0f Allarme festa di addio al celibato: la crociera sul canale per eccellenza <a href=\"https:\/\/www.iamsterdam.com\/es\">Amsterdam!<\/a> \ud83c\udf89<\/div>\n<div>\u00a0<\/div>\n<div class=\"row-fluid\">Allora, siete pronti a fare il vostro <a href=\"https:\/\/thestagdoideas.com\/it\/addio-al-celibato-ad-amsterdam-16\/\"><strong>FESTA DI ADDIO AL CELIBATO<\/strong> <\/a>ad Amsterdam un'esperienza indimenticabile? Allora non cercate altro che la migliore crociera sul canale di Amsterdam: \u00e8 un'esperienza da non perdere!<\/div>\n<h3><strong>Citt\u00e0 di Amsterdam <a href=\"https:\/\/thestagdoideas.com\/it\/attivita\/crociera-sui-canali-di-amsterdam\/\">Crociera nel canale<\/a><\/strong><\/h3>\n<p class=\"row-fluid\">Ecco perch\u00e9 non potete lasciarvi sfuggire questa opportunit\u00e0:<\/p>\n<ul>\n<li style=\"text-align: left;\"><strong>Amsterdam Awesomeness:<\/strong> Prima di tutto, vi trovate nell'incredibile citt\u00e0 di Amsterdam e quale modo migliore di festeggiare se non navigando tra i suoi iconici canali con il vostro equipaggio? \u00c8 un mix perfetto di avventura e relax!<\/li>\n<li style=\"text-align: left;\"><strong>Vista impareggiabile:<\/strong> In secondo luogo, non vi resta che salire a bordo della nostra incantevole barca con i vostri amici e prepararvi a rimanere sbalorditi dai meravigliosi panorami di Amsterdam. Dai monumenti storici alle gemme nascoste, vedrete tutto da una prospettiva completamente nuova.<\/li>\n<li style=\"text-align: left;\"><strong>La perfezione della festa:<\/strong> Cos\u00ec, con un'ora e mezza di pura eccitazione, il nostro <a href=\"https:\/\/thestagdoideas.com\/en\/activity\/canal-cruise-in-amsterdam\/\">Crociera in barca sul canale<\/a> promette divertimento, cultura e storia senza sosta. Inoltre, abbiamo parlato di bevande aperte e illimitate? Birra, vino, bevande analcoliche... non c'\u00e8 che l'imbarazzo della scelta!<\/li>\n<li style=\"text-align: left;\"><strong>Esperienza esclusiva:<\/strong> Inoltre, il vostro gruppo avr\u00e0 a disposizione l'intera imbarcazione, garantendo privacy e un servizio personalizzato durante tutto il viaggio. Cos\u00ec, con uno skipper e un host dedicati, ogni momento sar\u00e0 adattato al vostro divertimento.<\/li>\n<li style=\"text-align: left;\"><strong>Ritiro comodo:<\/strong> Inoltre, iniziare la vostra avventura non potrebbe essere pi\u00f9 facile: vi verremo a prendere proprio nel centro di Amsterdam, cos\u00ec potrete salire a bordo e tuffarvi direttamente nei festeggiamenti.<\/li>\n<\/ul>\n<h3><strong><em>Crociera sul canale di Amsterdam\u00a0<\/em><\/strong><\/h3>\n<p>Il <strong>Crociera sui canali di Amsterdam<\/strong> \u00e8 il modo perfetto per conoscere Amsterdam in modo autentico! Pi\u00f9 che passeggiare per la citt\u00e0 e andare direttamente nei luoghi, potrete vedere la citt\u00e0 da una prospettiva diversa! Un ricordo incredibile da creare con gli amici, no?<\/p>\n<p class=\"row-fluid\">Con bevande illimitate e ricordi in divenire, questo \u00e8 un viaggio che conserverete per sempre. Quindi, diamo il via alla festa in grande stile: prenotate subito per il <strong>La migliore crociera sul canale di Amsterdam<\/strong> ad un prezzo imbattibile! \ud83d\udee5\ufe0f\ud83c\udf89<\/p>\n<div class=\"dm-title\"><strong><strong>Diamo inizio alla festa! <\/strong><\/strong><strong style=\"color: #555555;\">Crociera sul canale di Amsterdam.<\/strong><strong><strong><br \/><\/strong><\/strong>\u00a0Siamo <a href=\"https:\/\/thestagdoideas.com\/it\/\">Idee per l'addio al celibato<\/a>. Poi, se hai qualche dubbio, contattaci! \ud83d\ude42<\/div>\n<\/div>\n<div>\u00a0<\/div>\n\t\t\n<style>\n#text-323663636 {\n  color: #272525;\n}\n#text-323663636 > * {\n  color: #272525;\n}\n<\/style>\n\t<\/div>\n\t\n<div class=\"row\"  id=\"row-601659865\">\n\n\t<div id=\"col-995818625\" class=\"col small-12 large-12\"  >\n\t\t\t\t<div class=\"col-inner text-center\"  >\n\t\t\t\n\t\t\t\n<a href=\"https:\/\/thestagdoideas.com\/it\/attivita\/crociera-sui-canali-di-amsterdam\/\" class=\"button primary\" style=\"border-radius:99px;\">\n\t\t<span>Prenota ora la migliore crociera sui canali di Amsterdam<\/span>\n\t<\/a>\n\n\t\t<\/div>\n\t\t\t\t\t<\/div>\n\n\t\n<\/div>\n\t\t<\/div>\n\t\t\t\t\t<\/div>\n\n\t\n<\/div>\n\t<div id=\"text-1759101525\" class=\"text\">\n\t\t\n<p style=\"text-align: center;\"><strong>Dubbi? Contattateci!<\/strong><\/p>\n\t\t\n<style>\n#text-1759101525 {\n  font-size: 1.9rem;\n}\n<\/style>\n\t<\/div>\n\t\n<div class=\"row\"  id=\"row-417929480\">\n\n\t<div id=\"col-1940150647\" class=\"col medium-7 small-12 large-7\"  >\n\t\t\t\t<div class=\"col-inner text-center\"  >\n\t\t\t\n\t\t\t\n\n<div class=\"wpcf7 no-js\" id=\"wpcf7-f18-o1\" lang=\"en-US\" dir=\"ltr\" data-wpcf7-id=\"18\">\n<div class=\"screen-reader-response\"><p role=\"status\" aria-live=\"polite\" aria-atomic=\"true\"><\/p> <ul><\/ul><\/div>\n<form action=\"\/it\/wp-json\/wp\/v2\/pages\/2516#wpcf7-f18-o1\" method=\"post\" class=\"wpcf7-form init\" aria-label=\"Modulo di contatto\" novalidate=\"novalidate\" data-status=\"init\" data-trp-original-action=\"\/it\/wp-json\/wp\/v2\/pages\/2516#wpcf7-f18-o1\">\n<fieldset class=\"hidden-fields-container\"><input type=\"hidden\" name=\"_wpcf7\" value=\"18\" \/><input type=\"hidden\" name=\"_wpcf7_version\" value=\"6.1.5\" \/><input type=\"hidden\" name=\"_wpcf7_locale\" value=\"en_US\" \/><input type=\"hidden\" name=\"_wpcf7_unit_tag\" value=\"wpcf7-f18-o1\" \/><input type=\"hidden\" name=\"_wpcf7_container_post\" value=\"0\" \/><input type=\"hidden\" name=\"_wpcf7_posted_data_hash\" value=\"\" \/>\n<\/fieldset>\n<div class=\"form-flat\">\n\t<p><span class=\"wpcf7-form-control-wrap\" data-name=\"your-name\"><input size=\"40\" maxlength=\"400\" class=\"wpcf7-form-control wpcf7-text wpcf7-validates-as-required\" aria-required=\"true\" aria-invalid=\"false\" placeholder=\"Nome (obbligatorio)\" value=\"\" type=\"text\" name=\"your-name\" \/><\/span>\n\t<\/p>\n\t<p><span class=\"wpcf7-form-control-wrap\" data-name=\"your-email\"><input size=\"40\" maxlength=\"400\" class=\"wpcf7-form-control wpcf7-email wpcf7-validates-as-required wpcf7-text wpcf7-validates-as-email\" aria-required=\"true\" aria-invalid=\"false\" placeholder=\"Il vostro indirizzo e-mail (obbligatorio)\" value=\"\" type=\"email\" name=\"your-email\" \/><\/span>\n\t<\/p>\n\t<p><span class=\"wpcf7-form-control-wrap\" data-name=\"your-message\"><textarea cols=\"40\" rows=\"10\" maxlength=\"2000\" class=\"wpcf7-form-control wpcf7-textarea\" aria-invalid=\"false\" placeholder=\"Messaggio (obbligatorio)\" name=\"your-message\"><\/textarea><\/span>\n\t<\/p>\n\t<p><input class=\"wpcf7-form-control wpcf7-submit has-spinner button\" type=\"submit\" value=\"Invia\" \/>\n\t<\/p>\n<\/div><div class=\"wpcf7-response-output\" aria-hidden=\"true\"><\/div>\n<input type=\"hidden\" name=\"trp-form-language\" value=\"it\"\/><\/form>\n<\/div>\n\n\n\n\t\t<\/div>\n\t\t\t\t\t<\/div>\n\n\t\n\n\t<div id=\"col-650080456\" class=\"col medium-5 small-12 large-5\"  >\n\t\t\t\t<div class=\"col-inner\"  >\n\t\t\t\n\t\t\t\n\t<div class=\"box has-hover   has-hover box-text-bottom\" >\n\n\t\t<div class=\"box-image\" style=\"width:58%;\">\n\t\t\t\t\t\t<div class=\"\" >\n\t\t\t\t<img decoding=\"async\" width=\"503\" height=\"496\" data-src=\"https:\/\/thestagdoideas.com\/wp-content\/uploads\/2024\/05\/THE-STAG-DO-LOGO-1.png\" class=\"attachment- size- lazyload\" alt=\"IL LOGO DELL&#039;ADDIO AL CELIBATO 1\" data-srcset=\"https:\/\/thestagdoideas.com\/wp-content\/uploads\/2024\/05\/THE-STAG-DO-LOGO-1.png 503w, https:\/\/thestagdoideas.com\/wp-content\/uploads\/2024\/05\/THE-STAG-DO-LOGO-1-406x400.png 406w, https:\/\/thestagdoideas.com\/wp-content\/uploads\/2024\/05\/THE-STAG-DO-LOGO-1-12x12.png 12w, https:\/\/thestagdoideas.com\/wp-content\/uploads\/2024\/05\/THE-STAG-DO-LOGO-1-100x100.png 100w, https:\/\/thestagdoideas.com\/wp-content\/uploads\/2024\/05\/THE-STAG-DO-LOGO-1-500x493.png 500w\" data-sizes=\"(max-width: 503px) 100vw, 503px\" src=\"data:image\/gif;base64,R0lGODlhAQABAAAAACH5BAEKAAEALAAAAAABAAEAAAICTAEAOw==\" style=\"--smush-placeholder-width: 503px; --smush-placeholder-aspect-ratio: 503\/496;\" \/>\t\t\t\t\t\t\t\t\t\t\t<\/div>\n\t\t\t\t\t<\/div>\n\n\t\t<div class=\"box-text text-center\" >\n\t\t\t<div class=\"box-text-inner\">\n\t\t\t\t\n<h4>Un titolo<\/h4>\n<p>Testo del riquadro immagine<\/p>\n\t\t\t<\/div>\n\t\t<\/div>\n\t<\/div>\n\t\n\t\t<\/div>\n\t\t\t\t\t<\/div>\n\n\t\n<\/div>\n\t\t<\/div>\n\n\t\t\n<style>\n#section_552064656 {\n  padding-top: 30px;\n  padding-bottom: 30px;\n}\n<\/style>\n\t<\/section>\n\t\n\n\t<section class=\"section\" id=\"section_443471603\">\n\t\t<div class=\"section-bg fill\" >\n\t\t\t\t\t\t\t\t\t<div class=\"section-bg-overlay absolute fill\"><\/div>\n\t\t\t\n\n\t\t<\/div>\n\n\t\t\n\n\t\t<div class=\"section-content relative\">\n\t\t\t\n<h2 style=\"text-align: center;\">CONTATTACI!<\/h2>\n<div class=\"row\"  id=\"row-1771443621\">\n\n\t<div id=\"col-2102923000\" class=\"col medium-6 small-12 large-6\"  >\n\t\t\t\t<div class=\"col-inner text-center\"  >\n\t\t\t\n\t\t\t\n\t<div id=\"gap-1872617470\" class=\"gap-element clearfix\" style=\"display:block; height:auto;\">\n\t\t\n<style>\n#gap-1872617470 {\n  padding-top: 100px;\n}\n<\/style>\n\t<\/div>\n\t\n\t<div class=\"img has-hover x md-x lg-x y md-y lg-y\" id=\"image_535093411\">\n\t\t\t\t\t\t\t\t<div class=\"img-inner dark\" >\n\t\t\t<img decoding=\"async\" width=\"512\" height=\"512\" data-src=\"https:\/\/thestagdoideas.com\/wp-content\/uploads\/2024\/04\/cropped-Logo_Stag_Do_Ideas_3-removebg-preview.png\" class=\"attachment-large size-large lazyload\" alt=\"Logo Idee per l&#039;addio al celibato 4\" data-srcset=\"https:\/\/thestagdoideas.com\/wp-content\/uploads\/2024\/04\/cropped-Logo_Stag_Do_Ideas_3-removebg-preview.png 512w, https:\/\/thestagdoideas.com\/wp-content\/uploads\/2024\/04\/cropped-Logo_Stag_Do_Ideas_3-removebg-preview-400x400.png 400w, https:\/\/thestagdoideas.com\/wp-content\/uploads\/2024\/04\/cropped-Logo_Stag_Do_Ideas_3-removebg-preview-280x280.png 280w, https:\/\/thestagdoideas.com\/wp-content\/uploads\/2024\/04\/cropped-Logo_Stag_Do_Ideas_3-removebg-preview-12x12.png 12w, https:\/\/thestagdoideas.com\/wp-content\/uploads\/2024\/04\/cropped-Logo_Stag_Do_Ideas_3-removebg-preview-510x510.png 510w, https:\/\/thestagdoideas.com\/wp-content\/uploads\/2024\/04\/cropped-Logo_Stag_Do_Ideas_3-removebg-preview-100x100.png 100w, https:\/\/thestagdoideas.com\/wp-content\/uploads\/2024\/04\/cropped-Logo_Stag_Do_Ideas_3-removebg-preview-500x500.png 500w, https:\/\/thestagdoideas.com\/wp-content\/uploads\/2024\/04\/cropped-Logo_Stag_Do_Ideas_3-removebg-preview-270x270.png 270w, https:\/\/thestagdoideas.com\/wp-content\/uploads\/2024\/04\/cropped-Logo_Stag_Do_Ideas_3-removebg-preview-192x192.png 192w, https:\/\/thestagdoideas.com\/wp-content\/uploads\/2024\/04\/cropped-Logo_Stag_Do_Ideas_3-removebg-preview-180x180.png 180w, https:\/\/thestagdoideas.com\/wp-content\/uploads\/2024\/04\/cropped-Logo_Stag_Do_Ideas_3-removebg-preview-32x32.png 32w\" data-sizes=\"(max-width: 512px) 100vw, 512px\" src=\"data:image\/gif;base64,R0lGODlhAQABAAAAACH5BAEKAAEALAAAAAABAAEAAAICTAEAOw==\" style=\"--smush-placeholder-width: 512px; --smush-placeholder-aspect-ratio: 512\/512;\" \/>\t\t\t\t\t\t\n\t\t\t\t\t<\/div>\n\t\t\t\t\t\t\t\t\n<style>\n#image_535093411 {\n  width: 47%;\n}\n<\/style>\n\t<\/div>\n\t\n\t\t<\/div>\n\t\t\t\t\t<\/div>\n\n\t\n\n\t<div id=\"col-993318014\" class=\"col medium-6 small-12 large-6\"  >\n\t\t\t\t<div class=\"col-inner\"  >\n\t\t\t\n\t\t\t\n\n<div class=\"wpcf7 no-js\" id=\"wpcf7-f21-o2\" lang=\"en-US\" dir=\"ltr\" data-wpcf7-id=\"21\">\n<div class=\"screen-reader-response\"><p role=\"status\" aria-live=\"polite\" aria-atomic=\"true\"><\/p> <ul><\/ul><\/div>\n<form action=\"\/it\/wp-json\/wp\/v2\/pages\/2516#wpcf7-f21-o2\" method=\"post\" class=\"wpcf7-form init\" aria-label=\"Modulo di contatto\" novalidate=\"novalidate\" data-status=\"init\" data-trp-original-action=\"\/it\/wp-json\/wp\/v2\/pages\/2516#wpcf7-f21-o2\">\n<fieldset class=\"hidden-fields-container\"><input type=\"hidden\" name=\"_wpcf7\" value=\"21\" \/><input type=\"hidden\" name=\"_wpcf7_version\" value=\"6.1.5\" \/><input type=\"hidden\" name=\"_wpcf7_locale\" value=\"en_US\" \/><input type=\"hidden\" name=\"_wpcf7_unit_tag\" value=\"wpcf7-f21-o2\" \/><input type=\"hidden\" name=\"_wpcf7_container_post\" value=\"0\" \/><input type=\"hidden\" name=\"_wpcf7_posted_data_hash\" value=\"\" \/>\n<\/fieldset>\n<p><label>Nome (obbligatorio)<\/label><br \/>\n<span class=\"wpcf7-form-control-wrap\" data-name=\"your-name\"><input size=\"40\" maxlength=\"400\" class=\"wpcf7-form-control wpcf7-text wpcf7-validates-as-required\" aria-required=\"true\" aria-invalid=\"false\" value=\"\" type=\"text\" name=\"your-name\" \/><\/span>\n<\/p>\n<p><label>Il vostro telefono (esempio +44000000000) (obbligatorio)<\/label><br \/>\n<span class=\"wpcf7-form-control-wrap\" data-name=\"Phone\"><input size=\"40\" maxlength=\"400\" class=\"wpcf7-form-control wpcf7-tel wpcf7-validates-as-required wpcf7-text wpcf7-validates-as-tel\" aria-required=\"true\" aria-invalid=\"false\" value=\"\" type=\"tel\" name=\"Phone\" \/><\/span>\n<\/p>\n<p><label>Il vostro indirizzo e-mail (obbligatorio)<\/label><br \/>\n<span class=\"wpcf7-form-control-wrap\" data-name=\"your-email\"><input size=\"40\" maxlength=\"400\" class=\"wpcf7-form-control wpcf7-email wpcf7-validates-as-required wpcf7-text wpcf7-validates-as-email\" aria-required=\"true\" aria-invalid=\"false\" value=\"\" type=\"email\" name=\"your-email\" \/><\/span>\n<\/p>\n<p><label>Messaggio (obbligatorio)<\/label><br \/>\n<span class=\"wpcf7-form-control-wrap\" data-name=\"your-message\"><textarea cols=\"40\" rows=\"10\" maxlength=\"2000\" class=\"wpcf7-form-control wpcf7-textarea\" aria-invalid=\"false\" name=\"your-message\"><\/textarea><\/span>\n<\/p>\n<p><span class=\"wpcf7-form-control-wrap\" data-name=\"acceptance-809\"><span class=\"wpcf7-form-control wpcf7-acceptance optional\"><span class=\"wpcf7-list-item\"><label><input type=\"checkbox\" name=\"acceptance-809\" value=\"1\" aria-invalid=\"false\" \/><span class=\"wpcf7-list-item-label\">Ho letto e accetto i termini e le condizioni d'uso<\/span><\/label><\/span><\/span><\/span>\n<\/p>\n<p><input class=\"wpcf7-form-control wpcf7-submit has-spinner button\" type=\"submit\" value=\"Invia\" \/>\n<\/p><div class=\"wpcf7-response-output\" aria-hidden=\"true\"><\/div>\n<input type=\"hidden\" name=\"trp-form-language\" value=\"it\"\/><\/form>\n<\/div>\n\n\t\t<\/div>\n\t\t\t\t\t<\/div>\n\n\t\n<\/div>\n\t\t<\/div>\n\n\t\t\n<style>\n#section_443471603 {\n  padding-top: 30px;\n  padding-bottom: 30px;\n  background-color: #4f4f4f;\n}\n#section_443471603 .section-bg-overlay {\n  background-color: rgba(244, 244, 244, 0.866);\n}\n<\/style>\n\t<\/section>","protected":false},"excerpt":{"rendered":"","protected":false},"author":5,"featured_media":2947,"parent":0,"menu_order":2,"comment_status":"closed","ping_status":"closed","template":"page-transparent-header-light.php","meta":{"om_disable_all_campaigns":false,"_monsterinsights_skip_tracking":false,"_monsterinsights_sitenote_active":false,"_monsterinsights_sitenote_note":"","_monsterinsights_sitenote_category":0,"footnotes":""},"class_list":["post-2516","page","type-page","status-publish","has-post-thumbnail","hentry"],"aioseo_notices":[],"_links":{"self":[{"href":"https:\/\/thestagdoideas.com\/it\/wp-json\/wp\/v2\/pages\/2516","targetHints":{"allow":["GET"]}}],"collection":[{"href":"https:\/\/thestagdoideas.com\/it\/wp-json\/wp\/v2\/pages"}],"about":[{"href":"https:\/\/thestagdoideas.com\/it\/wp-json\/wp\/v2\/types\/page"}],"author":[{"embeddable":true,"href":"https:\/\/thestagdoideas.com\/it\/wp-json\/wp\/v2\/users\/5"}],"replies":[{"embeddable":true,"href":"https:\/\/thestagdoideas.com\/it\/wp-json\/wp\/v2\/comments?post=2516"}],"version-history":[{"count":21,"href":"https:\/\/thestagdoideas.com\/it\/wp-json\/wp\/v2\/pages\/2516\/revisions"}],"predecessor-version":[{"id":2954,"href":"https:\/\/thestagdoideas.com\/it\/wp-json\/wp\/v2\/pages\/2516\/revisions\/2954"}],"wp:featuredmedia":[{"embeddable":true,"href":"https:\/\/thestagdoideas.com\/it\/wp-json\/wp\/v2\/media\/2947"}],"wp:attachment":[{"href":"https:\/\/thestagdoideas.com\/it\/wp-json\/wp\/v2\/media?parent=2516"}],"curies":[{"name":"wp","href":"https:\/\/api.w.org\/{rel}","templated":true}]}}